{"id":2814,"date":"2019-11-28T23:12:05","date_gmt":"2019-11-28T22:12:05","guid":{"rendered":"https:\/\/enext.es\/?page_id=2814"},"modified":"2020-01-16T16:17:14","modified_gmt":"2020-01-16T15:17:14","slug":"home","status":"publish","type":"page","link":"https:\/\/enext.es\/ca\/","title":{"rendered":"Inici"},"content":{"rendered":"<div class=\"wpb-content-wrapper\"><p>[vc_row full_width=&#8221;stretch_row_content&#8221; content_placement=&#8221;middle&#8221;][vc_column width=&#8221;1\/2&#8243;][tm_spacer size=&#8221;lg:90&#8243;][tm_image align=&#8221;right&#8221; xs_align=&#8221;center&#8221; image=&#8221;2313&#8243;][tm_spacer size=&#8221;lg:20&#8243;][\/vc_column][vc_column width=&#8221;1\/2&#8243;][vc_row_inner lg_spacing=&#8221;padding_left:100&#8243; md_spacing=&#8221;padding_left:80&#8243; sm_spacing=&#8221;padding_left:15&#8243; max_width=&#8221;600px&#8221;][vc_column_inner][tm_spacer size=&#8221;lg:90&#8243;][tm_heading custom_google_font=&#8221;&#8221; text_transform=&#8221;uppercase&#8221; text_color=&#8221;custom&#8221; custom_text_color=&#8221;#7a8a9e&#8221; text=&#8221;Sobre nosaltres&#8221; font_size=&#8221;lg:14&#8243; letter_spacing=&#8221;3px&#8221;][tm_spacer size=&#8221;lg:20&#8243;][tm_heading custom_google_font=&#8221;&#8221; text=&#8221;Especialistes en el disseny i construcci\u00f3 d&#8217;instal\u00b7lacions per a la ind\u00fastria farmac\u00e8utica&#8221; font_size=&#8221;lg:36&#8243;][tm_spacer size=&#8221;lg:40&#8243;][tm_heading tag=&#8221;div&#8221; custom_google_font=&#8221;&#8221; text=&#8221;Des de la seva creaci\u00f3 al 2009 a Barcelona, i gr\u00e0cies a un equip amb \u00e0mplia experi\u00e8ncia en el sector farmac\u00e8utic i biotecnol\u00f2gic, a ENEXT hem dut a terme m\u00e9s de 60 projectes claus en m\u00e0, incloent-hi diverses plantes completes de nova construcci\u00f3.&#8221; font_size=&#8221;lg:16&#8243;][tm_spacer size=&#8221;lg:45&#8243;][tm_button style=&#8221;border-text&#8221; button=&#8221;url:https%3A%2F%2Fenext.es%2Fca%2Fsobre-nosaltres|title:M%C3%A9s%20sobre%20nosaltres||&#8221;][tm_spacer size=&#8221;lg:90&#8243;][\/vc_column_inner][\/vc_row_inner][\/vc_column][\/vc_row][vc_row full_width=&#8221;stretch_row&#8221; background_color=&#8221;primary&#8221; lg_spacing=&#8221;padding_top:30;padding_bottom:30&#8243;][vc_column][vc_column_text]<\/p>\n<p class=\"p1\" style=\"text-align: center; color: #fff;\"><span class=\"s1\"><b style=\"color: #fff;\">No dubti a posar-se en contacte amb nosaltres <\/b> al tel\u00e8fon +34 931 595 971 o en el correu electr\u00f2nic <\/span><a style=\"color: #fff; text-decoration: underline;\" href=\"clients@enext.es\"><span class=\"s2\">clients@enext.es<\/span><\/a><\/p>\n<p>[\/vc_column_text][\/vc_column][\/vc_row][vc_row full_width=&#8221;stretch_row&#8221; lg_spacing=&#8221;padding_top:110;padding_bottom:70&#8243;][vc_column][tm_heading custom_google_font=&#8221;&#8221; text_transform=&#8221;uppercase&#8221; align=&#8221;center&#8221; text_color=&#8221;custom&#8221; custom_text_color=&#8221;#7a8a9e&#8221; text=&#8221;Valors&#8221; font_size=&#8221;lg:14&#8243; letter_spacing=&#8221;3px&#8221;][tm_spacer size=&#8221;lg:20&#8243;][tm_heading custom_google_font=&#8221;&#8221; align=&#8221;center&#8221; text=&#8221;Perqu\u00e8 som diferents?&#8221; font_size=&#8221;lg:36&#8243;][tm_spacer size=&#8221;lg:27&#8243;][tm_heading tag=&#8221;div&#8221; custom_google_font=&#8221;&#8221; align=&#8221;center&#8221; text=&#8221;A Enext treballem amb efic\u00e0cia i rigor, som flexibles, fiables i treballem dedicats als nostres clients.&#8221; font_size=&#8221;lg:18&#8243; max_width=&#8221;770px&#8221;][\/vc_column][\/vc_row][vc_row full_width=&#8221;stretch_row&#8221; background_size=&#8221;auto&#8221; background_image=&#8221;2729&#8243; background_position=&#8221;center top&#8221; lg_spacing=&#8221;padding_bottom:120&#8243;][vc_column][tm_gradation list_style=&#8221;with_image&#8221; items=&#8221;%5B%7B%22image%22%3A%222613%22%2C%22title%22%3A%22Qualitat%22%2C%22text%22%3A%22Executem%20els%20projectes%20amb%20un%20alt%20est%C3%A0ndard%20de%20qualitat%20respectant%20els%20termes%20establerts%20de%20temps%20i%20costos%2C%20ajustant-nos%20a%20les%20necessitats%20reals%20del%20nostre%20client.%22%7D%2C%7B%22image%22%3A%222718%22%2C%22title%22%3A%22Fiabilitat%22%2C%22text%22%3A%22La%20nostra%20experi%C3%A8ncia%20permet%20als%20nostres%20clients%20evitar%20retards%20i%20reduir%20riscos.%22%7D%2C%7B%22image%22%3A%222359%22%2C%22title%22%3A%22Flexibilitat%22%2C%22text%22%3A%22La%20grand%C3%A0ria%20de%20la%20nostra%20empresa%20i%20la%20nostra%20manera%20de%20treballar%20ens%20dota%20d&#8217;una%20major%20capacitat%20d&#8217;adaptaci%C3%B3%20a%20les%20necessitats%20dels%20nostres%20clients%20davant%20de%20la%20nostra%20compet%C3%A8ncia.%22%7D%2C%7B%22image%22%3A%222361%22%2C%22title%22%3A%22Comprom%C3%ADs%22%2C%22text%22%3A%22Respectem%20els%20terminis%20i%20pressupostos%20acordats%20duent%20a%20terme%20els%20projectes%20amb%20la%20qualitat%20exigida.%22%7D%5D&#8221;][\/vc_column][\/vc_row]<\/p>\n<\/div>","protected":false},"excerpt":{"rendered":"<p>[vc_row full_width=&#8221;stretch_row_content&#8221; content_placement=&#8221;middle&#8221;][vc_column width=&#8221;1\/2&#8243;][tm_spacer size=&#8221;lg:90&#8243;][tm_image align=&#8221;right&#8221; xs_align=&#8221;center&#8221; image=&#8221;2313&#8243;][tm_spacer size=&#8221;lg:20&#8243;][\/vc_column][vc_column width=&#8221;1\/2&#8243;][vc_row_inner lg_spacing=&#8221;padding_left:100&#8243; md_spacing=&#8221;padding_left:80&#8243; sm_spacing=&#8221;padding_left:15&#8243; max_width=&#8221;600px&#8221;][vc_column_inner][tm_spacer size=&#8221;lg:90&#8243;][tm_heading custom_google_font=&#8221;&#8221; text_transform=&#8221;uppercase&#8221; text_color=&#8221;custom&#8221; custom_text_color=&#8221;#7a8a9e&#8221; text=&#8221;Sobre nosaltres&#8221; font_size=&#8221;lg:14&#8243; letter_spacing=&#8221;3px&#8221;][tm_spacer size=&#8221;lg:20&#8243;][tm_heading custom_google_font=&#8221;&#8221; text=&#8221;Especialistes en el disseny i construcci\u00f3 d&#8217;instal\u00b7lacions per a la ind\u00fastria farmac\u00e8utica&#8221; font_size=&#8221;lg:36&#8243;][tm_spacer size=&#8221;lg:40&#8243;][tm_heading tag=&#8221;div&#8221; custom_google_font=&#8221;&#8221; text=&#8221;Des de la seva creaci\u00f3 al 2009 a Barcelona, i gr\u00e0cies a un equip amb \u00e0mplia experi\u00e8ncia en el sector farmac\u00e8utic i biotecnol\u00f2gic, a ENEXT hem dut a terme m\u00e9s de 60 projectes claus en m\u00e0, incloent-hi diverses plantes completes de nova construcci\u00f3.&#8221; font_size=&#8221;lg:16&#8243;][tm_spacer size=&#8221;lg:45&#8243;][tm_button style=&#8221;border-text&#8221; button=&#8221;url:https%3A%2F%2Fenext.es%2Fca%2Fsobre-nosaltres|title:M%C3%A9s%20sobre%20nosaltres||&#8221;][tm_spacer size=&#8221;lg:90&#8243;][\/vc_column_inner][\/vc_row_inner][\/vc_column][\/vc_row][vc_row full_width=&#8221;stretch_row&#8221; background_color=&#8221;primary&#8221; lg_spacing=&#8221;padding_top:30;padding_bottom:30&#8243;][vc_column][vc_column_text] No dubti a posar-se en contacte amb nosaltres al tel\u00e8fon +34 931 595 971 o en el correu electr\u00f2nic clients@enext.es [\/vc_column_text][\/vc_column][\/vc_row][vc_row full_width=&#8221;stretch_row&#8221; lg_spacing=&#8221;padding_top:110;padding_bottom:70&#8243;][vc_column][tm_heading custom_google_font=&#8221;&#8221; text_transform=&#8221;uppercase&#8221; align=&#8221;center&#8221; text_color=&#8221;custom&#8221; custom_text_color=&#8221;#7a8a9e&#8221; text=&#8221;Valors&#8221; font_size=&#8221;lg:14&#8243; letter_spacing=&#8221;3px&#8221;][tm_spacer size=&#8221;lg:20&#8243;][tm_heading custom_google_font=&#8221;&#8221; align=&#8221;center&#8221; text=&#8221;Perqu\u00e8 som diferents?&#8221; font_size=&#8221;lg:36&#8243;][tm_spacer size=&#8221;lg:27&#8243;][tm_heading tag=&#8221;div&#8221; custom_google_font=&#8221;&#8221; align=&#8221;center&#8221; text=&#8221;A Enext treballem amb efic\u00e0cia i rigor, som flexibles, fiables i treballem dedicats als nostres clients.&#8221; font_size=&#8221;lg:18&#8243; max_width=&#8221;770px&#8221;][\/vc_column][\/vc_row][vc_row full_width=&#8221;stretch_row&#8221; background_size=&#8221;auto&#8221; background_image=&#8221;2729&#8243; background_position=&#8221;center top&#8221; lg_spacing=&#8221;padding_bottom:120&#8243;][vc_column][tm_gradation list_style=&#8221;with_image&#8221; items=&#8221;%5B%7B%22image%22%3A%222613%22%2C%22title%22%3A%22Qualitat%22%2C%22text%22%3A%22Executem%20els%20projectes%20amb%20un%20alt%20est%C3%A0ndard%20de%20qualitat%20respectant%20els%20termes%20establerts%20de%20temps%20i%20costos%2C%20ajustant-nos%20a%20les%20necessitats%20reals%20del%20nostre%20client.%22%7D%2C%7B%22image%22%3A%222718%22%2C%22title%22%3A%22Fiabilitat%22%2C%22text%22%3A%22La%20nostra%20experi%C3%A8ncia%20permet%20als%20nostres%20clients%20evitar%20retards%20i%20reduir%20riscos.%22%7D%2C%7B%22image%22%3A%222359%22%2C%22title%22%3A%22Flexibilitat%22%2C%22text%22%3A%22La%20grand%C3%A0ria%20de%20la%20nostra%20empresa%20i%20la%20nostra%20manera%20de%20treballar%20ens%20dota%20d&#8217;una%20major%20capacitat%20d&#8217;adaptaci%C3%B3%20a%20les%20necessitats%20dels%20nostres%20clients%20davant%20de%20la%20nostra%20compet%C3%A8ncia.%22%7D%2C%7B%22image%22%3A%222361%22%2C%22title%22%3A%22Comprom%C3%ADs%22%2C%22text%22%3A%22Respectem%20els%20terminis%20i%20pressupostos%20acordats%20duent%20a%20terme%20els%20projectes%20amb%20la%20qualitat%20exigida.%22%7D%5D&#8221;][\/vc_column][\/vc_row]<\/p>\n","protected":false},"author":2,"featured_media":0,"parent":0,"menu_order":0,"comment_status":"closed","ping_status":"closed","template":"","meta":{"footnotes":""},"class_list":["post-2814","page","type-page","status-publish","hentry"],"yoast_head":"<!-- This site is optimized with the Yoast SEO plugin v23.4 - https:\/\/yoast.com\/wordpress\/plugins\/seo\/ -->\n<title>Inici | Enext<\/title>\n<meta name=\"robots\" content=\"index, follow, max-snippet:-1, max-image-preview:large, max-video-preview:-1\" \/>\n<link rel=\"canonical\" href=\"https:\/\/enext.es\/ca\/\" \/>\n<meta property=\"og:locale\" content=\"ca_ES\" \/>\n<meta property=\"og:type\" content=\"article\" \/>\n<meta property=\"og:title\" content=\"Inici | Enext\" \/>\n<meta property=\"og:description\" content=\"[vc_row full_width=&#8221;stretch_row_content&#8221; content_placement=&#8221;middle&#8221;][vc_column width=&#8221;1\/2&#8243;][tm_spacer size=&#8221;lg:90&#8243;][tm_image align=&#8221;right&#8221; xs_align=&#8221;center&#8221; image=&#8221;2313&#8243;][tm_spacer size=&#8221;lg:20&#8243;][\/vc_column][vc_column width=&#8221;1\/2&#8243;][vc_row_inner lg_spacing=&#8221;padding_left:100&#8243; md_spacing=&#8221;padding_left:80&#8243; sm_spacing=&#8221;padding_left:15&#8243; max_width=&#8221;600px&#8221;][vc_column_inner][tm_spacer size=&#8221;lg:90&#8243;][tm_heading custom_google_font=&#8221;&#8221; text_transform=&#8221;uppercase&#8221; text_color=&#8221;custom&#8221; custom_text_color=&#8221;#7a8a9e&#8221; text=&#8221;Sobre nosaltres&#8221; font_size=&#8221;lg:14&#8243; letter_spacing=&#8221;3px&#8221;][tm_spacer size=&#8221;lg:20&#8243;][tm_heading custom_google_font=&#8221;&#8221; text=&#8221;Especialistes en el disseny i construcci\u00f3 d&#8217;instal\u00b7lacions per a la ind\u00fastria farmac\u00e8utica&#8221; font_size=&#8221;lg:36&#8243;][tm_spacer size=&#8221;lg:40&#8243;][tm_heading tag=&#8221;div&#8221; custom_google_font=&#8221;&#8221; text=&#8221;Des de la seva creaci\u00f3 al 2009 a Barcelona, i gr\u00e0cies a un equip amb \u00e0mplia experi\u00e8ncia en el sector farmac\u00e8utic i biotecnol\u00f2gic, a ENEXT hem dut a terme m\u00e9s de 60 projectes claus en m\u00e0, incloent-hi diverses plantes completes de nova construcci\u00f3.&#8221; font_size=&#8221;lg:16&#8243;][tm_spacer size=&#8221;lg:45&#8243;][tm_button style=&#8221;border-text&#8221; button=&#8221;url:https%3A%2F%2Fenext.es%2Fca%2Fsobre-nosaltres|title:M%C3%A9s%20sobre%20nosaltres||&#8221;][tm_spacer size=&#8221;lg:90&#8243;][\/vc_column_inner][\/vc_row_inner][\/vc_column][\/vc_row][vc_row full_width=&#8221;stretch_row&#8221; background_color=&#8221;primary&#8221; lg_spacing=&#8221;padding_top:30;padding_bottom:30&#8243;][vc_column][vc_column_text] No dubti a posar-se en contacte amb nosaltres al tel\u00e8fon +34 931 595 971 o en el correu electr\u00f2nic clients@enext.es [\/vc_column_text][\/vc_column][\/vc_row][vc_row full_width=&#8221;stretch_row&#8221; lg_spacing=&#8221;padding_top:110;padding_bottom:70&#8243;][vc_column][tm_heading custom_google_font=&#8221;&#8221; text_transform=&#8221;uppercase&#8221; align=&#8221;center&#8221; text_color=&#8221;custom&#8221; custom_text_color=&#8221;#7a8a9e&#8221; text=&#8221;Valors&#8221; font_size=&#8221;lg:14&#8243; letter_spacing=&#8221;3px&#8221;][tm_spacer size=&#8221;lg:20&#8243;][tm_heading custom_google_font=&#8221;&#8221; align=&#8221;center&#8221; text=&#8221;Perqu\u00e8 som diferents?&#8221; font_size=&#8221;lg:36&#8243;][tm_spacer size=&#8221;lg:27&#8243;][tm_heading tag=&#8221;div&#8221; custom_google_font=&#8221;&#8221; align=&#8221;center&#8221; text=&#8221;A Enext treballem amb efic\u00e0cia i rigor, som flexibles, fiables i treballem dedicats als nostres clients.&#8221; font_size=&#8221;lg:18&#8243; max_width=&#8221;770px&#8221;][\/vc_column][\/vc_row][vc_row full_width=&#8221;stretch_row&#8221; background_size=&#8221;auto&#8221; background_image=&#8221;2729&#8243; background_position=&#8221;center top&#8221; lg_spacing=&#8221;padding_bottom:120&#8243;][vc_column][tm_gradation list_style=&#8221;with_image&#8221; items=&#8221;%5B%7B%22image%22%3A%222613%22%2C%22title%22%3A%22Qualitat%22%2C%22text%22%3A%22Executem%20els%20projectes%20amb%20un%20alt%20est%C3%A0ndard%20de%20qualitat%20respectant%20els%20termes%20establerts%20de%20temps%20i%20costos%2C%20ajustant-nos%20a%20les%20necessitats%20reals%20del%20nostre%20client.%22%7D%2C%7B%22image%22%3A%222718%22%2C%22title%22%3A%22Fiabilitat%22%2C%22text%22%3A%22La%20nostra%20experi%C3%A8ncia%20permet%20als%20nostres%20clients%20evitar%20retards%20i%20reduir%20riscos.%22%7D%2C%7B%22image%22%3A%222359%22%2C%22title%22%3A%22Flexibilitat%22%2C%22text%22%3A%22La%20grand%C3%A0ria%20de%20la%20nostra%20empresa%20i%20la%20nostra%20manera%20de%20treballar%20ens%20dota%20d&#8217;una%20major%20capacitat%20d&#8217;adaptaci%C3%B3%20a%20les%20necessitats%20dels%20nostres%20clients%20davant%20de%20la%20nostra%20compet%C3%A8ncia.%22%7D%2C%7B%22image%22%3A%222361%22%2C%22title%22%3A%22Comprom%C3%ADs%22%2C%22text%22%3A%22Respectem%20els%20terminis%20i%20pressupostos%20acordats%20duent%20a%20terme%20els%20projectes%20amb%20la%20qualitat%20exigida.%22%7D%5D&#8221;][\/vc_column][\/vc_row]\" \/>\n<meta property=\"og:url\" content=\"https:\/\/enext.es\/ca\/\" \/>\n<meta property=\"og:site_name\" content=\"Enext\" \/>\n<meta property=\"article:modified_time\" content=\"2020-01-16T15:17:14+00:00\" \/>\n<meta name=\"twitter:card\" content=\"summary_large_image\" \/>\n<meta name=\"twitter:label1\" content=\"Temps estimat de lectura\" \/>\n\t<meta name=\"twitter:data1\" content=\"3 minuts\" \/>\n<script type=\"application\/ld+json\" class=\"yoast-schema-graph\">{\"@context\":\"https:\/\/schema.org\",\"@graph\":[{\"@type\":\"WebPage\",\"@id\":\"https:\/\/enext.es\/ca\/\",\"url\":\"https:\/\/enext.es\/ca\/\",\"name\":\"Inici | Enext\",\"isPartOf\":{\"@id\":\"https:\/\/enext.es\/#website\"},\"datePublished\":\"2019-11-28T22:12:05+00:00\",\"dateModified\":\"2020-01-16T15:17:14+00:00\",\"breadcrumb\":{\"@id\":\"https:\/\/enext.es\/ca\/#breadcrumb\"},\"inLanguage\":\"ca\",\"potentialAction\":[{\"@type\":\"ReadAction\",\"target\":[\"https:\/\/enext.es\/ca\/\"]}]},{\"@type\":\"BreadcrumbList\",\"@id\":\"https:\/\/enext.es\/ca\/#breadcrumb\",\"itemListElement\":[{\"@type\":\"ListItem\",\"position\":1,\"name\":\"Portada\",\"item\":\"https:\/\/enext.es\/ca\/\"},{\"@type\":\"ListItem\",\"position\":2,\"name\":\"Inici\"}]},{\"@type\":\"WebSite\",\"@id\":\"https:\/\/enext.es\/#website\",\"url\":\"https:\/\/enext.es\/\",\"name\":\"Enext\",\"description\":\"Design and construction for the pharmaceutical industry\",\"publisher\":{\"@id\":\"https:\/\/enext.es\/#organization\"},\"potentialAction\":[{\"@type\":\"SearchAction\",\"target\":{\"@type\":\"EntryPoint\",\"urlTemplate\":\"https:\/\/enext.es\/?s={search_term_string}\"},\"query-input\":{\"@type\":\"PropertyValueSpecification\",\"valueRequired\":true,\"valueName\":\"search_term_string\"}}],\"inLanguage\":\"ca\"},{\"@type\":\"Organization\",\"@id\":\"https:\/\/enext.es\/#organization\",\"name\":\"Enext\",\"url\":\"https:\/\/enext.es\/\",\"logo\":{\"@type\":\"ImageObject\",\"inLanguage\":\"ca\",\"@id\":\"https:\/\/enext.es\/#\/schema\/logo\/image\/\",\"url\":\"https:\/\/enext.es\/wp-content\/uploads\/2018\/10\/Enex-we-know-how-logo-retina.png\",\"contentUrl\":\"https:\/\/enext.es\/wp-content\/uploads\/2018\/10\/Enex-we-know-how-logo-retina.png\",\"width\":410,\"height\":117,\"caption\":\"Enext\"},\"image\":{\"@id\":\"https:\/\/enext.es\/#\/schema\/logo\/image\/\"},\"sameAs\":[\"https:\/\/www.linkedin.com\/company\/enext\"]}]}<\/script>\n<!-- \/ Yoast SEO plugin. -->","yoast_head_json":{"title":"Inici | Enext","robots":{"index":"index","follow":"follow","max-snippet":"max-snippet:-1","max-image-preview":"max-image-preview:large","max-video-preview":"max-video-preview:-1"},"canonical":"https:\/\/enext.es\/ca\/","og_locale":"ca_ES","og_type":"article","og_title":"Inici | Enext","og_description":"[vc_row full_width=&#8221;stretch_row_content&#8221; content_placement=&#8221;middle&#8221;][vc_column width=&#8221;1\/2&#8243;][tm_spacer size=&#8221;lg:90&#8243;][tm_image align=&#8221;right&#8221; xs_align=&#8221;center&#8221; image=&#8221;2313&#8243;][tm_spacer size=&#8221;lg:20&#8243;][\/vc_column][vc_column width=&#8221;1\/2&#8243;][vc_row_inner lg_spacing=&#8221;padding_left:100&#8243; md_spacing=&#8221;padding_left:80&#8243; sm_spacing=&#8221;padding_left:15&#8243; max_width=&#8221;600px&#8221;][vc_column_inner][tm_spacer size=&#8221;lg:90&#8243;][tm_heading custom_google_font=&#8221;&#8221; text_transform=&#8221;uppercase&#8221; text_color=&#8221;custom&#8221; custom_text_color=&#8221;#7a8a9e&#8221; text=&#8221;Sobre nosaltres&#8221; font_size=&#8221;lg:14&#8243; letter_spacing=&#8221;3px&#8221;][tm_spacer size=&#8221;lg:20&#8243;][tm_heading custom_google_font=&#8221;&#8221; text=&#8221;Especialistes en el disseny i construcci\u00f3 d&#8217;instal\u00b7lacions per a la ind\u00fastria farmac\u00e8utica&#8221; font_size=&#8221;lg:36&#8243;][tm_spacer size=&#8221;lg:40&#8243;][tm_heading tag=&#8221;div&#8221; custom_google_font=&#8221;&#8221; text=&#8221;Des de la seva creaci\u00f3 al 2009 a Barcelona, i gr\u00e0cies a un equip amb \u00e0mplia experi\u00e8ncia en el sector farmac\u00e8utic i biotecnol\u00f2gic, a ENEXT hem dut a terme m\u00e9s de 60 projectes claus en m\u00e0, incloent-hi diverses plantes completes de nova construcci\u00f3.&#8221; font_size=&#8221;lg:16&#8243;][tm_spacer size=&#8221;lg:45&#8243;][tm_button style=&#8221;border-text&#8221; button=&#8221;url:https%3A%2F%2Fenext.es%2Fca%2Fsobre-nosaltres|title:M%C3%A9s%20sobre%20nosaltres||&#8221;][tm_spacer size=&#8221;lg:90&#8243;][\/vc_column_inner][\/vc_row_inner][\/vc_column][\/vc_row][vc_row full_width=&#8221;stretch_row&#8221; background_color=&#8221;primary&#8221; lg_spacing=&#8221;padding_top:30;padding_bottom:30&#8243;][vc_column][vc_column_text] No dubti a posar-se en contacte amb nosaltres al tel\u00e8fon +34 931 595 971 o en el correu electr\u00f2nic clients@enext.es [\/vc_column_text][\/vc_column][\/vc_row][vc_row full_width=&#8221;stretch_row&#8221; lg_spacing=&#8221;padding_top:110;padding_bottom:70&#8243;][vc_column][tm_heading custom_google_font=&#8221;&#8221; text_transform=&#8221;uppercase&#8221; align=&#8221;center&#8221; text_color=&#8221;custom&#8221; custom_text_color=&#8221;#7a8a9e&#8221; text=&#8221;Valors&#8221; font_size=&#8221;lg:14&#8243; letter_spacing=&#8221;3px&#8221;][tm_spacer size=&#8221;lg:20&#8243;][tm_heading custom_google_font=&#8221;&#8221; align=&#8221;center&#8221; text=&#8221;Perqu\u00e8 som diferents?&#8221; font_size=&#8221;lg:36&#8243;][tm_spacer size=&#8221;lg:27&#8243;][tm_heading tag=&#8221;div&#8221; custom_google_font=&#8221;&#8221; align=&#8221;center&#8221; text=&#8221;A Enext treballem amb efic\u00e0cia i rigor, som flexibles, fiables i treballem dedicats als nostres clients.&#8221; font_size=&#8221;lg:18&#8243; max_width=&#8221;770px&#8221;][\/vc_column][\/vc_row][vc_row full_width=&#8221;stretch_row&#8221; background_size=&#8221;auto&#8221; background_image=&#8221;2729&#8243; background_position=&#8221;center top&#8221; lg_spacing=&#8221;padding_bottom:120&#8243;][vc_column][tm_gradation list_style=&#8221;with_image&#8221; items=&#8221;%5B%7B%22image%22%3A%222613%22%2C%22title%22%3A%22Qualitat%22%2C%22text%22%3A%22Executem%20els%20projectes%20amb%20un%20alt%20est%C3%A0ndard%20de%20qualitat%20respectant%20els%20termes%20establerts%20de%20temps%20i%20costos%2C%20ajustant-nos%20a%20les%20necessitats%20reals%20del%20nostre%20client.%22%7D%2C%7B%22image%22%3A%222718%22%2C%22title%22%3A%22Fiabilitat%22%2C%22text%22%3A%22La%20nostra%20experi%C3%A8ncia%20permet%20als%20nostres%20clients%20evitar%20retards%20i%20reduir%20riscos.%22%7D%2C%7B%22image%22%3A%222359%22%2C%22title%22%3A%22Flexibilitat%22%2C%22text%22%3A%22La%20grand%C3%A0ria%20de%20la%20nostra%20empresa%20i%20la%20nostra%20manera%20de%20treballar%20ens%20dota%20d&#8217;una%20major%20capacitat%20d&#8217;adaptaci%C3%B3%20a%20les%20necessitats%20dels%20nostres%20clients%20davant%20de%20la%20nostra%20compet%C3%A8ncia.%22%7D%2C%7B%22image%22%3A%222361%22%2C%22title%22%3A%22Comprom%C3%ADs%22%2C%22text%22%3A%22Respectem%20els%20terminis%20i%20pressupostos%20acordats%20duent%20a%20terme%20els%20projectes%20amb%20la%20qualitat%20exigida.%22%7D%5D&#8221;][\/vc_column][\/vc_row]","og_url":"https:\/\/enext.es\/ca\/","og_site_name":"Enext","article_modified_time":"2020-01-16T15:17:14+00:00","twitter_card":"summary_large_image","twitter_misc":{"Temps estimat de lectura":"3 minuts"},"schema":{"@context":"https:\/\/schema.org","@graph":[{"@type":"WebPage","@id":"https:\/\/enext.es\/ca\/","url":"https:\/\/enext.es\/ca\/","name":"Inici | Enext","isPartOf":{"@id":"https:\/\/enext.es\/#website"},"datePublished":"2019-11-28T22:12:05+00:00","dateModified":"2020-01-16T15:17:14+00:00","breadcrumb":{"@id":"https:\/\/enext.es\/ca\/#breadcrumb"},"inLanguage":"ca","potentialAction":[{"@type":"ReadAction","target":["https:\/\/enext.es\/ca\/"]}]},{"@type":"BreadcrumbList","@id":"https:\/\/enext.es\/ca\/#breadcrumb","itemListElement":[{"@type":"ListItem","position":1,"name":"Portada","item":"https:\/\/enext.es\/ca\/"},{"@type":"ListItem","position":2,"name":"Inici"}]},{"@type":"WebSite","@id":"https:\/\/enext.es\/#website","url":"https:\/\/enext.es\/","name":"Enext","description":"Design and construction for the pharmaceutical industry","publisher":{"@id":"https:\/\/enext.es\/#organization"},"potentialAction":[{"@type":"SearchAction","target":{"@type":"EntryPoint","urlTemplate":"https:\/\/enext.es\/?s={search_term_string}"},"query-input":{"@type":"PropertyValueSpecification","valueRequired":true,"valueName":"search_term_string"}}],"inLanguage":"ca"},{"@type":"Organization","@id":"https:\/\/enext.es\/#organization","name":"Enext","url":"https:\/\/enext.es\/","logo":{"@type":"ImageObject","inLanguage":"ca","@id":"https:\/\/enext.es\/#\/schema\/logo\/image\/","url":"https:\/\/enext.es\/wp-content\/uploads\/2018\/10\/Enex-we-know-how-logo-retina.png","contentUrl":"https:\/\/enext.es\/wp-content\/uploads\/2018\/10\/Enex-we-know-how-logo-retina.png","width":410,"height":117,"caption":"Enext"},"image":{"@id":"https:\/\/enext.es\/#\/schema\/logo\/image\/"},"sameAs":["https:\/\/www.linkedin.com\/company\/enext"]}]}},"_links":{"self":[{"href":"https:\/\/enext.es\/ca\/wp-json\/wp\/v2\/pages\/2814"}],"collection":[{"href":"https:\/\/enext.es\/ca\/wp-json\/wp\/v2\/pages"}],"about":[{"href":"https:\/\/enext.es\/ca\/wp-json\/wp\/v2\/types\/page"}],"author":[{"embeddable":true,"href":"https:\/\/enext.es\/ca\/wp-json\/wp\/v2\/users\/2"}],"replies":[{"embeddable":true,"href":"https:\/\/enext.es\/ca\/wp-json\/wp\/v2\/comments?post=2814"}],"version-history":[{"count":6,"href":"https:\/\/enext.es\/ca\/wp-json\/wp\/v2\/pages\/2814\/revisions"}],"predecessor-version":[{"id":3627,"href":"https:\/\/enext.es\/ca\/wp-json\/wp\/v2\/pages\/2814\/revisions\/3627"}],"wp:attachment":[{"href":"https:\/\/enext.es\/ca\/wp-json\/wp\/v2\/media?parent=2814"}],"curies":[{"name":"wp","href":"https:\/\/api.w.org\/{rel}","templated":true}]}}