{"id":2889,"date":"2019-11-29T23:03:48","date_gmt":"2019-11-29T22:03:48","guid":{"rendered":"https:\/\/enext.es\/?page_id=2889"},"modified":"2020-01-20T14:38:50","modified_gmt":"2020-01-20T13:38:50","slug":"sobre-nosaltres","status":"publish","type":"page","link":"https:\/\/enext.es\/ca\/sobre-nosaltres\/","title":{"rendered":"Sobre nosaltres"},"content":{"rendered":"<div class=\"wpb-content-wrapper\"><p>[vc_row full_width=&#8221;stretch_row&#8221; overlay_background=&#8221;custom&#8221; overlay_opacity=&#8221;40&#8243; lg_spacing=&#8221;padding_top:170;padding_bottom:190&#8243; background_image=&#8221;2728&#8243; background_position=&#8221;center center&#8221; sm_spacing=&#8221;padding_top:130;padding_bottom:150&#8243;][vc_column offset=&#8221;vc_col-md-offset-2 vc_col-md-8&#8243;][tm_popup_video style=&#8221;button&#8221; video=&#8221;https:\/\/www.youtube.com\/watch?v=9KC3eVfW8zA&#8221;][tm_spacer size=&#8221;lg:40&#8243;][tm_heading tag=&#8221;div&#8221; custom_google_font=&#8221;&#8221; font_weight=&#8221;600&#8243; align=&#8221;center&#8221; text_color=&#8221;custom&#8221; custom_text_color=&#8221;#ffffff&#8221; text=&#8221;Estem a Barcelona&#8221; font_size=&#8221;lg:18&#8243; max_width=&#8221;590px&#8221;][tm_spacer size=&#8221;lg:5&#8243;][tm_heading custom_google_font=&#8221;&#8221; align=&#8221;center&#8221; text_color=&#8221;custom&#8221; custom_text_color=&#8221;#ffffff&#8221; text=&#8221;Enfocats en mantenir alts est\u00e0ndards de qualitat&#8221; font_size=&#8221;sm:40;md:50;lg:60&#8243;][\/vc_column][\/vc_row][vc_row lg_spacing=&#8221;padding_top:110;padding_bottom:30&#8243;][vc_column][vc_row_inner][vc_column_inner offset=&#8221;vc_col-md-offset-2 vc_col-md-8&#8243;][tm_heading custom_google_font=&#8221;&#8221; align=&#8221;center&#8221; text=&#8221;Estem <mark>especialitzats en el disseny i construcci\u00f3<\/mark> de tota mena d&#8217;instal\u00b7lacions per a la <mark>ind\u00fastria farmac\u00e8utica i biotecnol\u00f2gica<\/mark>.&#8221; font_size=&#8221;lg:36&#8243;][tm_spacer size=&#8221;lg:20&#8243;][tm_heading tag=&#8221;div&#8221; custom_google_font=&#8221;&#8221; align=&#8221;center&#8221; text=&#8221;Enext va n\u00e9ixer al 2009 a <strong>Barcelona<\/strong>. Des dels seus inicis, Enext ha comptat amb un equip qualificat i amb una dilatada experi\u00e8ncia en la <strong>ind\u00fastria farmac\u00e8utica<\/strong>.&#8221; font_size=&#8221;lg:18&#8243;][tm_spacer size=&#8221;lg:70&#8243;][\/vc_column_inner][\/vc_row_inner][vc_row_inner][vc_column_inner width=&#8221;1\/3&#8243;][tm_counter icon_type=&#8221;fontawesome5&#8243; icon_fontawesome5=&#8221;fal fa-key&#8221; number=&#8221;60&#8243; number_suffix=&#8221;+&#8221; text=&#8221;Projectes &#8220;claus en m\u00e0&#8220;&#8221; sub_text=&#8221;M\u00e9s de 60 projectes i instal\u00b7lacions en marxa.&#8221;][tm_spacer size=&#8221;lg:30&#8243;][\/vc_column_inner][vc_column_inner width=&#8221;1\/3&#8243;][tm_counter icon_type=&#8221;fontawesome5&#8243; icon_fontawesome5=&#8221;fa fa-arrow-alt-up&#8221; border_color=&#8221;primary&#8221; number=&#8221;20&#8243; number_suffix=&#8221;+&#8221; text=&#8221;Empleats&#8221; sub_text=&#8221;El nostre experimentat equip aporta el millor de les seves qualitats i comprom\u00eds.&#8221;][tm_spacer size=&#8221;lg:30&#8243;][\/vc_column_inner][vc_column_inner width=&#8221;1\/3&#8243;][tm_counter icon_type=&#8221;fontawesome5&#8243; icon_fontawesome5=&#8221;far fa-handshake&#8221; number=&#8221;40&#8243; number_suffix=&#8221;+&#8221; text=&#8221;Clients&#8221; sub_text=&#8221;El que realment valorem \u00e9s construir relacions a llarg termini amb els nostres clients i no sols la signatura d&#8217;un contracte.&#8221;][tm_spacer size=&#8221;lg:30&#8243;][\/vc_column_inner][\/vc_row_inner][\/vc_column][\/vc_row][vc_row full_width=&#8221;stretch_row&#8221; overlay_background=&#8221;custom&#8221; overlay_opacity=&#8221;40&#8243; lg_spacing=&#8221;padding_top:200;padding_bottom:234&#8243; background_image=&#8221;2755&#8243; background_position=&#8221;center center&#8221;][vc_column][tm_heading custom_google_font=&#8221;&#8221; align=&#8221;center&#8221; text_color=&#8221;custom&#8221; custom_text_color=&#8221;#ffffff&#8221; font_size=&#8221;lg:48&#8243; text=&#8221;Estem buscant!&#8221;][tm_spacer size=&#8221;lg:40&#8243;][tm_button align=&#8221;center&#8221; button=&#8221;url:https%3A%2F%2Fenext.es%2Fca%2Focupacio%2F|title:Consulta%20les%20vacants||&#8221;][\/vc_column][\/vc_row]<\/p>\n<\/div>","protected":false},"excerpt":{"rendered":"<p>[vc_row full_width=&#8221;stretch_row&#8221; overlay_background=&#8221;custom&#8221; overlay_opacity=&#8221;40&#8243; lg_spacing=&#8221;padding_top:170;padding_bottom:190&#8243; background_image=&#8221;2728&#8243; background_position=&#8221;center center&#8221; sm_spacing=&#8221;padding_top:130;padding_bottom:150&#8243;][vc_column offset=&#8221;vc_col-md-offset-2 vc_col-md-8&#8243;][tm_popup_video style=&#8221;button&#8221; video=&#8221;https:\/\/www.youtube.com\/watch?v=9KC3eVfW8zA&#8221;][tm_spacer size=&#8221;lg:40&#8243;][tm_heading tag=&#8221;div&#8221; custom_google_font=&#8221;&#8221; font_weight=&#8221;600&#8243; align=&#8221;center&#8221; text_color=&#8221;custom&#8221; custom_text_color=&#8221;#ffffff&#8221; text=&#8221;Estem a Barcelona&#8221; font_size=&#8221;lg:18&#8243; max_width=&#8221;590px&#8221;][tm_spacer size=&#8221;lg:5&#8243;][tm_heading custom_google_font=&#8221;&#8221; align=&#8221;center&#8221; text_color=&#8221;custom&#8221; custom_text_color=&#8221;#ffffff&#8221; text=&#8221;Enfocats en mantenir alts est\u00e0ndards de qualitat&#8221; font_size=&#8221;sm:40;md:50;lg:60&#8243;][\/vc_column][\/vc_row][vc_row lg_spacing=&#8221;padding_top:110;padding_bottom:30&#8243;][vc_column][vc_row_inner][vc_column_inner offset=&#8221;vc_col-md-offset-2 vc_col-md-8&#8243;][tm_heading custom_google_font=&#8221;&#8221; align=&#8221;center&#8221; text=&#8221;Estem especialitzats en el disseny i construcci\u00f3 de tota mena d&#8217;instal\u00b7lacions per a la ind\u00fastria farmac\u00e8utica i biotecnol\u00f2gica.&#8221; font_size=&#8221;lg:36&#8243;][tm_spacer size=&#8221;lg:20&#8243;][tm_heading tag=&#8221;div&#8221; custom_google_font=&#8221;&#8221; align=&#8221;center&#8221; text=&#8221;Enext va n\u00e9ixer al 2009 a Barcelona. Des dels seus inicis, Enext ha comptat amb un equip qualificat i amb una dilatada experi\u00e8ncia en la ind\u00fastria farmac\u00e8utica.&#8221; font_size=&#8221;lg:18&#8243;][tm_spacer size=&#8221;lg:70&#8243;][\/vc_column_inner][\/vc_row_inner][vc_row_inner][vc_column_inner width=&#8221;1\/3&#8243;][tm_counter icon_type=&#8221;fontawesome5&#8243; icon_fontawesome5=&#8221;fal fa-key&#8221; number=&#8221;60&#8243; number_suffix=&#8221;+&#8221; text=&#8221;Projectes &#8220;claus en m\u00e0&#8220;&#8221; sub_text=&#8221;M\u00e9s de 60 projectes i instal\u00b7lacions en marxa.&#8221;][tm_spacer size=&#8221;lg:30&#8243;][\/vc_column_inner][vc_column_inner width=&#8221;1\/3&#8243;][tm_counter icon_type=&#8221;fontawesome5&#8243; icon_fontawesome5=&#8221;fa fa-arrow-alt-up&#8221; border_color=&#8221;primary&#8221; number=&#8221;20&#8243; number_suffix=&#8221;+&#8221; text=&#8221;Empleats&#8221; sub_text=&#8221;El nostre experimentat equip aporta el millor de les seves qualitats i comprom\u00eds.&#8221;][tm_spacer size=&#8221;lg:30&#8243;][\/vc_column_inner][vc_column_inner width=&#8221;1\/3&#8243;][tm_counter icon_type=&#8221;fontawesome5&#8243; icon_fontawesome5=&#8221;far fa-handshake&#8221; number=&#8221;40&#8243; number_suffix=&#8221;+&#8221; text=&#8221;Clients&#8221; sub_text=&#8221;El que realment valorem \u00e9s construir relacions a llarg termini amb els nostres clients i no sols la signatura d&#8217;un contracte.&#8221;][tm_spacer size=&#8221;lg:30&#8243;][\/vc_column_inner][\/vc_row_inner][\/vc_column][\/vc_row][vc_row full_width=&#8221;stretch_row&#8221; overlay_background=&#8221;custom&#8221; overlay_opacity=&#8221;40&#8243; lg_spacing=&#8221;padding_top:200;padding_bottom:234&#8243; background_image=&#8221;2755&#8243; background_position=&#8221;center center&#8221;][vc_column][tm_heading custom_google_font=&#8221;&#8221; align=&#8221;center&#8221; text_color=&#8221;custom&#8221; custom_text_color=&#8221;#ffffff&#8221; font_size=&#8221;lg:48&#8243; text=&#8221;Estem buscant!&#8221;][tm_spacer size=&#8221;lg:40&#8243;][tm_button align=&#8221;center&#8221; button=&#8221;url:https%3A%2F%2Fenext.es%2Fca%2Focupacio%2F|title:Consulta%20les%20vacants||&#8221;][\/vc_column][\/vc_row]<\/p>\n","protected":false},"author":2,"featured_media":0,"parent":0,"menu_order":0,"comment_status":"closed","ping_status":"closed","template":"","meta":{"footnotes":""},"class_list":["post-2889","page","type-page","status-publish","hentry"],"yoast_head":"<!-- This site is optimized with the Yoast SEO plugin v23.4 - https:\/\/yoast.com\/wordpress\/plugins\/seo\/ -->\n<title>Sobre nosaltres | Enext<\/title>\n<meta name=\"robots\" content=\"index, follow, max-snippet:-1, max-image-preview:large, max-video-preview:-1\" \/>\n<link rel=\"canonical\" href=\"https:\/\/enext.es\/ca\/sobre-nosaltres\/\" \/>\n<meta property=\"og:locale\" content=\"ca_ES\" \/>\n<meta property=\"og:type\" content=\"article\" \/>\n<meta property=\"og:title\" content=\"Sobre nosaltres | Enext\" \/>\n<meta property=\"og:description\" content=\"[vc_row full_width=&#8221;stretch_row&#8221; overlay_background=&#8221;custom&#8221; overlay_opacity=&#8221;40&#8243; lg_spacing=&#8221;padding_top:170;padding_bottom:190&#8243; background_image=&#8221;2728&#8243; background_position=&#8221;center center&#8221; sm_spacing=&#8221;padding_top:130;padding_bottom:150&#8243;][vc_column offset=&#8221;vc_col-md-offset-2 vc_col-md-8&#8243;][tm_popup_video style=&#8221;button&#8221; video=&#8221;https:\/\/www.youtube.com\/watch?v=9KC3eVfW8zA&#8221;][tm_spacer size=&#8221;lg:40&#8243;][tm_heading tag=&#8221;div&#8221; custom_google_font=&#8221;&#8221; font_weight=&#8221;600&#8243; align=&#8221;center&#8221; text_color=&#8221;custom&#8221; custom_text_color=&#8221;#ffffff&#8221; text=&#8221;Estem a Barcelona&#8221; font_size=&#8221;lg:18&#8243; max_width=&#8221;590px&#8221;][tm_spacer size=&#8221;lg:5&#8243;][tm_heading custom_google_font=&#8221;&#8221; align=&#8221;center&#8221; text_color=&#8221;custom&#8221; custom_text_color=&#8221;#ffffff&#8221; text=&#8221;Enfocats en mantenir alts est\u00e0ndards de qualitat&#8221; font_size=&#8221;sm:40;md:50;lg:60&#8243;][\/vc_column][\/vc_row][vc_row lg_spacing=&#8221;padding_top:110;padding_bottom:30&#8243;][vc_column][vc_row_inner][vc_column_inner offset=&#8221;vc_col-md-offset-2 vc_col-md-8&#8243;][tm_heading custom_google_font=&#8221;&#8221; align=&#8221;center&#8221; text=&#8221;Estem especialitzats en el disseny i construcci\u00f3 de tota mena d&#8217;instal\u00b7lacions per a la ind\u00fastria farmac\u00e8utica i biotecnol\u00f2gica.&#8221; font_size=&#8221;lg:36&#8243;][tm_spacer size=&#8221;lg:20&#8243;][tm_heading tag=&#8221;div&#8221; custom_google_font=&#8221;&#8221; align=&#8221;center&#8221; text=&#8221;Enext va n\u00e9ixer al 2009 a Barcelona. Des dels seus inicis, Enext ha comptat amb un equip qualificat i amb una dilatada experi\u00e8ncia en la ind\u00fastria farmac\u00e8utica.&#8221; font_size=&#8221;lg:18&#8243;][tm_spacer size=&#8221;lg:70&#8243;][\/vc_column_inner][\/vc_row_inner][vc_row_inner][vc_column_inner width=&#8221;1\/3&#8243;][tm_counter icon_type=&#8221;fontawesome5&#8243; icon_fontawesome5=&#8221;fal fa-key&#8221; number=&#8221;60&#8243; number_suffix=&#8221;+&#8221; text=&#8221;Projectes &#8220;claus en m\u00e0&#8220;&#8221; sub_text=&#8221;M\u00e9s de 60 projectes i instal\u00b7lacions en marxa.&#8221;][tm_spacer size=&#8221;lg:30&#8243;][\/vc_column_inner][vc_column_inner width=&#8221;1\/3&#8243;][tm_counter icon_type=&#8221;fontawesome5&#8243; icon_fontawesome5=&#8221;fa fa-arrow-alt-up&#8221; border_color=&#8221;primary&#8221; number=&#8221;20&#8243; number_suffix=&#8221;+&#8221; text=&#8221;Empleats&#8221; sub_text=&#8221;El nostre experimentat equip aporta el millor de les seves qualitats i comprom\u00eds.&#8221;][tm_spacer size=&#8221;lg:30&#8243;][\/vc_column_inner][vc_column_inner width=&#8221;1\/3&#8243;][tm_counter icon_type=&#8221;fontawesome5&#8243; icon_fontawesome5=&#8221;far fa-handshake&#8221; number=&#8221;40&#8243; number_suffix=&#8221;+&#8221; text=&#8221;Clients&#8221; sub_text=&#8221;El que realment valorem \u00e9s construir relacions a llarg termini amb els nostres clients i no sols la signatura d&#8217;un contracte.&#8221;][tm_spacer size=&#8221;lg:30&#8243;][\/vc_column_inner][\/vc_row_inner][\/vc_column][\/vc_row][vc_row full_width=&#8221;stretch_row&#8221; overlay_background=&#8221;custom&#8221; overlay_opacity=&#8221;40&#8243; lg_spacing=&#8221;padding_top:200;padding_bottom:234&#8243; background_image=&#8221;2755&#8243; background_position=&#8221;center center&#8221;][vc_column][tm_heading custom_google_font=&#8221;&#8221; align=&#8221;center&#8221; text_color=&#8221;custom&#8221; custom_text_color=&#8221;#ffffff&#8221; font_size=&#8221;lg:48&#8243; text=&#8221;Estem buscant!&#8221;][tm_spacer size=&#8221;lg:40&#8243;][tm_button align=&#8221;center&#8221; button=&#8221;url:https%3A%2F%2Fenext.es%2Fca%2Focupacio%2F|title:Consulta%20les%20vacants||&#8221;][\/vc_column][\/vc_row]\" \/>\n<meta property=\"og:url\" content=\"https:\/\/enext.es\/ca\/sobre-nosaltres\/\" \/>\n<meta property=\"og:site_name\" content=\"Enext\" \/>\n<meta property=\"article:modified_time\" content=\"2020-01-20T13:38:50+00:00\" \/>\n<meta name=\"twitter:card\" content=\"summary_large_image\" \/>\n<meta name=\"twitter:label1\" content=\"Temps estimat de lectura\" \/>\n\t<meta name=\"twitter:data1\" content=\"2 minuts\" \/>\n<script type=\"application\/ld+json\" class=\"yoast-schema-graph\">{\"@context\":\"https:\/\/schema.org\",\"@graph\":[{\"@type\":\"WebPage\",\"@id\":\"https:\/\/enext.es\/ca\/sobre-nosaltres\/\",\"url\":\"https:\/\/enext.es\/ca\/sobre-nosaltres\/\",\"name\":\"Sobre nosaltres | Enext\",\"isPartOf\":{\"@id\":\"https:\/\/enext.es\/#website\"},\"datePublished\":\"2019-11-29T22:03:48+00:00\",\"dateModified\":\"2020-01-20T13:38:50+00:00\",\"breadcrumb\":{\"@id\":\"https:\/\/enext.es\/ca\/sobre-nosaltres\/#breadcrumb\"},\"inLanguage\":\"ca\",\"potentialAction\":[{\"@type\":\"ReadAction\",\"target\":[\"https:\/\/enext.es\/ca\/sobre-nosaltres\/\"]}]},{\"@type\":\"BreadcrumbList\",\"@id\":\"https:\/\/enext.es\/ca\/sobre-nosaltres\/#breadcrumb\",\"itemListElement\":[{\"@type\":\"ListItem\",\"position\":1,\"name\":\"Portada\",\"item\":\"https:\/\/enext.es\/ca\/\"},{\"@type\":\"ListItem\",\"position\":2,\"name\":\"Sobre nosaltres\"}]},{\"@type\":\"WebSite\",\"@id\":\"https:\/\/enext.es\/#website\",\"url\":\"https:\/\/enext.es\/\",\"name\":\"Enext\",\"description\":\"Design and construction for the pharmaceutical industry\",\"publisher\":{\"@id\":\"https:\/\/enext.es\/#organization\"},\"potentialAction\":[{\"@type\":\"SearchAction\",\"target\":{\"@type\":\"EntryPoint\",\"urlTemplate\":\"https:\/\/enext.es\/?s={search_term_string}\"},\"query-input\":{\"@type\":\"PropertyValueSpecification\",\"valueRequired\":true,\"valueName\":\"search_term_string\"}}],\"inLanguage\":\"ca\"},{\"@type\":\"Organization\",\"@id\":\"https:\/\/enext.es\/#organization\",\"name\":\"Enext\",\"url\":\"https:\/\/enext.es\/\",\"logo\":{\"@type\":\"ImageObject\",\"inLanguage\":\"ca\",\"@id\":\"https:\/\/enext.es\/#\/schema\/logo\/image\/\",\"url\":\"https:\/\/enext.es\/wp-content\/uploads\/2018\/10\/Enex-we-know-how-logo-retina.png\",\"contentUrl\":\"https:\/\/enext.es\/wp-content\/uploads\/2018\/10\/Enex-we-know-how-logo-retina.png\",\"width\":410,\"height\":117,\"caption\":\"Enext\"},\"image\":{\"@id\":\"https:\/\/enext.es\/#\/schema\/logo\/image\/\"},\"sameAs\":[\"https:\/\/www.linkedin.com\/company\/enext\"]}]}<\/script>\n<!-- \/ Yoast SEO plugin. -->","yoast_head_json":{"title":"Sobre nosaltres | Enext","robots":{"index":"index","follow":"follow","max-snippet":"max-snippet:-1","max-image-preview":"max-image-preview:large","max-video-preview":"max-video-preview:-1"},"canonical":"https:\/\/enext.es\/ca\/sobre-nosaltres\/","og_locale":"ca_ES","og_type":"article","og_title":"Sobre nosaltres | Enext","og_description":"[vc_row full_width=&#8221;stretch_row&#8221; overlay_background=&#8221;custom&#8221; overlay_opacity=&#8221;40&#8243; lg_spacing=&#8221;padding_top:170;padding_bottom:190&#8243; background_image=&#8221;2728&#8243; background_position=&#8221;center center&#8221; sm_spacing=&#8221;padding_top:130;padding_bottom:150&#8243;][vc_column offset=&#8221;vc_col-md-offset-2 vc_col-md-8&#8243;][tm_popup_video style=&#8221;button&#8221; video=&#8221;https:\/\/www.youtube.com\/watch?v=9KC3eVfW8zA&#8221;][tm_spacer size=&#8221;lg:40&#8243;][tm_heading tag=&#8221;div&#8221; custom_google_font=&#8221;&#8221; font_weight=&#8221;600&#8243; align=&#8221;center&#8221; text_color=&#8221;custom&#8221; custom_text_color=&#8221;#ffffff&#8221; text=&#8221;Estem a Barcelona&#8221; font_size=&#8221;lg:18&#8243; max_width=&#8221;590px&#8221;][tm_spacer size=&#8221;lg:5&#8243;][tm_heading custom_google_font=&#8221;&#8221; align=&#8221;center&#8221; text_color=&#8221;custom&#8221; custom_text_color=&#8221;#ffffff&#8221; text=&#8221;Enfocats en mantenir alts est\u00e0ndards de qualitat&#8221; font_size=&#8221;sm:40;md:50;lg:60&#8243;][\/vc_column][\/vc_row][vc_row lg_spacing=&#8221;padding_top:110;padding_bottom:30&#8243;][vc_column][vc_row_inner][vc_column_inner offset=&#8221;vc_col-md-offset-2 vc_col-md-8&#8243;][tm_heading custom_google_font=&#8221;&#8221; align=&#8221;center&#8221; text=&#8221;Estem especialitzats en el disseny i construcci\u00f3 de tota mena d&#8217;instal\u00b7lacions per a la ind\u00fastria farmac\u00e8utica i biotecnol\u00f2gica.&#8221; font_size=&#8221;lg:36&#8243;][tm_spacer size=&#8221;lg:20&#8243;][tm_heading tag=&#8221;div&#8221; custom_google_font=&#8221;&#8221; align=&#8221;center&#8221; text=&#8221;Enext va n\u00e9ixer al 2009 a Barcelona. Des dels seus inicis, Enext ha comptat amb un equip qualificat i amb una dilatada experi\u00e8ncia en la ind\u00fastria farmac\u00e8utica.&#8221; font_size=&#8221;lg:18&#8243;][tm_spacer size=&#8221;lg:70&#8243;][\/vc_column_inner][\/vc_row_inner][vc_row_inner][vc_column_inner width=&#8221;1\/3&#8243;][tm_counter icon_type=&#8221;fontawesome5&#8243; icon_fontawesome5=&#8221;fal fa-key&#8221; number=&#8221;60&#8243; number_suffix=&#8221;+&#8221; text=&#8221;Projectes &#8220;claus en m\u00e0&#8220;&#8221; sub_text=&#8221;M\u00e9s de 60 projectes i instal\u00b7lacions en marxa.&#8221;][tm_spacer size=&#8221;lg:30&#8243;][\/vc_column_inner][vc_column_inner width=&#8221;1\/3&#8243;][tm_counter icon_type=&#8221;fontawesome5&#8243; icon_fontawesome5=&#8221;fa fa-arrow-alt-up&#8221; border_color=&#8221;primary&#8221; number=&#8221;20&#8243; number_suffix=&#8221;+&#8221; text=&#8221;Empleats&#8221; sub_text=&#8221;El nostre experimentat equip aporta el millor de les seves qualitats i comprom\u00eds.&#8221;][tm_spacer size=&#8221;lg:30&#8243;][\/vc_column_inner][vc_column_inner width=&#8221;1\/3&#8243;][tm_counter icon_type=&#8221;fontawesome5&#8243; icon_fontawesome5=&#8221;far fa-handshake&#8221; number=&#8221;40&#8243; number_suffix=&#8221;+&#8221; text=&#8221;Clients&#8221; sub_text=&#8221;El que realment valorem \u00e9s construir relacions a llarg termini amb els nostres clients i no sols la signatura d&#8217;un contracte.&#8221;][tm_spacer size=&#8221;lg:30&#8243;][\/vc_column_inner][\/vc_row_inner][\/vc_column][\/vc_row][vc_row full_width=&#8221;stretch_row&#8221; overlay_background=&#8221;custom&#8221; overlay_opacity=&#8221;40&#8243; lg_spacing=&#8221;padding_top:200;padding_bottom:234&#8243; background_image=&#8221;2755&#8243; background_position=&#8221;center center&#8221;][vc_column][tm_heading custom_google_font=&#8221;&#8221; align=&#8221;center&#8221; text_color=&#8221;custom&#8221; custom_text_color=&#8221;#ffffff&#8221; font_size=&#8221;lg:48&#8243; text=&#8221;Estem buscant!&#8221;][tm_spacer size=&#8221;lg:40&#8243;][tm_button align=&#8221;center&#8221; button=&#8221;url:https%3A%2F%2Fenext.es%2Fca%2Focupacio%2F|title:Consulta%20les%20vacants||&#8221;][\/vc_column][\/vc_row]","og_url":"https:\/\/enext.es\/ca\/sobre-nosaltres\/","og_site_name":"Enext","article_modified_time":"2020-01-20T13:38:50+00:00","twitter_card":"summary_large_image","twitter_misc":{"Temps estimat de lectura":"2 minuts"},"schema":{"@context":"https:\/\/schema.org","@graph":[{"@type":"WebPage","@id":"https:\/\/enext.es\/ca\/sobre-nosaltres\/","url":"https:\/\/enext.es\/ca\/sobre-nosaltres\/","name":"Sobre nosaltres | Enext","isPartOf":{"@id":"https:\/\/enext.es\/#website"},"datePublished":"2019-11-29T22:03:48+00:00","dateModified":"2020-01-20T13:38:50+00:00","breadcrumb":{"@id":"https:\/\/enext.es\/ca\/sobre-nosaltres\/#breadcrumb"},"inLanguage":"ca","potentialAction":[{"@type":"ReadAction","target":["https:\/\/enext.es\/ca\/sobre-nosaltres\/"]}]},{"@type":"BreadcrumbList","@id":"https:\/\/enext.es\/ca\/sobre-nosaltres\/#breadcrumb","itemListElement":[{"@type":"ListItem","position":1,"name":"Portada","item":"https:\/\/enext.es\/ca\/"},{"@type":"ListItem","position":2,"name":"Sobre nosaltres"}]},{"@type":"WebSite","@id":"https:\/\/enext.es\/#website","url":"https:\/\/enext.es\/","name":"Enext","description":"Design and construction for the pharmaceutical industry","publisher":{"@id":"https:\/\/enext.es\/#organization"},"potentialAction":[{"@type":"SearchAction","target":{"@type":"EntryPoint","urlTemplate":"https:\/\/enext.es\/?s={search_term_string}"},"query-input":{"@type":"PropertyValueSpecification","valueRequired":true,"valueName":"search_term_string"}}],"inLanguage":"ca"},{"@type":"Organization","@id":"https:\/\/enext.es\/#organization","name":"Enext","url":"https:\/\/enext.es\/","logo":{"@type":"ImageObject","inLanguage":"ca","@id":"https:\/\/enext.es\/#\/schema\/logo\/image\/","url":"https:\/\/enext.es\/wp-content\/uploads\/2018\/10\/Enex-we-know-how-logo-retina.png","contentUrl":"https:\/\/enext.es\/wp-content\/uploads\/2018\/10\/Enex-we-know-how-logo-retina.png","width":410,"height":117,"caption":"Enext"},"image":{"@id":"https:\/\/enext.es\/#\/schema\/logo\/image\/"},"sameAs":["https:\/\/www.linkedin.com\/company\/enext"]}]}},"_links":{"self":[{"href":"https:\/\/enext.es\/ca\/wp-json\/wp\/v2\/pages\/2889"}],"collection":[{"href":"https:\/\/enext.es\/ca\/wp-json\/wp\/v2\/pages"}],"about":[{"href":"https:\/\/enext.es\/ca\/wp-json\/wp\/v2\/types\/page"}],"author":[{"embeddable":true,"href":"https:\/\/enext.es\/ca\/wp-json\/wp\/v2\/users\/2"}],"replies":[{"embeddable":true,"href":"https:\/\/enext.es\/ca\/wp-json\/wp\/v2\/comments?post=2889"}],"version-history":[{"count":6,"href":"https:\/\/enext.es\/ca\/wp-json\/wp\/v2\/pages\/2889\/revisions"}],"predecessor-version":[{"id":3634,"href":"https:\/\/enext.es\/ca\/wp-json\/wp\/v2\/pages\/2889\/revisions\/3634"}],"wp:attachment":[{"href":"https:\/\/enext.es\/ca\/wp-json\/wp\/v2\/media?parent=2889"}],"curies":[{"name":"wp","href":"https:\/\/api.w.org\/{rel}","templated":true}]}}