{"id":2895,"date":"2019-11-29T23:10:47","date_gmt":"2019-11-29T22:10:47","guid":{"rendered":"https:\/\/enext.es\/?page_id=2895"},"modified":"2020-01-17T15:10:13","modified_gmt":"2020-01-17T14:10:13","slug":"arees-despecialitzacio","status":"publish","type":"page","link":"https:\/\/enext.es\/ca\/arees-despecialitzacio\/","title":{"rendered":"\u00c0rees d&#8217;especialitzaci\u00f3"},"content":{"rendered":"<div class=\"wpb-content-wrapper\"><p>[vc_row full_width=&#8221;stretch_row&#8221; background_color=&#8221;custom&#8221; lg_spacing=&#8221;padding_top:60&#8243; custom_background_color=&#8221;#ebf5f5&#8243;][vc_column][vc_row_inner gutter=&#8221;xs:30;sm:50;md:80;lg:100&#8243;][vc_column_inner width=&#8221;1\/2&#8243;][tm_heading custom_google_font=&#8221;&#8221; text=&#8221;Aquestes s\u00f3n les nostres <mark>\u00e0rees d&#8217;especialitzaci\u00f3<\/mark>&#8221; font_size=&#8221;lg:36&#8243; line_height=&#8221;46px&#8221;][tm_spacer size=&#8221;lg:30&#8243;][\/vc_column_inner][vc_column_inner width=&#8221;1\/2&#8243;][tm_spacer size=&#8221;lg:30&#8243;][\/vc_column_inner][\/vc_row_inner][vc_row_inner][vc_column_inner width=&#8221;1\/3&#8243;][tm_spacer size=&#8221;lg:40&#8243;][tm_box_icon align=&#8221;center&#8221; heading=&#8221;Formes l\u00edquides i s\u00f2lides&#8221; image=&#8221;2739&#8243;][\/vc_column_inner][vc_column_inner width=&#8221;1\/3&#8243;][tm_spacer size=&#8221;lg:40&#8243;][tm_box_icon align=&#8221;center&#8221; heading=&#8221;Injectables&#8221; image=&#8221;2738&#8243;][\/vc_column_inner][vc_column_inner width=&#8221;1\/3&#8243;][tm_spacer size=&#8221;lg:40&#8243;][tm_box_icon align=&#8221;center&#8221; heading=&#8221;Est\u00e8rils&#8221; image=&#8221;2737&#8243;][\/vc_column_inner][\/vc_row_inner][vc_row_inner][vc_column_inner width=&#8221;1\/3&#8243;][tm_spacer size=&#8221;lg:30&#8243;][tm_box_icon align=&#8221;center&#8221; heading=&#8221;HP APIs (High Potency APIs) i Biosimilars&#8221; image=&#8221;2740&#8243;][\/vc_column_inner][vc_column_inner width=&#8221;1\/3&#8243;][tm_spacer size=&#8221;lg:30&#8243;][tm_box_icon align=&#8221;center&#8221; heading=&#8221;Vacunes&#8221; image=&#8221;2736&#8243;][\/vc_column_inner][vc_column_inner width=&#8221;1\/3&#8243;][\/vc_column_inner][\/vc_row_inner][\/vc_column][\/vc_row]<\/p>\n<\/div>","protected":false},"excerpt":{"rendered":"<p>[vc_row full_width=&#8221;stretch_row&#8221; background_color=&#8221;custom&#8221; lg_spacing=&#8221;padding_top:60&#8243; custom_background_color=&#8221;#ebf5f5&#8243;][vc_column][vc_row_inner gutter=&#8221;xs:30;sm:50;md:80;lg:100&#8243;][vc_column_inner width=&#8221;1\/2&#8243;][tm_heading custom_google_font=&#8221;&#8221; text=&#8221;Aquestes s\u00f3n les nostres \u00e0rees d&#8217;especialitzaci\u00f3&#8221; font_size=&#8221;lg:36&#8243; line_height=&#8221;46px&#8221;][tm_spacer size=&#8221;lg:30&#8243;][\/vc_column_inner][vc_column_inner width=&#8221;1\/2&#8243;][tm_spacer size=&#8221;lg:30&#8243;][\/vc_column_inner][\/vc_row_inner][vc_row_inner][vc_column_inner width=&#8221;1\/3&#8243;][tm_spacer size=&#8221;lg:40&#8243;][tm_box_icon align=&#8221;center&#8221; heading=&#8221;Formes l\u00edquides i s\u00f2lides&#8221; image=&#8221;2739&#8243;][\/vc_column_inner][vc_column_inner width=&#8221;1\/3&#8243;][tm_spacer size=&#8221;lg:40&#8243;][tm_box_icon align=&#8221;center&#8221; heading=&#8221;Injectables&#8221; image=&#8221;2738&#8243;][\/vc_column_inner][vc_column_inner width=&#8221;1\/3&#8243;][tm_spacer size=&#8221;lg:40&#8243;][tm_box_icon align=&#8221;center&#8221; heading=&#8221;Est\u00e8rils&#8221; image=&#8221;2737&#8243;][\/vc_column_inner][\/vc_row_inner][vc_row_inner][vc_column_inner width=&#8221;1\/3&#8243;][tm_spacer size=&#8221;lg:30&#8243;][tm_box_icon align=&#8221;center&#8221; heading=&#8221;HP APIs (High Potency APIs) i Biosimilars&#8221; image=&#8221;2740&#8243;][\/vc_column_inner][vc_column_inner width=&#8221;1\/3&#8243;][tm_spacer size=&#8221;lg:30&#8243;][tm_box_icon align=&#8221;center&#8221; heading=&#8221;Vacunes&#8221; image=&#8221;2736&#8243;][\/vc_column_inner][vc_column_inner width=&#8221;1\/3&#8243;][\/vc_column_inner][\/vc_row_inner][\/vc_column][\/vc_row]<\/p>\n","protected":false},"author":2,"featured_media":0,"parent":0,"menu_order":0,"comment_status":"closed","ping_status":"closed","template":"","meta":{"footnotes":""},"class_list":["post-2895","page","type-page","status-publish","hentry"],"yoast_head":"<!-- This site is optimized with the Yoast SEO plugin v23.4 - https:\/\/yoast.com\/wordpress\/plugins\/seo\/ -->\n<title>\u00c0rees d&#039;especialitzaci\u00f3 | Enext<\/title>\n<meta name=\"robots\" content=\"index, follow, max-snippet:-1, max-image-preview:large, max-video-preview:-1\" \/>\n<link rel=\"canonical\" href=\"https:\/\/enext.es\/ca\/arees-despecialitzacio\/\" \/>\n<meta property=\"og:locale\" content=\"ca_ES\" \/>\n<meta property=\"og:type\" content=\"article\" \/>\n<meta property=\"og:title\" content=\"\u00c0rees d&#039;especialitzaci\u00f3 | Enext\" \/>\n<meta property=\"og:description\" content=\"[vc_row full_width=&#8221;stretch_row&#8221; background_color=&#8221;custom&#8221; lg_spacing=&#8221;padding_top:60&#8243; custom_background_color=&#8221;#ebf5f5&#8243;][vc_column][vc_row_inner gutter=&#8221;xs:30;sm:50;md:80;lg:100&#8243;][vc_column_inner width=&#8221;1\/2&#8243;][tm_heading custom_google_font=&#8221;&#8221; text=&#8221;Aquestes s\u00f3n les nostres \u00e0rees d&#8217;especialitzaci\u00f3&#8221; font_size=&#8221;lg:36&#8243; line_height=&#8221;46px&#8221;][tm_spacer size=&#8221;lg:30&#8243;][\/vc_column_inner][vc_column_inner width=&#8221;1\/2&#8243;][tm_spacer size=&#8221;lg:30&#8243;][\/vc_column_inner][\/vc_row_inner][vc_row_inner][vc_column_inner width=&#8221;1\/3&#8243;][tm_spacer size=&#8221;lg:40&#8243;][tm_box_icon align=&#8221;center&#8221; heading=&#8221;Formes l\u00edquides i s\u00f2lides&#8221; image=&#8221;2739&#8243;][\/vc_column_inner][vc_column_inner width=&#8221;1\/3&#8243;][tm_spacer size=&#8221;lg:40&#8243;][tm_box_icon align=&#8221;center&#8221; heading=&#8221;Injectables&#8221; image=&#8221;2738&#8243;][\/vc_column_inner][vc_column_inner width=&#8221;1\/3&#8243;][tm_spacer size=&#8221;lg:40&#8243;][tm_box_icon align=&#8221;center&#8221; heading=&#8221;Est\u00e8rils&#8221; image=&#8221;2737&#8243;][\/vc_column_inner][\/vc_row_inner][vc_row_inner][vc_column_inner width=&#8221;1\/3&#8243;][tm_spacer size=&#8221;lg:30&#8243;][tm_box_icon align=&#8221;center&#8221; heading=&#8221;HP APIs (High Potency APIs) i Biosimilars&#8221; image=&#8221;2740&#8243;][\/vc_column_inner][vc_column_inner width=&#8221;1\/3&#8243;][tm_spacer size=&#8221;lg:30&#8243;][tm_box_icon align=&#8221;center&#8221; heading=&#8221;Vacunes&#8221; image=&#8221;2736&#8243;][\/vc_column_inner][vc_column_inner width=&#8221;1\/3&#8243;][\/vc_column_inner][\/vc_row_inner][\/vc_column][\/vc_row]\" \/>\n<meta property=\"og:url\" content=\"https:\/\/enext.es\/ca\/arees-despecialitzacio\/\" \/>\n<meta property=\"og:site_name\" content=\"Enext\" \/>\n<meta property=\"article:modified_time\" content=\"2020-01-17T14:10:13+00:00\" \/>\n<meta name=\"twitter:card\" content=\"summary_large_image\" \/>\n<meta name=\"twitter:label1\" content=\"Temps estimat de lectura\" \/>\n\t<meta name=\"twitter:data1\" content=\"1 minut\" \/>\n<script type=\"application\/ld+json\" class=\"yoast-schema-graph\">{\"@context\":\"https:\/\/schema.org\",\"@graph\":[{\"@type\":\"WebPage\",\"@id\":\"https:\/\/enext.es\/ca\/arees-despecialitzacio\/\",\"url\":\"https:\/\/enext.es\/ca\/arees-despecialitzacio\/\",\"name\":\"\u00c0rees d'especialitzaci\u00f3 | Enext\",\"isPartOf\":{\"@id\":\"https:\/\/enext.es\/#website\"},\"datePublished\":\"2019-11-29T22:10:47+00:00\",\"dateModified\":\"2020-01-17T14:10:13+00:00\",\"breadcrumb\":{\"@id\":\"https:\/\/enext.es\/ca\/arees-despecialitzacio\/#breadcrumb\"},\"inLanguage\":\"ca\",\"potentialAction\":[{\"@type\":\"ReadAction\",\"target\":[\"https:\/\/enext.es\/ca\/arees-despecialitzacio\/\"]}]},{\"@type\":\"BreadcrumbList\",\"@id\":\"https:\/\/enext.es\/ca\/arees-despecialitzacio\/#breadcrumb\",\"itemListElement\":[{\"@type\":\"ListItem\",\"position\":1,\"name\":\"Portada\",\"item\":\"https:\/\/enext.es\/ca\/\"},{\"@type\":\"ListItem\",\"position\":2,\"name\":\"\u00c0rees d&#8217;especialitzaci\u00f3\"}]},{\"@type\":\"WebSite\",\"@id\":\"https:\/\/enext.es\/#website\",\"url\":\"https:\/\/enext.es\/\",\"name\":\"Enext\",\"description\":\"Design and construction for the pharmaceutical industry\",\"publisher\":{\"@id\":\"https:\/\/enext.es\/#organization\"},\"potentialAction\":[{\"@type\":\"SearchAction\",\"target\":{\"@type\":\"EntryPoint\",\"urlTemplate\":\"https:\/\/enext.es\/?s={search_term_string}\"},\"query-input\":{\"@type\":\"PropertyValueSpecification\",\"valueRequired\":true,\"valueName\":\"search_term_string\"}}],\"inLanguage\":\"ca\"},{\"@type\":\"Organization\",\"@id\":\"https:\/\/enext.es\/#organization\",\"name\":\"Enext\",\"url\":\"https:\/\/enext.es\/\",\"logo\":{\"@type\":\"ImageObject\",\"inLanguage\":\"ca\",\"@id\":\"https:\/\/enext.es\/#\/schema\/logo\/image\/\",\"url\":\"https:\/\/enext.es\/wp-content\/uploads\/2018\/10\/Enex-we-know-how-logo-retina.png\",\"contentUrl\":\"https:\/\/enext.es\/wp-content\/uploads\/2018\/10\/Enex-we-know-how-logo-retina.png\",\"width\":410,\"height\":117,\"caption\":\"Enext\"},\"image\":{\"@id\":\"https:\/\/enext.es\/#\/schema\/logo\/image\/\"},\"sameAs\":[\"https:\/\/www.linkedin.com\/company\/enext\"]}]}<\/script>\n<!-- \/ Yoast SEO plugin. -->","yoast_head_json":{"title":"\u00c0rees d'especialitzaci\u00f3 | Enext","robots":{"index":"index","follow":"follow","max-snippet":"max-snippet:-1","max-image-preview":"max-image-preview:large","max-video-preview":"max-video-preview:-1"},"canonical":"https:\/\/enext.es\/ca\/arees-despecialitzacio\/","og_locale":"ca_ES","og_type":"article","og_title":"\u00c0rees d'especialitzaci\u00f3 | Enext","og_description":"[vc_row full_width=&#8221;stretch_row&#8221; background_color=&#8221;custom&#8221; lg_spacing=&#8221;padding_top:60&#8243; custom_background_color=&#8221;#ebf5f5&#8243;][vc_column][vc_row_inner gutter=&#8221;xs:30;sm:50;md:80;lg:100&#8243;][vc_column_inner width=&#8221;1\/2&#8243;][tm_heading custom_google_font=&#8221;&#8221; text=&#8221;Aquestes s\u00f3n les nostres \u00e0rees d&#8217;especialitzaci\u00f3&#8221; font_size=&#8221;lg:36&#8243; line_height=&#8221;46px&#8221;][tm_spacer size=&#8221;lg:30&#8243;][\/vc_column_inner][vc_column_inner width=&#8221;1\/2&#8243;][tm_spacer size=&#8221;lg:30&#8243;][\/vc_column_inner][\/vc_row_inner][vc_row_inner][vc_column_inner width=&#8221;1\/3&#8243;][tm_spacer size=&#8221;lg:40&#8243;][tm_box_icon align=&#8221;center&#8221; heading=&#8221;Formes l\u00edquides i s\u00f2lides&#8221; image=&#8221;2739&#8243;][\/vc_column_inner][vc_column_inner width=&#8221;1\/3&#8243;][tm_spacer size=&#8221;lg:40&#8243;][tm_box_icon align=&#8221;center&#8221; heading=&#8221;Injectables&#8221; image=&#8221;2738&#8243;][\/vc_column_inner][vc_column_inner width=&#8221;1\/3&#8243;][tm_spacer size=&#8221;lg:40&#8243;][tm_box_icon align=&#8221;center&#8221; heading=&#8221;Est\u00e8rils&#8221; image=&#8221;2737&#8243;][\/vc_column_inner][\/vc_row_inner][vc_row_inner][vc_column_inner width=&#8221;1\/3&#8243;][tm_spacer size=&#8221;lg:30&#8243;][tm_box_icon align=&#8221;center&#8221; heading=&#8221;HP APIs (High Potency APIs) i Biosimilars&#8221; image=&#8221;2740&#8243;][\/vc_column_inner][vc_column_inner width=&#8221;1\/3&#8243;][tm_spacer size=&#8221;lg:30&#8243;][tm_box_icon align=&#8221;center&#8221; heading=&#8221;Vacunes&#8221; image=&#8221;2736&#8243;][\/vc_column_inner][vc_column_inner width=&#8221;1\/3&#8243;][\/vc_column_inner][\/vc_row_inner][\/vc_column][\/vc_row]","og_url":"https:\/\/enext.es\/ca\/arees-despecialitzacio\/","og_site_name":"Enext","article_modified_time":"2020-01-17T14:10:13+00:00","twitter_card":"summary_large_image","twitter_misc":{"Temps estimat de lectura":"1 minut"},"schema":{"@context":"https:\/\/schema.org","@graph":[{"@type":"WebPage","@id":"https:\/\/enext.es\/ca\/arees-despecialitzacio\/","url":"https:\/\/enext.es\/ca\/arees-despecialitzacio\/","name":"\u00c0rees d'especialitzaci\u00f3 | Enext","isPartOf":{"@id":"https:\/\/enext.es\/#website"},"datePublished":"2019-11-29T22:10:47+00:00","dateModified":"2020-01-17T14:10:13+00:00","breadcrumb":{"@id":"https:\/\/enext.es\/ca\/arees-despecialitzacio\/#breadcrumb"},"inLanguage":"ca","potentialAction":[{"@type":"ReadAction","target":["https:\/\/enext.es\/ca\/arees-despecialitzacio\/"]}]},{"@type":"BreadcrumbList","@id":"https:\/\/enext.es\/ca\/arees-despecialitzacio\/#breadcrumb","itemListElement":[{"@type":"ListItem","position":1,"name":"Portada","item":"https:\/\/enext.es\/ca\/"},{"@type":"ListItem","position":2,"name":"\u00c0rees d&#8217;especialitzaci\u00f3"}]},{"@type":"WebSite","@id":"https:\/\/enext.es\/#website","url":"https:\/\/enext.es\/","name":"Enext","description":"Design and construction for the pharmaceutical industry","publisher":{"@id":"https:\/\/enext.es\/#organization"},"potentialAction":[{"@type":"SearchAction","target":{"@type":"EntryPoint","urlTemplate":"https:\/\/enext.es\/?s={search_term_string}"},"query-input":{"@type":"PropertyValueSpecification","valueRequired":true,"valueName":"search_term_string"}}],"inLanguage":"ca"},{"@type":"Organization","@id":"https:\/\/enext.es\/#organization","name":"Enext","url":"https:\/\/enext.es\/","logo":{"@type":"ImageObject","inLanguage":"ca","@id":"https:\/\/enext.es\/#\/schema\/logo\/image\/","url":"https:\/\/enext.es\/wp-content\/uploads\/2018\/10\/Enex-we-know-how-logo-retina.png","contentUrl":"https:\/\/enext.es\/wp-content\/uploads\/2018\/10\/Enex-we-know-how-logo-retina.png","width":410,"height":117,"caption":"Enext"},"image":{"@id":"https:\/\/enext.es\/#\/schema\/logo\/image\/"},"sameAs":["https:\/\/www.linkedin.com\/company\/enext"]}]}},"_links":{"self":[{"href":"https:\/\/enext.es\/ca\/wp-json\/wp\/v2\/pages\/2895"}],"collection":[{"href":"https:\/\/enext.es\/ca\/wp-json\/wp\/v2\/pages"}],"about":[{"href":"https:\/\/enext.es\/ca\/wp-json\/wp\/v2\/types\/page"}],"author":[{"embeddable":true,"href":"https:\/\/enext.es\/ca\/wp-json\/wp\/v2\/users\/2"}],"replies":[{"embeddable":true,"href":"https:\/\/enext.es\/ca\/wp-json\/wp\/v2\/comments?post=2895"}],"version-history":[{"count":3,"href":"https:\/\/enext.es\/ca\/wp-json\/wp\/v2\/pages\/2895\/revisions"}],"predecessor-version":[{"id":3632,"href":"https:\/\/enext.es\/ca\/wp-json\/wp\/v2\/pages\/2895\/revisions\/3632"}],"wp:attachment":[{"href":"https:\/\/enext.es\/ca\/wp-json\/wp\/v2\/media?parent=2895"}],"curies":[{"name":"wp","href":"https:\/\/api.w.org\/{rel}","templated":true}]}}