{"id":2976,"date":"2019-12-04T10:22:28","date_gmt":"2019-12-04T09:22:28","guid":{"rendered":"https:\/\/enext.es\/?page_id=2976"},"modified":"2020-01-12T19:22:47","modified_gmt":"2020-01-12T18:22:47","slug":"inicio","status":"publish","type":"page","link":"https:\/\/enext.es\/es\/","title":{"rendered":"Inicio"},"content":{"rendered":"<div class=\"wpb-content-wrapper\"><p>[vc_row full_width=\u00bbstretch_row_content\u00bb content_placement=\u00bbmiddle\u00bb][vc_column width=\u00bb1\/2&#8243;][tm_spacer size=\u00bblg:90&#8243;][tm_image align=\u00bbright\u00bb xs_align=\u00bbcenter\u00bb image=\u00bb2313&#8243;][tm_spacer size=\u00bblg:20&#8243;][\/vc_column][vc_column width=\u00bb1\/2&#8243;][vc_row_inner lg_spacing=\u00bbpadding_left:100&#8243; md_spacing=\u00bbpadding_left:80&#8243; sm_spacing=\u00bbpadding_left:15&#8243; max_width=\u00bb600px\u00bb][vc_column_inner][tm_spacer size=\u00bblg:90&#8243;][tm_heading custom_google_font=\u00bb\u00bb text_transform=\u00bbuppercase\u00bb text_color=\u00bbcustom\u00bb custom_text_color=\u00bb#7a8a9e\u00bb text=\u00bbSobre nosotros\u00bb font_size=\u00bblg:14&#8243; letter_spacing=\u00bb3px\u00bb][tm_spacer size=\u00bblg:20&#8243;][tm_heading custom_google_font=\u00bb\u00bb text=\u00bbEspecialistas en el dise\u00f1o y construcci\u00f3n de instalaciones para la industria farmac\u00e9utica\u00bb font_size=\u00bblg:36&#8243;][tm_spacer size=\u00bblg:40&#8243;][tm_heading tag=\u00bbdiv\u00bb custom_google_font=\u00bb\u00bb text=\u00bbDesde su creaci\u00f3n en 2009 en Barcelona, y gracias a un equipo con amplia experiencia en el sector farmac\u00e9utico y biotecnol\u00f3gico, en ENEXT hemos llevado a cabo m\u00e1s de 60 proyectos llave en mano, incluyendo varias plantas completas de nueva construcci\u00f3n.\u00bb font_size=\u00bblg:16&#8243;][tm_spacer size=\u00bblg:45&#8243;][tm_button style=\u00bbborder-text\u00bb button=\u00bburl:https%3A%2F%2Fenext.es%2Fes%2Fsobre-nosotros|title:M%C3%A1s%20sobre%20nosotros||\u00bb][tm_spacer size=\u00bblg:90&#8243;][\/vc_column_inner][\/vc_row_inner][\/vc_column][\/vc_row][vc_row full_width=\u00bbstretch_row\u00bb background_color=\u00bbprimary\u00bb lg_spacing=\u00bbpadding_top:30;padding_bottom:30&#8243;][vc_column][vc_column_text]<\/p>\n<p class=\"p1\" style=\"text-align: center; color: #fff;\"><span class=\"s1\"><b style=\"color: #fff;\">No dude en ponerse en contacto con nosotros<\/b> al tel\u00e9fono +34 931 595 971 o en el correo electr\u00f3nico <\/span><a style=\"color: #fff; text-decoration: underline;\" href=\"clients@enext.es\"><span class=\"s2\">clients@enext.es<\/span><\/a><\/p>\n<p>[\/vc_column_text][\/vc_column][\/vc_row][vc_row full_width=\u00bbstretch_row\u00bb lg_spacing=\u00bbpadding_top:110;padding_bottom:70&#8243;][vc_column][tm_heading custom_google_font=\u00bb\u00bb text_transform=\u00bbuppercase\u00bb align=\u00bbcenter\u00bb text_color=\u00bbcustom\u00bb custom_text_color=\u00bb#7a8a9e\u00bb text=\u00bbValores\u00bb font_size=\u00bblg:14&#8243; letter_spacing=\u00bb3px\u00bb][tm_spacer size=\u00bblg:20&#8243;][tm_heading custom_google_font=\u00bb\u00bb align=\u00bbcenter\u00bb text=\u00bb\u00bfPor qu\u00e9 somos diferentes?\u00bb font_size=\u00bblg:36&#8243;][tm_spacer size=\u00bblg:27&#8243;][tm_heading tag=\u00bbdiv\u00bb custom_google_font=\u00bb\u00bb align=\u00bbcenter\u00bb text=\u00bbEn Enext trabajamos con eficacia y rigor, somos flexibles, fiables y trabajamos dedicados a nuestros clientes.\u00bb font_size=\u00bblg:18&#8243; max_width=\u00bb770px\u00bb][\/vc_column][\/vc_row][vc_row full_width=\u00bbstretch_row\u00bb background_size=\u00bbauto\u00bb background_image=\u00bb2729&#8243; background_position=\u00bbcenter top\u00bb lg_spacing=\u00bbpadding_bottom:120&#8243;][vc_column][tm_gradation list_style=\u00bbwith_image\u00bb items=\u00bb%5B%7B%22image%22%3A%222613%22%2C%22title%22%3A%22Calidad%22%2C%22text%22%3A%22Ejecutamos%20los%20proyectos%20con%20un%20alto%20est%C3%A1ndar%20de%20calidad%20respetando%20los%20t%C3%A9rminos%20establecidos%20de%20tiempo%20y%20costes%2C%20ajust%C3%A1ndonos%20a%20las%20necesidades%20reales%20de%20nuestro%20cliente.%22%7D%2C%7B%22image%22%3A%222718%22%2C%22title%22%3A%22Fiabilidad%22%2C%22text%22%3A%22Nuestra%20experiencia%20permite%20a%20nuestros%20clientes%20evitar%20retrasos%20y%20reducir%20riesgos.%22%7D%2C%7B%22image%22%3A%222359%22%2C%22title%22%3A%22Flexibilidad%22%2C%22text%22%3A%22El%20tama%C3%B1o%20de%20nuestra%20empresa%20y%20nuestra%20forma%20de%20trabajar%20nos%20dota%20de%20una%20mayor%20capacidad%20de%20adaptaci%C3%B3n%20a%20las%20necesidades%20de%20nuestros%20clientes%20frente%20a%20nuestra%20competencia.%22%7D%2C%7B%22image%22%3A%222361%22%2C%22title%22%3A%22Compromiso%22%2C%22text%22%3A%22Respetamos%20los%20plazos%20y%20presupuestos%20acordados%20llevando%20a%20cabo%20los%20proyectos%20con%20la%20calidad%20exigida.%22%7D%5D\u00bb][\/vc_column][\/vc_row]<\/p>\n<\/div>","protected":false},"excerpt":{"rendered":"<p>[vc_row full_width=\u00bbstretch_row_content\u00bb content_placement=\u00bbmiddle\u00bb][vc_column width=\u00bb1\/2&#8243;][tm_spacer size=\u00bblg:90&#8243;][tm_image align=\u00bbright\u00bb xs_align=\u00bbcenter\u00bb image=\u00bb2313&#8243;][tm_spacer size=\u00bblg:20&#8243;][\/vc_column][vc_column width=\u00bb1\/2&#8243;][vc_row_inner lg_spacing=\u00bbpadding_left:100&#8243; md_spacing=\u00bbpadding_left:80&#8243; sm_spacing=\u00bbpadding_left:15&#8243; max_width=\u00bb600px\u00bb][vc_column_inner][tm_spacer size=\u00bblg:90&#8243;][tm_heading custom_google_font=\u00bb\u00bb text_transform=\u00bbuppercase\u00bb text_color=\u00bbcustom\u00bb custom_text_color=\u00bb#7a8a9e\u00bb text=\u00bbSobre nosotros\u00bb font_size=\u00bblg:14&#8243; letter_spacing=\u00bb3px\u00bb][tm_spacer size=\u00bblg:20&#8243;][tm_heading custom_google_font=\u00bb\u00bb text=\u00bbEspecialistas en el dise\u00f1o y construcci\u00f3n de instalaciones para la industria farmac\u00e9utica\u00bb font_size=\u00bblg:36&#8243;][tm_spacer size=\u00bblg:40&#8243;][tm_heading tag=\u00bbdiv\u00bb custom_google_font=\u00bb\u00bb text=\u00bbDesde su creaci\u00f3n en 2009 en Barcelona, y gracias a un equipo con amplia experiencia en el sector farmac\u00e9utico y biotecnol\u00f3gico, en ENEXT hemos llevado a cabo m\u00e1s de 60 proyectos llave en mano, incluyendo varias plantas completas de nueva construcci\u00f3n.\u00bb font_size=\u00bblg:16&#8243;][tm_spacer size=\u00bblg:45&#8243;][tm_button style=\u00bbborder-text\u00bb button=\u00bburl:https%3A%2F%2Fenext.es%2Fes%2Fsobre-nosotros|title:M%C3%A1s%20sobre%20nosotros||\u00bb][tm_spacer size=\u00bblg:90&#8243;][\/vc_column_inner][\/vc_row_inner][\/vc_column][\/vc_row][vc_row full_width=\u00bbstretch_row\u00bb background_color=\u00bbprimary\u00bb lg_spacing=\u00bbpadding_top:30;padding_bottom:30&#8243;][vc_column][vc_column_text] No dude en ponerse en contacto con nosotros al tel\u00e9fono +34 931 595 971 o en el correo electr\u00f3nico clients@enext.es [\/vc_column_text][\/vc_column][\/vc_row][vc_row full_width=\u00bbstretch_row\u00bb lg_spacing=\u00bbpadding_top:110;padding_bottom:70&#8243;][vc_column][tm_heading custom_google_font=\u00bb\u00bb text_transform=\u00bbuppercase\u00bb align=\u00bbcenter\u00bb text_color=\u00bbcustom\u00bb custom_text_color=\u00bb#7a8a9e\u00bb text=\u00bbValores\u00bb font_size=\u00bblg:14&#8243; letter_spacing=\u00bb3px\u00bb][tm_spacer size=\u00bblg:20&#8243;][tm_heading custom_google_font=\u00bb\u00bb align=\u00bbcenter\u00bb text=\u00bb\u00bfPor qu\u00e9 somos diferentes?\u00bb font_size=\u00bblg:36&#8243;][tm_spacer size=\u00bblg:27&#8243;][tm_heading tag=\u00bbdiv\u00bb custom_google_font=\u00bb\u00bb align=\u00bbcenter\u00bb text=\u00bbEn Enext trabajamos con eficacia y rigor, somos flexibles, fiables y trabajamos dedicados a nuestros clientes.\u00bb font_size=\u00bblg:18&#8243; max_width=\u00bb770px\u00bb][\/vc_column][\/vc_row][vc_row full_width=\u00bbstretch_row\u00bb background_size=\u00bbauto\u00bb background_image=\u00bb2729&#8243; background_position=\u00bbcenter top\u00bb lg_spacing=\u00bbpadding_bottom:120&#8243;][vc_column][tm_gradation list_style=\u00bbwith_image\u00bb items=\u00bb%5B%7B%22image%22%3A%222613%22%2C%22title%22%3A%22Calidad%22%2C%22text%22%3A%22Ejecutamos%20los%20proyectos%20con%20un%20alto%20est%C3%A1ndar%20de%20calidad%20respetando%20los%20t%C3%A9rminos%20establecidos%20de%20tiempo%20y%20costes%2C%20ajust%C3%A1ndonos%20a%20las%20necesidades%20reales%20de%20nuestro%20cliente.%22%7D%2C%7B%22image%22%3A%222718%22%2C%22title%22%3A%22Fiabilidad%22%2C%22text%22%3A%22Nuestra%20experiencia%20permite%20a%20nuestros%20clientes%20evitar%20retrasos%20y%20reducir%20riesgos.%22%7D%2C%7B%22image%22%3A%222359%22%2C%22title%22%3A%22Flexibilidad%22%2C%22text%22%3A%22El%20tama%C3%B1o%20de%20nuestra%20empresa%20y%20nuestra%20forma%20de%20trabajar%20nos%20dota%20de%20una%20mayor%20capacidad%20de%20adaptaci%C3%B3n%20a%20las%20necesidades%20de%20nuestros%20clientes%20frente%20a%20nuestra%20competencia.%22%7D%2C%7B%22image%22%3A%222361%22%2C%22title%22%3A%22Compromiso%22%2C%22text%22%3A%22Respetamos%20los%20plazos%20y%20presupuestos%20acordados%20llevando%20a%20cabo%20los%20proyectos%20con%20la%20calidad%20exigida.%22%7D%5D\u00bb][\/vc_column][\/vc_row]<\/p>\n","protected":false},"author":2,"featured_media":0,"parent":0,"menu_order":0,"comment_status":"closed","ping_status":"closed","template":"","meta":{"footnotes":""},"class_list":["post-2976","page","type-page","status-publish","hentry"],"yoast_head":"<!-- This site is optimized with the Yoast SEO plugin v23.4 - https:\/\/yoast.com\/wordpress\/plugins\/seo\/ -->\n<title>Inicio | Enext<\/title>\n<meta name=\"robots\" content=\"index, follow, max-snippet:-1, max-image-preview:large, max-video-preview:-1\" \/>\n<link rel=\"canonical\" href=\"https:\/\/enext.es\/es\/\" \/>\n<meta property=\"og:locale\" content=\"es_ES\" \/>\n<meta property=\"og:type\" content=\"article\" \/>\n<meta property=\"og:title\" content=\"Inicio | Enext\" \/>\n<meta property=\"og:description\" content=\"[vc_row full_width=\u00bbstretch_row_content\u00bb content_placement=\u00bbmiddle\u00bb][vc_column width=\u00bb1\/2&#8243;][tm_spacer size=\u00bblg:90&#8243;][tm_image align=\u00bbright\u00bb xs_align=\u00bbcenter\u00bb image=\u00bb2313&#8243;][tm_spacer size=\u00bblg:20&#8243;][\/vc_column][vc_column width=\u00bb1\/2&#8243;][vc_row_inner lg_spacing=\u00bbpadding_left:100&#8243; md_spacing=\u00bbpadding_left:80&#8243; sm_spacing=\u00bbpadding_left:15&#8243; max_width=\u00bb600px\u00bb][vc_column_inner][tm_spacer size=\u00bblg:90&#8243;][tm_heading custom_google_font=\u00bb\u00bb text_transform=\u00bbuppercase\u00bb text_color=\u00bbcustom\u00bb custom_text_color=\u00bb#7a8a9e\u00bb text=\u00bbSobre nosotros\u00bb font_size=\u00bblg:14&#8243; letter_spacing=\u00bb3px\u00bb][tm_spacer size=\u00bblg:20&#8243;][tm_heading custom_google_font=\u00bb\u00bb text=\u00bbEspecialistas en el dise\u00f1o y construcci\u00f3n de instalaciones para la industria farmac\u00e9utica\u00bb font_size=\u00bblg:36&#8243;][tm_spacer size=\u00bblg:40&#8243;][tm_heading tag=\u00bbdiv\u00bb custom_google_font=\u00bb\u00bb text=\u00bbDesde su creaci\u00f3n en 2009 en Barcelona, y gracias a un equipo con amplia experiencia en el sector farmac\u00e9utico y biotecnol\u00f3gico, en ENEXT hemos llevado a cabo m\u00e1s de 60 proyectos llave en mano, incluyendo varias plantas completas de nueva construcci\u00f3n.\u00bb font_size=\u00bblg:16&#8243;][tm_spacer size=\u00bblg:45&#8243;][tm_button style=\u00bbborder-text\u00bb button=\u00bburl:https%3A%2F%2Fenext.es%2Fes%2Fsobre-nosotros|title:M%C3%A1s%20sobre%20nosotros||\u00bb][tm_spacer size=\u00bblg:90&#8243;][\/vc_column_inner][\/vc_row_inner][\/vc_column][\/vc_row][vc_row full_width=\u00bbstretch_row\u00bb background_color=\u00bbprimary\u00bb lg_spacing=\u00bbpadding_top:30;padding_bottom:30&#8243;][vc_column][vc_column_text] No dude en ponerse en contacto con nosotros al tel\u00e9fono +34 931 595 971 o en el correo electr\u00f3nico clients@enext.es [\/vc_column_text][\/vc_column][\/vc_row][vc_row full_width=\u00bbstretch_row\u00bb lg_spacing=\u00bbpadding_top:110;padding_bottom:70&#8243;][vc_column][tm_heading custom_google_font=\u00bb\u00bb text_transform=\u00bbuppercase\u00bb align=\u00bbcenter\u00bb text_color=\u00bbcustom\u00bb custom_text_color=\u00bb#7a8a9e\u00bb text=\u00bbValores\u00bb font_size=\u00bblg:14&#8243; letter_spacing=\u00bb3px\u00bb][tm_spacer size=\u00bblg:20&#8243;][tm_heading custom_google_font=\u00bb\u00bb align=\u00bbcenter\u00bb text=\u00bb\u00bfPor qu\u00e9 somos diferentes?\u00bb font_size=\u00bblg:36&#8243;][tm_spacer size=\u00bblg:27&#8243;][tm_heading tag=\u00bbdiv\u00bb custom_google_font=\u00bb\u00bb align=\u00bbcenter\u00bb text=\u00bbEn Enext trabajamos con eficacia y rigor, somos flexibles, fiables y trabajamos dedicados a nuestros clientes.\u00bb font_size=\u00bblg:18&#8243; max_width=\u00bb770px\u00bb][\/vc_column][\/vc_row][vc_row full_width=\u00bbstretch_row\u00bb background_size=\u00bbauto\u00bb background_image=\u00bb2729&#8243; background_position=\u00bbcenter top\u00bb lg_spacing=\u00bbpadding_bottom:120&#8243;][vc_column][tm_gradation list_style=\u00bbwith_image\u00bb items=\u00bb%5B%7B%22image%22%3A%222613%22%2C%22title%22%3A%22Calidad%22%2C%22text%22%3A%22Ejecutamos%20los%20proyectos%20con%20un%20alto%20est%C3%A1ndar%20de%20calidad%20respetando%20los%20t%C3%A9rminos%20establecidos%20de%20tiempo%20y%20costes%2C%20ajust%C3%A1ndonos%20a%20las%20necesidades%20reales%20de%20nuestro%20cliente.%22%7D%2C%7B%22image%22%3A%222718%22%2C%22title%22%3A%22Fiabilidad%22%2C%22text%22%3A%22Nuestra%20experiencia%20permite%20a%20nuestros%20clientes%20evitar%20retrasos%20y%20reducir%20riesgos.%22%7D%2C%7B%22image%22%3A%222359%22%2C%22title%22%3A%22Flexibilidad%22%2C%22text%22%3A%22El%20tama%C3%B1o%20de%20nuestra%20empresa%20y%20nuestra%20forma%20de%20trabajar%20nos%20dota%20de%20una%20mayor%20capacidad%20de%20adaptaci%C3%B3n%20a%20las%20necesidades%20de%20nuestros%20clientes%20frente%20a%20nuestra%20competencia.%22%7D%2C%7B%22image%22%3A%222361%22%2C%22title%22%3A%22Compromiso%22%2C%22text%22%3A%22Respetamos%20los%20plazos%20y%20presupuestos%20acordados%20llevando%20a%20cabo%20los%20proyectos%20con%20la%20calidad%20exigida.%22%7D%5D\u00bb][\/vc_column][\/vc_row]\" \/>\n<meta property=\"og:url\" content=\"https:\/\/enext.es\/es\/\" \/>\n<meta property=\"og:site_name\" content=\"Enext\" \/>\n<meta property=\"article:modified_time\" content=\"2020-01-12T18:22:47+00:00\" \/>\n<meta name=\"twitter:card\" content=\"summary_large_image\" \/>\n<meta name=\"twitter:label1\" content=\"Tiempo de lectura\" \/>\n\t<meta name=\"twitter:data1\" content=\"3 minutos\" \/>\n<script type=\"application\/ld+json\" class=\"yoast-schema-graph\">{\"@context\":\"https:\/\/schema.org\",\"@graph\":[{\"@type\":\"WebPage\",\"@id\":\"https:\/\/enext.es\/es\/\",\"url\":\"https:\/\/enext.es\/es\/\",\"name\":\"Inicio | Enext\",\"isPartOf\":{\"@id\":\"https:\/\/enext.es\/#website\"},\"datePublished\":\"2019-12-04T09:22:28+00:00\",\"dateModified\":\"2020-01-12T18:22:47+00:00\",\"breadcrumb\":{\"@id\":\"https:\/\/enext.es\/es\/#breadcrumb\"},\"inLanguage\":\"es\",\"potentialAction\":[{\"@type\":\"ReadAction\",\"target\":[\"https:\/\/enext.es\/es\/\"]}]},{\"@type\":\"BreadcrumbList\",\"@id\":\"https:\/\/enext.es\/es\/#breadcrumb\",\"itemListElement\":[{\"@type\":\"ListItem\",\"position\":1,\"name\":\"Portada\",\"item\":\"https:\/\/enext.es\/es\/\"},{\"@type\":\"ListItem\",\"position\":2,\"name\":\"Inicio\"}]},{\"@type\":\"WebSite\",\"@id\":\"https:\/\/enext.es\/#website\",\"url\":\"https:\/\/enext.es\/\",\"name\":\"Enext\",\"description\":\"Design and construction for the pharmaceutical industry\",\"publisher\":{\"@id\":\"https:\/\/enext.es\/#organization\"},\"potentialAction\":[{\"@type\":\"SearchAction\",\"target\":{\"@type\":\"EntryPoint\",\"urlTemplate\":\"https:\/\/enext.es\/?s={search_term_string}\"},\"query-input\":{\"@type\":\"PropertyValueSpecification\",\"valueRequired\":true,\"valueName\":\"search_term_string\"}}],\"inLanguage\":\"es\"},{\"@type\":\"Organization\",\"@id\":\"https:\/\/enext.es\/#organization\",\"name\":\"Enext\",\"url\":\"https:\/\/enext.es\/\",\"logo\":{\"@type\":\"ImageObject\",\"inLanguage\":\"es\",\"@id\":\"https:\/\/enext.es\/#\/schema\/logo\/image\/\",\"url\":\"https:\/\/enext.es\/wp-content\/uploads\/2018\/10\/Enex-we-know-how-logo-retina.png\",\"contentUrl\":\"https:\/\/enext.es\/wp-content\/uploads\/2018\/10\/Enex-we-know-how-logo-retina.png\",\"width\":410,\"height\":117,\"caption\":\"Enext\"},\"image\":{\"@id\":\"https:\/\/enext.es\/#\/schema\/logo\/image\/\"},\"sameAs\":[\"https:\/\/www.linkedin.com\/company\/enext\"]}]}<\/script>\n<!-- \/ Yoast SEO plugin. -->","yoast_head_json":{"title":"Inicio | Enext","robots":{"index":"index","follow":"follow","max-snippet":"max-snippet:-1","max-image-preview":"max-image-preview:large","max-video-preview":"max-video-preview:-1"},"canonical":"https:\/\/enext.es\/es\/","og_locale":"es_ES","og_type":"article","og_title":"Inicio | Enext","og_description":"[vc_row full_width=\u00bbstretch_row_content\u00bb content_placement=\u00bbmiddle\u00bb][vc_column width=\u00bb1\/2&#8243;][tm_spacer size=\u00bblg:90&#8243;][tm_image align=\u00bbright\u00bb xs_align=\u00bbcenter\u00bb image=\u00bb2313&#8243;][tm_spacer size=\u00bblg:20&#8243;][\/vc_column][vc_column width=\u00bb1\/2&#8243;][vc_row_inner lg_spacing=\u00bbpadding_left:100&#8243; md_spacing=\u00bbpadding_left:80&#8243; sm_spacing=\u00bbpadding_left:15&#8243; max_width=\u00bb600px\u00bb][vc_column_inner][tm_spacer size=\u00bblg:90&#8243;][tm_heading custom_google_font=\u00bb\u00bb text_transform=\u00bbuppercase\u00bb text_color=\u00bbcustom\u00bb custom_text_color=\u00bb#7a8a9e\u00bb text=\u00bbSobre nosotros\u00bb font_size=\u00bblg:14&#8243; letter_spacing=\u00bb3px\u00bb][tm_spacer size=\u00bblg:20&#8243;][tm_heading custom_google_font=\u00bb\u00bb text=\u00bbEspecialistas en el dise\u00f1o y construcci\u00f3n de instalaciones para la industria farmac\u00e9utica\u00bb font_size=\u00bblg:36&#8243;][tm_spacer size=\u00bblg:40&#8243;][tm_heading tag=\u00bbdiv\u00bb custom_google_font=\u00bb\u00bb text=\u00bbDesde su creaci\u00f3n en 2009 en Barcelona, y gracias a un equipo con amplia experiencia en el sector farmac\u00e9utico y biotecnol\u00f3gico, en ENEXT hemos llevado a cabo m\u00e1s de 60 proyectos llave en mano, incluyendo varias plantas completas de nueva construcci\u00f3n.\u00bb font_size=\u00bblg:16&#8243;][tm_spacer size=\u00bblg:45&#8243;][tm_button style=\u00bbborder-text\u00bb button=\u00bburl:https%3A%2F%2Fenext.es%2Fes%2Fsobre-nosotros|title:M%C3%A1s%20sobre%20nosotros||\u00bb][tm_spacer size=\u00bblg:90&#8243;][\/vc_column_inner][\/vc_row_inner][\/vc_column][\/vc_row][vc_row full_width=\u00bbstretch_row\u00bb background_color=\u00bbprimary\u00bb lg_spacing=\u00bbpadding_top:30;padding_bottom:30&#8243;][vc_column][vc_column_text] No dude en ponerse en contacto con nosotros al tel\u00e9fono +34 931 595 971 o en el correo electr\u00f3nico clients@enext.es [\/vc_column_text][\/vc_column][\/vc_row][vc_row full_width=\u00bbstretch_row\u00bb lg_spacing=\u00bbpadding_top:110;padding_bottom:70&#8243;][vc_column][tm_heading custom_google_font=\u00bb\u00bb text_transform=\u00bbuppercase\u00bb align=\u00bbcenter\u00bb text_color=\u00bbcustom\u00bb custom_text_color=\u00bb#7a8a9e\u00bb text=\u00bbValores\u00bb font_size=\u00bblg:14&#8243; letter_spacing=\u00bb3px\u00bb][tm_spacer size=\u00bblg:20&#8243;][tm_heading custom_google_font=\u00bb\u00bb align=\u00bbcenter\u00bb text=\u00bb\u00bfPor qu\u00e9 somos diferentes?\u00bb font_size=\u00bblg:36&#8243;][tm_spacer size=\u00bblg:27&#8243;][tm_heading tag=\u00bbdiv\u00bb custom_google_font=\u00bb\u00bb align=\u00bbcenter\u00bb text=\u00bbEn Enext trabajamos con eficacia y rigor, somos flexibles, fiables y trabajamos dedicados a nuestros clientes.\u00bb font_size=\u00bblg:18&#8243; max_width=\u00bb770px\u00bb][\/vc_column][\/vc_row][vc_row full_width=\u00bbstretch_row\u00bb background_size=\u00bbauto\u00bb background_image=\u00bb2729&#8243; background_position=\u00bbcenter top\u00bb lg_spacing=\u00bbpadding_bottom:120&#8243;][vc_column][tm_gradation list_style=\u00bbwith_image\u00bb items=\u00bb%5B%7B%22image%22%3A%222613%22%2C%22title%22%3A%22Calidad%22%2C%22text%22%3A%22Ejecutamos%20los%20proyectos%20con%20un%20alto%20est%C3%A1ndar%20de%20calidad%20respetando%20los%20t%C3%A9rminos%20establecidos%20de%20tiempo%20y%20costes%2C%20ajust%C3%A1ndonos%20a%20las%20necesidades%20reales%20de%20nuestro%20cliente.%22%7D%2C%7B%22image%22%3A%222718%22%2C%22title%22%3A%22Fiabilidad%22%2C%22text%22%3A%22Nuestra%20experiencia%20permite%20a%20nuestros%20clientes%20evitar%20retrasos%20y%20reducir%20riesgos.%22%7D%2C%7B%22image%22%3A%222359%22%2C%22title%22%3A%22Flexibilidad%22%2C%22text%22%3A%22El%20tama%C3%B1o%20de%20nuestra%20empresa%20y%20nuestra%20forma%20de%20trabajar%20nos%20dota%20de%20una%20mayor%20capacidad%20de%20adaptaci%C3%B3n%20a%20las%20necesidades%20de%20nuestros%20clientes%20frente%20a%20nuestra%20competencia.%22%7D%2C%7B%22image%22%3A%222361%22%2C%22title%22%3A%22Compromiso%22%2C%22text%22%3A%22Respetamos%20los%20plazos%20y%20presupuestos%20acordados%20llevando%20a%20cabo%20los%20proyectos%20con%20la%20calidad%20exigida.%22%7D%5D\u00bb][\/vc_column][\/vc_row]","og_url":"https:\/\/enext.es\/es\/","og_site_name":"Enext","article_modified_time":"2020-01-12T18:22:47+00:00","twitter_card":"summary_large_image","twitter_misc":{"Tiempo de lectura":"3 minutos"},"schema":{"@context":"https:\/\/schema.org","@graph":[{"@type":"WebPage","@id":"https:\/\/enext.es\/es\/","url":"https:\/\/enext.es\/es\/","name":"Inicio | Enext","isPartOf":{"@id":"https:\/\/enext.es\/#website"},"datePublished":"2019-12-04T09:22:28+00:00","dateModified":"2020-01-12T18:22:47+00:00","breadcrumb":{"@id":"https:\/\/enext.es\/es\/#breadcrumb"},"inLanguage":"es","potentialAction":[{"@type":"ReadAction","target":["https:\/\/enext.es\/es\/"]}]},{"@type":"BreadcrumbList","@id":"https:\/\/enext.es\/es\/#breadcrumb","itemListElement":[{"@type":"ListItem","position":1,"name":"Portada","item":"https:\/\/enext.es\/es\/"},{"@type":"ListItem","position":2,"name":"Inicio"}]},{"@type":"WebSite","@id":"https:\/\/enext.es\/#website","url":"https:\/\/enext.es\/","name":"Enext","description":"Design and construction for the pharmaceutical industry","publisher":{"@id":"https:\/\/enext.es\/#organization"},"potentialAction":[{"@type":"SearchAction","target":{"@type":"EntryPoint","urlTemplate":"https:\/\/enext.es\/?s={search_term_string}"},"query-input":{"@type":"PropertyValueSpecification","valueRequired":true,"valueName":"search_term_string"}}],"inLanguage":"es"},{"@type":"Organization","@id":"https:\/\/enext.es\/#organization","name":"Enext","url":"https:\/\/enext.es\/","logo":{"@type":"ImageObject","inLanguage":"es","@id":"https:\/\/enext.es\/#\/schema\/logo\/image\/","url":"https:\/\/enext.es\/wp-content\/uploads\/2018\/10\/Enex-we-know-how-logo-retina.png","contentUrl":"https:\/\/enext.es\/wp-content\/uploads\/2018\/10\/Enex-we-know-how-logo-retina.png","width":410,"height":117,"caption":"Enext"},"image":{"@id":"https:\/\/enext.es\/#\/schema\/logo\/image\/"},"sameAs":["https:\/\/www.linkedin.com\/company\/enext"]}]}},"_links":{"self":[{"href":"https:\/\/enext.es\/es\/wp-json\/wp\/v2\/pages\/2976"}],"collection":[{"href":"https:\/\/enext.es\/es\/wp-json\/wp\/v2\/pages"}],"about":[{"href":"https:\/\/enext.es\/es\/wp-json\/wp\/v2\/types\/page"}],"author":[{"embeddable":true,"href":"https:\/\/enext.es\/es\/wp-json\/wp\/v2\/users\/2"}],"replies":[{"embeddable":true,"href":"https:\/\/enext.es\/es\/wp-json\/wp\/v2\/comments?post=2976"}],"version-history":[{"count":5,"href":"https:\/\/enext.es\/es\/wp-json\/wp\/v2\/pages\/2976\/revisions"}],"predecessor-version":[{"id":3613,"href":"https:\/\/enext.es\/es\/wp-json\/wp\/v2\/pages\/2976\/revisions\/3613"}],"wp:attachment":[{"href":"https:\/\/enext.es\/es\/wp-json\/wp\/v2\/media?parent=2976"}],"curies":[{"name":"wp","href":"https:\/\/api.w.org\/{rel}","templated":true}]}}