{"id":3044,"date":"2019-12-04T12:29:00","date_gmt":"2019-12-04T11:29:00","guid":{"rendered":"https:\/\/enext.es\/?page_id=3044"},"modified":"2020-01-12T18:21:17","modified_gmt":"2020-01-12T17:21:17","slug":"sobre-nosotros","status":"publish","type":"page","link":"https:\/\/enext.es\/es\/sobre-nosotros\/","title":{"rendered":"Sobre nosotros"},"content":{"rendered":"<div class=\"wpb-content-wrapper\"><p>[vc_row full_width=\u00bbstretch_row\u00bb overlay_background=\u00bbcustom\u00bb overlay_opacity=\u00bb40&#8243; lg_spacing=\u00bbpadding_top:170;padding_bottom:190&#8243; background_image=\u00bb2728&#8243; background_position=\u00bbcenter center\u00bb sm_spacing=\u00bbpadding_top:130;padding_bottom:150&#8243;][vc_column offset=\u00bbvc_col-md-offset-2 vc_col-md-8&#8243;][tm_popup_video style=\u00bbbutton\u00bb video=\u00bbhttps:\/\/www.youtube.com\/watch?v=9KC3eVfW8zA\u00bb][tm_spacer size=\u00bblg:40&#8243;][tm_heading tag=\u00bbdiv\u00bb custom_google_font=\u00bb\u00bb font_weight=\u00bb600&#8243; align=\u00bbcenter\u00bb text_color=\u00bbcustom\u00bb custom_text_color=\u00bb#ffffff\u00bb text=\u00bbEstamos en Barcelona\u00bb font_size=\u00bblg:18&#8243; max_width=\u00bb590px\u00bb][tm_spacer size=\u00bblg:5&#8243;][tm_heading custom_google_font=\u00bb\u00bb align=\u00bbcenter\u00bb text_color=\u00bbcustom\u00bb custom_text_color=\u00bb#ffffff\u00bb text=\u00bbEnfocados en mantener altos est\u00e1ndares de calidad\u00bb font_size=\u00bbsm:40;md:50;lg:60&#8243;][\/vc_column][\/vc_row][vc_row lg_spacing=\u00bbpadding_top:110;padding_bottom:30&#8243;][vc_column][vc_row_inner][vc_column_inner offset=\u00bbvc_col-md-offset-2 vc_col-md-8&#8243;][tm_heading custom_google_font=\u00bb\u00bb align=\u00bbcenter\u00bb text=\u00bbEstamos <mark> especializados en el dise\u00f1o y construcci\u00f3n<\/mark> de todo tipo de instalaciones para la <mark>industria farmac\u00e9utica y biotecnol\u00f3gica<\/mark>.\u00bb font_size=\u00bblg:36&#8243;][tm_spacer size=\u00bblg:20&#8243;][tm_heading tag=\u00bbdiv\u00bb custom_google_font=\u00bb\u00bb align=\u00bbcenter\u00bb text=\u00bbEnext naci\u00f3 en 2009 en <strong>Barcelona<\/strong>. Desde sus inicios, Enext ha contado con un equipo cualificado y con una dilatada experiencia en la industria farmac\u00e9utica.\u00bb font_size=\u00bblg:18&#8243;][tm_spacer size=\u00bblg:70&#8243;][\/vc_column_inner][\/vc_row_inner][vc_row_inner][vc_column_inner width=\u00bb1\/3&#8243;][tm_counter icon_type=\u00bbfontawesome5&#8243; icon_fontawesome5=\u00bbfal fa-key\u00bb number=\u00bb60&#8243; number_suffix=\u00bb+\u00bb text=\u00bbProyectos \u00abllaves en mano\u00ab\u00bb sub_text=\u00bbM\u00e1s de 60 proyectos e instalaciones en marcha.\u00bb][tm_spacer size=\u00bblg:30&#8243;][\/vc_column_inner][vc_column_inner width=\u00bb1\/3&#8243;][tm_counter icon_type=\u00bbfontawesome5&#8243; icon_fontawesome5=\u00bbfa fa-arrow-alt-up\u00bb border_color=\u00bbprimary\u00bb number=\u00bb20&#8243; number_suffix=\u00bb+\u00bb text=\u00bbEmpleados\u00bb sub_text=\u00bbNuestro experimentado equipo aporta las mejores calidades y compromiso.\u00bb][tm_spacer size=\u00bblg:30&#8243;][\/vc_column_inner][vc_column_inner width=\u00bb1\/3&#8243;][tm_counter icon_type=\u00bbfontawesome5&#8243; icon_fontawesome5=\u00bbfar fa-handshake\u00bb number=\u00bb40&#8243; number_suffix=\u00bb+\u00bb text=\u00bbClientes\u00bb sub_text=\u00bbLo que realmente valoramos es construir relaciones a largo plazo con nuestros clientes y no solo la firma de un contrato.\u00bb][tm_spacer size=\u00bblg:30&#8243;][\/vc_column_inner][\/vc_row_inner][\/vc_column][\/vc_row][vc_row full_width=\u00bbstretch_row\u00bb overlay_background=\u00bbcustom\u00bb overlay_opacity=\u00bb40&#8243; lg_spacing=\u00bbpadding_top:200;padding_bottom:234&#8243; background_image=\u00bb2755&#8243; background_position=\u00bbcenter center\u00bb][vc_column][tm_heading custom_google_font=\u00bb\u00bb align=\u00bbcenter\u00bb text_color=\u00bbcustom\u00bb custom_text_color=\u00bb#ffffff\u00bb font_size=\u00bblg:48&#8243; text=\u00bb\u00a1Estamos buscando!\u00bb][tm_spacer size=\u00bblg:40&#8243;][tm_button align=\u00bbcenter\u00bb button=\u00bburl:https%3A%2F%2Fenext.es%2Fes%2Fempleo|title:Consulta%20las%20vacantes||\u00bb][\/vc_column][\/vc_row]<\/p>\n<\/div>","protected":false},"excerpt":{"rendered":"<p>[vc_row full_width=\u00bbstretch_row\u00bb overlay_background=\u00bbcustom\u00bb overlay_opacity=\u00bb40&#8243; lg_spacing=\u00bbpadding_top:170;padding_bottom:190&#8243; background_image=\u00bb2728&#8243; background_position=\u00bbcenter center\u00bb sm_spacing=\u00bbpadding_top:130;padding_bottom:150&#8243;][vc_column offset=\u00bbvc_col-md-offset-2 vc_col-md-8&#8243;][tm_popup_video style=\u00bbbutton\u00bb video=\u00bbhttps:\/\/www.youtube.com\/watch?v=9KC3eVfW8zA\u00bb][tm_spacer size=\u00bblg:40&#8243;][tm_heading tag=\u00bbdiv\u00bb custom_google_font=\u00bb\u00bb font_weight=\u00bb600&#8243; align=\u00bbcenter\u00bb text_color=\u00bbcustom\u00bb custom_text_color=\u00bb#ffffff\u00bb text=\u00bbEstamos en Barcelona\u00bb font_size=\u00bblg:18&#8243; max_width=\u00bb590px\u00bb][tm_spacer size=\u00bblg:5&#8243;][tm_heading custom_google_font=\u00bb\u00bb align=\u00bbcenter\u00bb text_color=\u00bbcustom\u00bb custom_text_color=\u00bb#ffffff\u00bb text=\u00bbEnfocados en mantener altos est\u00e1ndares de calidad\u00bb font_size=\u00bbsm:40;md:50;lg:60&#8243;][\/vc_column][\/vc_row][vc_row lg_spacing=\u00bbpadding_top:110;padding_bottom:30&#8243;][vc_column][vc_row_inner][vc_column_inner offset=\u00bbvc_col-md-offset-2 vc_col-md-8&#8243;][tm_heading custom_google_font=\u00bb\u00bb align=\u00bbcenter\u00bb text=\u00bbEstamos especializados en el dise\u00f1o y construcci\u00f3n de todo tipo de instalaciones para la industria farmac\u00e9utica y biotecnol\u00f3gica.\u00bb font_size=\u00bblg:36&#8243;][tm_spacer size=\u00bblg:20&#8243;][tm_heading tag=\u00bbdiv\u00bb custom_google_font=\u00bb\u00bb align=\u00bbcenter\u00bb text=\u00bbEnext naci\u00f3 en 2009 en Barcelona. Desde sus inicios, Enext ha contado con un equipo cualificado y con una dilatada experiencia en la industria farmac\u00e9utica.\u00bb font_size=\u00bblg:18&#8243;][tm_spacer size=\u00bblg:70&#8243;][\/vc_column_inner][\/vc_row_inner][vc_row_inner][vc_column_inner width=\u00bb1\/3&#8243;][tm_counter icon_type=\u00bbfontawesome5&#8243; icon_fontawesome5=\u00bbfal fa-key\u00bb number=\u00bb60&#8243; number_suffix=\u00bb+\u00bb text=\u00bbProyectos \u00abllaves en mano\u00ab\u00bb sub_text=\u00bbM\u00e1s de 60 proyectos e instalaciones en marcha.\u00bb][tm_spacer size=\u00bblg:30&#8243;][\/vc_column_inner][vc_column_inner width=\u00bb1\/3&#8243;][tm_counter icon_type=\u00bbfontawesome5&#8243; icon_fontawesome5=\u00bbfa fa-arrow-alt-up\u00bb border_color=\u00bbprimary\u00bb number=\u00bb20&#8243; number_suffix=\u00bb+\u00bb text=\u00bbEmpleados\u00bb sub_text=\u00bbNuestro experimentado equipo aporta las mejores calidades y compromiso.\u00bb][tm_spacer size=\u00bblg:30&#8243;][\/vc_column_inner][vc_column_inner width=\u00bb1\/3&#8243;][tm_counter icon_type=\u00bbfontawesome5&#8243; icon_fontawesome5=\u00bbfar fa-handshake\u00bb number=\u00bb40&#8243; number_suffix=\u00bb+\u00bb text=\u00bbClientes\u00bb sub_text=\u00bbLo que realmente valoramos es construir relaciones a largo plazo con nuestros clientes y no solo la firma de un contrato.\u00bb][tm_spacer size=\u00bblg:30&#8243;][\/vc_column_inner][\/vc_row_inner][\/vc_column][\/vc_row][vc_row full_width=\u00bbstretch_row\u00bb overlay_background=\u00bbcustom\u00bb overlay_opacity=\u00bb40&#8243; lg_spacing=\u00bbpadding_top:200;padding_bottom:234&#8243; background_image=\u00bb2755&#8243; background_position=\u00bbcenter center\u00bb][vc_column][tm_heading custom_google_font=\u00bb\u00bb align=\u00bbcenter\u00bb text_color=\u00bbcustom\u00bb custom_text_color=\u00bb#ffffff\u00bb font_size=\u00bblg:48&#8243; text=\u00bb\u00a1Estamos buscando!\u00bb][tm_spacer size=\u00bblg:40&#8243;][tm_button align=\u00bbcenter\u00bb button=\u00bburl:https%3A%2F%2Fenext.es%2Fes%2Fempleo|title:Consulta%20las%20vacantes||\u00bb][\/vc_column][\/vc_row]<\/p>\n","protected":false},"author":2,"featured_media":0,"parent":0,"menu_order":0,"comment_status":"closed","ping_status":"closed","template":"","meta":{"footnotes":""},"class_list":["post-3044","page","type-page","status-publish","hentry"],"yoast_head":"<!-- This site is optimized with the Yoast SEO plugin v23.4 - https:\/\/yoast.com\/wordpress\/plugins\/seo\/ -->\n<title>Sobre nosotros | Enext<\/title>\n<meta name=\"robots\" content=\"index, follow, max-snippet:-1, max-image-preview:large, max-video-preview:-1\" \/>\n<link rel=\"canonical\" href=\"https:\/\/enext.es\/es\/sobre-nosotros\/\" \/>\n<meta property=\"og:locale\" content=\"es_ES\" \/>\n<meta property=\"og:type\" content=\"article\" \/>\n<meta property=\"og:title\" content=\"Sobre nosotros | Enext\" \/>\n<meta property=\"og:description\" content=\"[vc_row full_width=\u00bbstretch_row\u00bb overlay_background=\u00bbcustom\u00bb overlay_opacity=\u00bb40&#8243; lg_spacing=\u00bbpadding_top:170;padding_bottom:190&#8243; background_image=\u00bb2728&#8243; background_position=\u00bbcenter center\u00bb sm_spacing=\u00bbpadding_top:130;padding_bottom:150&#8243;][vc_column offset=\u00bbvc_col-md-offset-2 vc_col-md-8&#8243;][tm_popup_video style=\u00bbbutton\u00bb video=\u00bbhttps:\/\/www.youtube.com\/watch?v=9KC3eVfW8zA\u00bb][tm_spacer size=\u00bblg:40&#8243;][tm_heading tag=\u00bbdiv\u00bb custom_google_font=\u00bb\u00bb font_weight=\u00bb600&#8243; align=\u00bbcenter\u00bb text_color=\u00bbcustom\u00bb custom_text_color=\u00bb#ffffff\u00bb text=\u00bbEstamos en Barcelona\u00bb font_size=\u00bblg:18&#8243; max_width=\u00bb590px\u00bb][tm_spacer size=\u00bblg:5&#8243;][tm_heading custom_google_font=\u00bb\u00bb align=\u00bbcenter\u00bb text_color=\u00bbcustom\u00bb custom_text_color=\u00bb#ffffff\u00bb text=\u00bbEnfocados en mantener altos est\u00e1ndares de calidad\u00bb font_size=\u00bbsm:40;md:50;lg:60&#8243;][\/vc_column][\/vc_row][vc_row lg_spacing=\u00bbpadding_top:110;padding_bottom:30&#8243;][vc_column][vc_row_inner][vc_column_inner offset=\u00bbvc_col-md-offset-2 vc_col-md-8&#8243;][tm_heading custom_google_font=\u00bb\u00bb align=\u00bbcenter\u00bb text=\u00bbEstamos especializados en el dise\u00f1o y construcci\u00f3n de todo tipo de instalaciones para la industria farmac\u00e9utica y biotecnol\u00f3gica.\u00bb font_size=\u00bblg:36&#8243;][tm_spacer size=\u00bblg:20&#8243;][tm_heading tag=\u00bbdiv\u00bb custom_google_font=\u00bb\u00bb align=\u00bbcenter\u00bb text=\u00bbEnext naci\u00f3 en 2009 en Barcelona. Desde sus inicios, Enext ha contado con un equipo cualificado y con una dilatada experiencia en la industria farmac\u00e9utica.\u00bb font_size=\u00bblg:18&#8243;][tm_spacer size=\u00bblg:70&#8243;][\/vc_column_inner][\/vc_row_inner][vc_row_inner][vc_column_inner width=\u00bb1\/3&#8243;][tm_counter icon_type=\u00bbfontawesome5&#8243; icon_fontawesome5=\u00bbfal fa-key\u00bb number=\u00bb60&#8243; number_suffix=\u00bb+\u00bb text=\u00bbProyectos \u00abllaves en mano\u00ab\u00bb sub_text=\u00bbM\u00e1s de 60 proyectos e instalaciones en marcha.\u00bb][tm_spacer size=\u00bblg:30&#8243;][\/vc_column_inner][vc_column_inner width=\u00bb1\/3&#8243;][tm_counter icon_type=\u00bbfontawesome5&#8243; icon_fontawesome5=\u00bbfa fa-arrow-alt-up\u00bb border_color=\u00bbprimary\u00bb number=\u00bb20&#8243; number_suffix=\u00bb+\u00bb text=\u00bbEmpleados\u00bb sub_text=\u00bbNuestro experimentado equipo aporta las mejores calidades y compromiso.\u00bb][tm_spacer size=\u00bblg:30&#8243;][\/vc_column_inner][vc_column_inner width=\u00bb1\/3&#8243;][tm_counter icon_type=\u00bbfontawesome5&#8243; icon_fontawesome5=\u00bbfar fa-handshake\u00bb number=\u00bb40&#8243; number_suffix=\u00bb+\u00bb text=\u00bbClientes\u00bb sub_text=\u00bbLo que realmente valoramos es construir relaciones a largo plazo con nuestros clientes y no solo la firma de un contrato.\u00bb][tm_spacer size=\u00bblg:30&#8243;][\/vc_column_inner][\/vc_row_inner][\/vc_column][\/vc_row][vc_row full_width=\u00bbstretch_row\u00bb overlay_background=\u00bbcustom\u00bb overlay_opacity=\u00bb40&#8243; lg_spacing=\u00bbpadding_top:200;padding_bottom:234&#8243; background_image=\u00bb2755&#8243; background_position=\u00bbcenter center\u00bb][vc_column][tm_heading custom_google_font=\u00bb\u00bb align=\u00bbcenter\u00bb text_color=\u00bbcustom\u00bb custom_text_color=\u00bb#ffffff\u00bb font_size=\u00bblg:48&#8243; text=\u00bb\u00a1Estamos buscando!\u00bb][tm_spacer size=\u00bblg:40&#8243;][tm_button align=\u00bbcenter\u00bb button=\u00bburl:https%3A%2F%2Fenext.es%2Fes%2Fempleo|title:Consulta%20las%20vacantes||\u00bb][\/vc_column][\/vc_row]\" \/>\n<meta property=\"og:url\" content=\"https:\/\/enext.es\/es\/sobre-nosotros\/\" \/>\n<meta property=\"og:site_name\" content=\"Enext\" \/>\n<meta property=\"article:modified_time\" content=\"2020-01-12T17:21:17+00:00\" \/>\n<meta name=\"twitter:card\" content=\"summary_large_image\" \/>\n<meta name=\"twitter:label1\" content=\"Tiempo de lectura\" \/>\n\t<meta name=\"twitter:data1\" content=\"2 minutos\" \/>\n<script type=\"application\/ld+json\" class=\"yoast-schema-graph\">{\"@context\":\"https:\/\/schema.org\",\"@graph\":[{\"@type\":\"WebPage\",\"@id\":\"https:\/\/enext.es\/es\/sobre-nosotros\/\",\"url\":\"https:\/\/enext.es\/es\/sobre-nosotros\/\",\"name\":\"Sobre nosotros | Enext\",\"isPartOf\":{\"@id\":\"https:\/\/enext.es\/#website\"},\"datePublished\":\"2019-12-04T11:29:00+00:00\",\"dateModified\":\"2020-01-12T17:21:17+00:00\",\"breadcrumb\":{\"@id\":\"https:\/\/enext.es\/es\/sobre-nosotros\/#breadcrumb\"},\"inLanguage\":\"es\",\"potentialAction\":[{\"@type\":\"ReadAction\",\"target\":[\"https:\/\/enext.es\/es\/sobre-nosotros\/\"]}]},{\"@type\":\"BreadcrumbList\",\"@id\":\"https:\/\/enext.es\/es\/sobre-nosotros\/#breadcrumb\",\"itemListElement\":[{\"@type\":\"ListItem\",\"position\":1,\"name\":\"Portada\",\"item\":\"https:\/\/enext.es\/es\/\"},{\"@type\":\"ListItem\",\"position\":2,\"name\":\"Sobre nosotros\"}]},{\"@type\":\"WebSite\",\"@id\":\"https:\/\/enext.es\/#website\",\"url\":\"https:\/\/enext.es\/\",\"name\":\"Enext\",\"description\":\"Design and construction for the pharmaceutical industry\",\"publisher\":{\"@id\":\"https:\/\/enext.es\/#organization\"},\"potentialAction\":[{\"@type\":\"SearchAction\",\"target\":{\"@type\":\"EntryPoint\",\"urlTemplate\":\"https:\/\/enext.es\/?s={search_term_string}\"},\"query-input\":{\"@type\":\"PropertyValueSpecification\",\"valueRequired\":true,\"valueName\":\"search_term_string\"}}],\"inLanguage\":\"es\"},{\"@type\":\"Organization\",\"@id\":\"https:\/\/enext.es\/#organization\",\"name\":\"Enext\",\"url\":\"https:\/\/enext.es\/\",\"logo\":{\"@type\":\"ImageObject\",\"inLanguage\":\"es\",\"@id\":\"https:\/\/enext.es\/#\/schema\/logo\/image\/\",\"url\":\"https:\/\/enext.es\/wp-content\/uploads\/2018\/10\/Enex-we-know-how-logo-retina.png\",\"contentUrl\":\"https:\/\/enext.es\/wp-content\/uploads\/2018\/10\/Enex-we-know-how-logo-retina.png\",\"width\":410,\"height\":117,\"caption\":\"Enext\"},\"image\":{\"@id\":\"https:\/\/enext.es\/#\/schema\/logo\/image\/\"},\"sameAs\":[\"https:\/\/www.linkedin.com\/company\/enext\"]}]}<\/script>\n<!-- \/ Yoast SEO plugin. -->","yoast_head_json":{"title":"Sobre nosotros | Enext","robots":{"index":"index","follow":"follow","max-snippet":"max-snippet:-1","max-image-preview":"max-image-preview:large","max-video-preview":"max-video-preview:-1"},"canonical":"https:\/\/enext.es\/es\/sobre-nosotros\/","og_locale":"es_ES","og_type":"article","og_title":"Sobre nosotros | Enext","og_description":"[vc_row full_width=\u00bbstretch_row\u00bb overlay_background=\u00bbcustom\u00bb overlay_opacity=\u00bb40&#8243; lg_spacing=\u00bbpadding_top:170;padding_bottom:190&#8243; background_image=\u00bb2728&#8243; background_position=\u00bbcenter center\u00bb sm_spacing=\u00bbpadding_top:130;padding_bottom:150&#8243;][vc_column offset=\u00bbvc_col-md-offset-2 vc_col-md-8&#8243;][tm_popup_video style=\u00bbbutton\u00bb video=\u00bbhttps:\/\/www.youtube.com\/watch?v=9KC3eVfW8zA\u00bb][tm_spacer size=\u00bblg:40&#8243;][tm_heading tag=\u00bbdiv\u00bb custom_google_font=\u00bb\u00bb font_weight=\u00bb600&#8243; align=\u00bbcenter\u00bb text_color=\u00bbcustom\u00bb custom_text_color=\u00bb#ffffff\u00bb text=\u00bbEstamos en Barcelona\u00bb font_size=\u00bblg:18&#8243; max_width=\u00bb590px\u00bb][tm_spacer size=\u00bblg:5&#8243;][tm_heading custom_google_font=\u00bb\u00bb align=\u00bbcenter\u00bb text_color=\u00bbcustom\u00bb custom_text_color=\u00bb#ffffff\u00bb text=\u00bbEnfocados en mantener altos est\u00e1ndares de calidad\u00bb font_size=\u00bbsm:40;md:50;lg:60&#8243;][\/vc_column][\/vc_row][vc_row lg_spacing=\u00bbpadding_top:110;padding_bottom:30&#8243;][vc_column][vc_row_inner][vc_column_inner offset=\u00bbvc_col-md-offset-2 vc_col-md-8&#8243;][tm_heading custom_google_font=\u00bb\u00bb align=\u00bbcenter\u00bb text=\u00bbEstamos especializados en el dise\u00f1o y construcci\u00f3n de todo tipo de instalaciones para la industria farmac\u00e9utica y biotecnol\u00f3gica.\u00bb font_size=\u00bblg:36&#8243;][tm_spacer size=\u00bblg:20&#8243;][tm_heading tag=\u00bbdiv\u00bb custom_google_font=\u00bb\u00bb align=\u00bbcenter\u00bb text=\u00bbEnext naci\u00f3 en 2009 en Barcelona. Desde sus inicios, Enext ha contado con un equipo cualificado y con una dilatada experiencia en la industria farmac\u00e9utica.\u00bb font_size=\u00bblg:18&#8243;][tm_spacer size=\u00bblg:70&#8243;][\/vc_column_inner][\/vc_row_inner][vc_row_inner][vc_column_inner width=\u00bb1\/3&#8243;][tm_counter icon_type=\u00bbfontawesome5&#8243; icon_fontawesome5=\u00bbfal fa-key\u00bb number=\u00bb60&#8243; number_suffix=\u00bb+\u00bb text=\u00bbProyectos \u00abllaves en mano\u00ab\u00bb sub_text=\u00bbM\u00e1s de 60 proyectos e instalaciones en marcha.\u00bb][tm_spacer size=\u00bblg:30&#8243;][\/vc_column_inner][vc_column_inner width=\u00bb1\/3&#8243;][tm_counter icon_type=\u00bbfontawesome5&#8243; icon_fontawesome5=\u00bbfa fa-arrow-alt-up\u00bb border_color=\u00bbprimary\u00bb number=\u00bb20&#8243; number_suffix=\u00bb+\u00bb text=\u00bbEmpleados\u00bb sub_text=\u00bbNuestro experimentado equipo aporta las mejores calidades y compromiso.\u00bb][tm_spacer size=\u00bblg:30&#8243;][\/vc_column_inner][vc_column_inner width=\u00bb1\/3&#8243;][tm_counter icon_type=\u00bbfontawesome5&#8243; icon_fontawesome5=\u00bbfar fa-handshake\u00bb number=\u00bb40&#8243; number_suffix=\u00bb+\u00bb text=\u00bbClientes\u00bb sub_text=\u00bbLo que realmente valoramos es construir relaciones a largo plazo con nuestros clientes y no solo la firma de un contrato.\u00bb][tm_spacer size=\u00bblg:30&#8243;][\/vc_column_inner][\/vc_row_inner][\/vc_column][\/vc_row][vc_row full_width=\u00bbstretch_row\u00bb overlay_background=\u00bbcustom\u00bb overlay_opacity=\u00bb40&#8243; lg_spacing=\u00bbpadding_top:200;padding_bottom:234&#8243; background_image=\u00bb2755&#8243; background_position=\u00bbcenter center\u00bb][vc_column][tm_heading custom_google_font=\u00bb\u00bb align=\u00bbcenter\u00bb text_color=\u00bbcustom\u00bb custom_text_color=\u00bb#ffffff\u00bb font_size=\u00bblg:48&#8243; text=\u00bb\u00a1Estamos buscando!\u00bb][tm_spacer size=\u00bblg:40&#8243;][tm_button align=\u00bbcenter\u00bb button=\u00bburl:https%3A%2F%2Fenext.es%2Fes%2Fempleo|title:Consulta%20las%20vacantes||\u00bb][\/vc_column][\/vc_row]","og_url":"https:\/\/enext.es\/es\/sobre-nosotros\/","og_site_name":"Enext","article_modified_time":"2020-01-12T17:21:17+00:00","twitter_card":"summary_large_image","twitter_misc":{"Tiempo de lectura":"2 minutos"},"schema":{"@context":"https:\/\/schema.org","@graph":[{"@type":"WebPage","@id":"https:\/\/enext.es\/es\/sobre-nosotros\/","url":"https:\/\/enext.es\/es\/sobre-nosotros\/","name":"Sobre nosotros | Enext","isPartOf":{"@id":"https:\/\/enext.es\/#website"},"datePublished":"2019-12-04T11:29:00+00:00","dateModified":"2020-01-12T17:21:17+00:00","breadcrumb":{"@id":"https:\/\/enext.es\/es\/sobre-nosotros\/#breadcrumb"},"inLanguage":"es","potentialAction":[{"@type":"ReadAction","target":["https:\/\/enext.es\/es\/sobre-nosotros\/"]}]},{"@type":"BreadcrumbList","@id":"https:\/\/enext.es\/es\/sobre-nosotros\/#breadcrumb","itemListElement":[{"@type":"ListItem","position":1,"name":"Portada","item":"https:\/\/enext.es\/es\/"},{"@type":"ListItem","position":2,"name":"Sobre nosotros"}]},{"@type":"WebSite","@id":"https:\/\/enext.es\/#website","url":"https:\/\/enext.es\/","name":"Enext","description":"Design and construction for the pharmaceutical industry","publisher":{"@id":"https:\/\/enext.es\/#organization"},"potentialAction":[{"@type":"SearchAction","target":{"@type":"EntryPoint","urlTemplate":"https:\/\/enext.es\/?s={search_term_string}"},"query-input":{"@type":"PropertyValueSpecification","valueRequired":true,"valueName":"search_term_string"}}],"inLanguage":"es"},{"@type":"Organization","@id":"https:\/\/enext.es\/#organization","name":"Enext","url":"https:\/\/enext.es\/","logo":{"@type":"ImageObject","inLanguage":"es","@id":"https:\/\/enext.es\/#\/schema\/logo\/image\/","url":"https:\/\/enext.es\/wp-content\/uploads\/2018\/10\/Enex-we-know-how-logo-retina.png","contentUrl":"https:\/\/enext.es\/wp-content\/uploads\/2018\/10\/Enex-we-know-how-logo-retina.png","width":410,"height":117,"caption":"Enext"},"image":{"@id":"https:\/\/enext.es\/#\/schema\/logo\/image\/"},"sameAs":["https:\/\/www.linkedin.com\/company\/enext"]}]}},"_links":{"self":[{"href":"https:\/\/enext.es\/es\/wp-json\/wp\/v2\/pages\/3044"}],"collection":[{"href":"https:\/\/enext.es\/es\/wp-json\/wp\/v2\/pages"}],"about":[{"href":"https:\/\/enext.es\/es\/wp-json\/wp\/v2\/types\/page"}],"author":[{"embeddable":true,"href":"https:\/\/enext.es\/es\/wp-json\/wp\/v2\/users\/2"}],"replies":[{"embeddable":true,"href":"https:\/\/enext.es\/es\/wp-json\/wp\/v2\/comments?post=3044"}],"version-history":[{"count":6,"href":"https:\/\/enext.es\/es\/wp-json\/wp\/v2\/pages\/3044\/revisions"}],"predecessor-version":[{"id":3603,"href":"https:\/\/enext.es\/es\/wp-json\/wp\/v2\/pages\/3044\/revisions\/3603"}],"wp:attachment":[{"href":"https:\/\/enext.es\/es\/wp-json\/wp\/v2\/media?parent=3044"}],"curies":[{"name":"wp","href":"https:\/\/api.w.org\/{rel}","templated":true}]}}