{"id":3056,"date":"2019-12-04T13:05:54","date_gmt":"2019-12-04T12:05:54","guid":{"rendered":"https:\/\/enext.es\/?page_id=3056"},"modified":"2020-01-12T18:22:21","modified_gmt":"2020-01-12T17:22:21","slug":"empleo","status":"publish","type":"page","link":"https:\/\/enext.es\/es\/empleo\/","title":{"rendered":"Empleo"},"content":{"rendered":"<div class=\"wpb-content-wrapper\"><p>[vc_row equal_height=\u00bbyes\u00bb content_placement=\u00bbmiddle\u00bb lg_spacing=\u00bbmargin_top:60&#8243; gutter=\u00bblg:0&#8243;][vc_column background_image=\u00bb2391&#8243; offset=\u00bbvc_col-lg-6&#8243; background_position=\u00bbcenter center\u00bb md_spacing=\u00bbpadding_top:500&#8243;][\/vc_column][vc_column offset=\u00bbvc_col-lg-6&#8243;][vc_row_inner background_color=\u00bbcustom\u00bb lg_spacing=\u00bbmargin_right:0;margin_left:0;padding_top:80;padding_right:80;padding_bottom:80;padding_left:80&#8243; custom_background_color=\u00bb#ebf5f5&#8243; xs_spacing=\u00bbpadding_right:35;padding_left:35&#8243;][vc_column_inner][tm_heading custom_google_font=\u00bb\u00bb text=\u00bbIngeniero\/a\u00bb font_size=\u00bblg:30&#8243;][tm_heading tag=\u00bbdiv\u00bb custom_google_font=\u00bb\u00bb text=\u00bbIngeniero\/a para la gesti\u00f3n de proyectos e instalaciones para la industria farmac\u00e9utica.\u00bb css=\u00bb.vc_custom_1575460179472{border-bottom-width: 1px !important;padding-top: 25px !important;padding-bottom: 27px !important;border-bottom-color: #d4d2d2 !important;border-bottom-style: dashed !important;}\u00bb][tm_spacer size=\u00bblg:30&#8243;][tm_heading custom_google_font=\u00bb\u00bb text_color=\u00bbprimary\u00bb text=\u00bbDescripci\u00f3n del puesto\u00bb font_size=\u00bblg:18&#8243;][tm_spacer size=\u00bblg:20&#8243;][tm_list list_style=\u00bbcircle-02&#8243; title_color=\u00bbsecondary\u00bb columns=\u00bbxs:1;lg:1&#8243; items=\u00bb%5B%7B%22item_title%22%3A%22Coordinaci%C3%B3n%20trabajos%3A%20seguimiento%20y%20apoyo%20a%20los%20industriales%20y%20proveedores%2C%20gesti%C3%B3n%20de%20entradas%20y%20salidas%20del%20personal%20de%20montaje%20in%20situ%2C%20organizaci%C3%B3n%20de%20la%20log%C3%ADstica%20de%20materiales.%22%2C%22icon_type%22%3A%22fontawesome5%22%7D%2C%7B%22item_title%22%3A%22Coordinaci%C3%B3n%20de%20la%20planificaci%C3%B3n%22%2C%22icon_type%22%3A%22fontawesome5%22%7D%2C%7B%22item_title%22%3A%22Interlocuci%C3%B3n%20con%20clientes%22%2C%22icon_type%22%3A%22fontawesome5%22%7D%2C%7B%22item_title%22%3A%22Control%20de%20presupuestos%22%2C%22icon_type%22%3A%22fontawesome5%22%7D%2C%7B%22item_title%22%3A%22Gesti%C3%B3n%20de%20pedidos%22%2C%22icon_type%22%3A%22fontawesome5%22%7D%2C%7B%22item_title%22%3A%22Coordinaci%C3%B3n%20en%20las%20instalaciones%20de%20la%20puesta%20en%20marcha%22%2C%22icon_type%22%3A%22fontawesome5%22%7D%2C%7B%22item_title%22%3A%22Se%20valorar%C3%A1%20la%20capacidad%20para%20apoyar%20la%20ingenier%C3%ADa%20de%20detalle%3A%20dise%C3%B1o%20de%20instalaciones%2C%20verificaci%C3%B3n%20de%20los%20planos%22%2C%22icon_type%22%3A%22fontawesome5%22%7D%5D\u00bb][tm_spacer size=\u00bblg:40&#8243;][tm_heading custom_google_font=\u00bb\u00bb text_color=\u00bbprimary\u00bb text=\u00bbFormaci\u00f3n requerida\u00bb font_size=\u00bblg:18&#8243;][tm_heading tag=\u00bbdiv\u00bb custom_google_font=\u00bb\u00bb text=\u00bbIngenier\u00eda qu\u00edmica o industrial (t\u00e9cnica o superior)\u00bb css=\u00bb.vc_custom_1575461139031{border-bottom-width: 1px !important;padding-top: 25px !important;padding-bottom: 27px !important;border-bottom-color: #d4d2d2 !important;border-bottom-style: dashed !important;}\u00bb][tm_spacer size=\u00bblg:40&#8243;][tm_button button=\u00bburl:https%3A%2F%2Fenext.es%2Fes%2Fcontacto|title:Inscr%C3%ADbete||\u00bb][\/vc_column_inner][\/vc_row_inner][\/vc_column][\/vc_row]<\/p>\n<\/div>","protected":false},"excerpt":{"rendered":"<p>[vc_row equal_height=\u00bbyes\u00bb content_placement=\u00bbmiddle\u00bb lg_spacing=\u00bbmargin_top:60&#8243; gutter=\u00bblg:0&#8243;][vc_column background_image=\u00bb2391&#8243; offset=\u00bbvc_col-lg-6&#8243; background_position=\u00bbcenter center\u00bb md_spacing=\u00bbpadding_top:500&#8243;][\/vc_column][vc_column offset=\u00bbvc_col-lg-6&#8243;][vc_row_inner background_color=\u00bbcustom\u00bb lg_spacing=\u00bbmargin_right:0;margin_left:0;padding_top:80;padding_right:80;padding_bottom:80;padding_left:80&#8243; custom_background_color=\u00bb#ebf5f5&#8243; xs_spacing=\u00bbpadding_right:35;padding_left:35&#8243;][vc_column_inner][tm_heading custom_google_font=\u00bb\u00bb text=\u00bbIngeniero\/a\u00bb font_size=\u00bblg:30&#8243;][tm_heading tag=\u00bbdiv\u00bb custom_google_font=\u00bb\u00bb text=\u00bbIngeniero\/a para la gesti\u00f3n de proyectos e instalaciones para la industria farmac\u00e9utica.\u00bb css=\u00bb.vc_custom_1575460179472{border-bottom-width: 1px !important;padding-top: 25px !important;padding-bottom: 27px !important;border-bottom-color: #d4d2d2 !important;border-bottom-style: dashed !important;}\u00bb][tm_spacer size=\u00bblg:30&#8243;][tm_heading custom_google_font=\u00bb\u00bb text_color=\u00bbprimary\u00bb text=\u00bbDescripci\u00f3n del puesto\u00bb font_size=\u00bblg:18&#8243;][tm_spacer size=\u00bblg:20&#8243;][tm_list list_style=\u00bbcircle-02&#8243; title_color=\u00bbsecondary\u00bb columns=\u00bbxs:1;lg:1&#8243; items=\u00bb%5B%7B%22item_title%22%3A%22Coordinaci%C3%B3n%20trabajos%3A%20seguimiento%20y%20apoyo%20a%20los%20industriales%20y%20proveedores%2C%20gesti%C3%B3n%20de%20entradas%20y%20salidas%20del%20personal%20de%20montaje%20in%20situ%2C%20organizaci%C3%B3n%20de%20la%20log%C3%ADstica%20de%20materiales.%22%2C%22icon_type%22%3A%22fontawesome5%22%7D%2C%7B%22item_title%22%3A%22Coordinaci%C3%B3n%20de%20la%20planificaci%C3%B3n%22%2C%22icon_type%22%3A%22fontawesome5%22%7D%2C%7B%22item_title%22%3A%22Interlocuci%C3%B3n%20con%20clientes%22%2C%22icon_type%22%3A%22fontawesome5%22%7D%2C%7B%22item_title%22%3A%22Control%20de%20presupuestos%22%2C%22icon_type%22%3A%22fontawesome5%22%7D%2C%7B%22item_title%22%3A%22Gesti%C3%B3n%20de%20pedidos%22%2C%22icon_type%22%3A%22fontawesome5%22%7D%2C%7B%22item_title%22%3A%22Coordinaci%C3%B3n%20en%20las%20instalaciones%20de%20la%20puesta%20en%20marcha%22%2C%22icon_type%22%3A%22fontawesome5%22%7D%2C%7B%22item_title%22%3A%22Se%20valorar%C3%A1%20la%20capacidad%20para%20apoyar%20la%20ingenier%C3%ADa%20de%20detalle%3A%20dise%C3%B1o%20de%20instalaciones%2C%20verificaci%C3%B3n%20de%20los%20planos%22%2C%22icon_type%22%3A%22fontawesome5%22%7D%5D\u00bb][tm_spacer size=\u00bblg:40&#8243;][tm_heading custom_google_font=\u00bb\u00bb text_color=\u00bbprimary\u00bb text=\u00bbFormaci\u00f3n requerida\u00bb font_size=\u00bblg:18&#8243;][tm_heading tag=\u00bbdiv\u00bb custom_google_font=\u00bb\u00bb text=\u00bbIngenier\u00eda qu\u00edmica o industrial (t\u00e9cnica o superior)\u00bb css=\u00bb.vc_custom_1575461139031{border-bottom-width: 1px !important;padding-top: 25px !important;padding-bottom: 27px !important;border-bottom-color: #d4d2d2 !important;border-bottom-style: dashed !important;}\u00bb][tm_spacer size=\u00bblg:40&#8243;][tm_button button=\u00bburl:https%3A%2F%2Fenext.es%2Fes%2Fcontacto|title:Inscr%C3%ADbete||\u00bb][\/vc_column_inner][\/vc_row_inner][\/vc_column][\/vc_row]<\/p>\n","protected":false},"author":2,"featured_media":0,"parent":0,"menu_order":0,"comment_status":"closed","ping_status":"closed","template":"","meta":{"footnotes":""},"class_list":["post-3056","page","type-page","status-publish","hentry"],"yoast_head":"<!-- This site is optimized with the Yoast SEO plugin v23.4 - https:\/\/yoast.com\/wordpress\/plugins\/seo\/ -->\n<title>Empleo | Enext<\/title>\n<meta name=\"robots\" content=\"index, follow, max-snippet:-1, max-image-preview:large, max-video-preview:-1\" \/>\n<link rel=\"canonical\" href=\"https:\/\/enext.es\/es\/empleo\/\" \/>\n<meta property=\"og:locale\" content=\"es_ES\" \/>\n<meta property=\"og:type\" content=\"article\" \/>\n<meta property=\"og:title\" content=\"Empleo | Enext\" \/>\n<meta property=\"og:description\" content=\"[vc_row equal_height=\u00bbyes\u00bb content_placement=\u00bbmiddle\u00bb lg_spacing=\u00bbmargin_top:60&#8243; gutter=\u00bblg:0&#8243;][vc_column background_image=\u00bb2391&#8243; offset=\u00bbvc_col-lg-6&#8243; background_position=\u00bbcenter center\u00bb md_spacing=\u00bbpadding_top:500&#8243;][\/vc_column][vc_column offset=\u00bbvc_col-lg-6&#8243;][vc_row_inner background_color=\u00bbcustom\u00bb lg_spacing=\u00bbmargin_right:0;margin_left:0;padding_top:80;padding_right:80;padding_bottom:80;padding_left:80&#8243; custom_background_color=\u00bb#ebf5f5&#8243; xs_spacing=\u00bbpadding_right:35;padding_left:35&#8243;][vc_column_inner][tm_heading custom_google_font=\u00bb\u00bb text=\u00bbIngeniero\/a\u00bb font_size=\u00bblg:30&#8243;][tm_heading tag=\u00bbdiv\u00bb custom_google_font=\u00bb\u00bb text=\u00bbIngeniero\/a para la gesti\u00f3n de proyectos e instalaciones para la industria farmac\u00e9utica.\u00bb css=\u00bb.vc_custom_1575460179472{border-bottom-width: 1px !important;padding-top: 25px !important;padding-bottom: 27px !important;border-bottom-color: #d4d2d2 !important;border-bottom-style: dashed !important;}\u00bb][tm_spacer size=\u00bblg:30&#8243;][tm_heading custom_google_font=\u00bb\u00bb text_color=\u00bbprimary\u00bb text=\u00bbDescripci\u00f3n del puesto\u00bb font_size=\u00bblg:18&#8243;][tm_spacer size=\u00bblg:20&#8243;][tm_list list_style=\u00bbcircle-02&#8243; title_color=\u00bbsecondary\u00bb columns=\u00bbxs:1;lg:1&#8243; items=\u00bb%5B%7B%22item_title%22%3A%22Coordinaci%C3%B3n%20trabajos%3A%20seguimiento%20y%20apoyo%20a%20los%20industriales%20y%20proveedores%2C%20gesti%C3%B3n%20de%20entradas%20y%20salidas%20del%20personal%20de%20montaje%20in%20situ%2C%20organizaci%C3%B3n%20de%20la%20log%C3%ADstica%20de%20materiales.%22%2C%22icon_type%22%3A%22fontawesome5%22%7D%2C%7B%22item_title%22%3A%22Coordinaci%C3%B3n%20de%20la%20planificaci%C3%B3n%22%2C%22icon_type%22%3A%22fontawesome5%22%7D%2C%7B%22item_title%22%3A%22Interlocuci%C3%B3n%20con%20clientes%22%2C%22icon_type%22%3A%22fontawesome5%22%7D%2C%7B%22item_title%22%3A%22Control%20de%20presupuestos%22%2C%22icon_type%22%3A%22fontawesome5%22%7D%2C%7B%22item_title%22%3A%22Gesti%C3%B3n%20de%20pedidos%22%2C%22icon_type%22%3A%22fontawesome5%22%7D%2C%7B%22item_title%22%3A%22Coordinaci%C3%B3n%20en%20las%20instalaciones%20de%20la%20puesta%20en%20marcha%22%2C%22icon_type%22%3A%22fontawesome5%22%7D%2C%7B%22item_title%22%3A%22Se%20valorar%C3%A1%20la%20capacidad%20para%20apoyar%20la%20ingenier%C3%ADa%20de%20detalle%3A%20dise%C3%B1o%20de%20instalaciones%2C%20verificaci%C3%B3n%20de%20los%20planos%22%2C%22icon_type%22%3A%22fontawesome5%22%7D%5D\u00bb][tm_spacer size=\u00bblg:40&#8243;][tm_heading custom_google_font=\u00bb\u00bb text_color=\u00bbprimary\u00bb text=\u00bbFormaci\u00f3n requerida\u00bb font_size=\u00bblg:18&#8243;][tm_heading tag=\u00bbdiv\u00bb custom_google_font=\u00bb\u00bb text=\u00bbIngenier\u00eda qu\u00edmica o industrial (t\u00e9cnica o superior)\u00bb css=\u00bb.vc_custom_1575461139031{border-bottom-width: 1px !important;padding-top: 25px !important;padding-bottom: 27px !important;border-bottom-color: #d4d2d2 !important;border-bottom-style: dashed !important;}\u00bb][tm_spacer size=\u00bblg:40&#8243;][tm_button button=\u00bburl:https%3A%2F%2Fenext.es%2Fes%2Fcontacto|title:Inscr%C3%ADbete||\u00bb][\/vc_column_inner][\/vc_row_inner][\/vc_column][\/vc_row]\" \/>\n<meta property=\"og:url\" content=\"https:\/\/enext.es\/es\/empleo\/\" \/>\n<meta property=\"og:site_name\" content=\"Enext\" \/>\n<meta property=\"article:modified_time\" content=\"2020-01-12T17:22:21+00:00\" \/>\n<meta name=\"twitter:card\" content=\"summary_large_image\" \/>\n<meta name=\"twitter:label1\" content=\"Tiempo de lectura\" \/>\n\t<meta name=\"twitter:data1\" content=\"2 minutos\" \/>\n<script type=\"application\/ld+json\" class=\"yoast-schema-graph\">{\"@context\":\"https:\/\/schema.org\",\"@graph\":[{\"@type\":\"WebPage\",\"@id\":\"https:\/\/enext.es\/es\/empleo\/\",\"url\":\"https:\/\/enext.es\/es\/empleo\/\",\"name\":\"Empleo | Enext\",\"isPartOf\":{\"@id\":\"https:\/\/enext.es\/#website\"},\"datePublished\":\"2019-12-04T12:05:54+00:00\",\"dateModified\":\"2020-01-12T17:22:21+00:00\",\"breadcrumb\":{\"@id\":\"https:\/\/enext.es\/es\/empleo\/#breadcrumb\"},\"inLanguage\":\"es\",\"potentialAction\":[{\"@type\":\"ReadAction\",\"target\":[\"https:\/\/enext.es\/es\/empleo\/\"]}]},{\"@type\":\"BreadcrumbList\",\"@id\":\"https:\/\/enext.es\/es\/empleo\/#breadcrumb\",\"itemListElement\":[{\"@type\":\"ListItem\",\"position\":1,\"name\":\"Portada\",\"item\":\"https:\/\/enext.es\/es\/\"},{\"@type\":\"ListItem\",\"position\":2,\"name\":\"Empleo\"}]},{\"@type\":\"WebSite\",\"@id\":\"https:\/\/enext.es\/#website\",\"url\":\"https:\/\/enext.es\/\",\"name\":\"Enext\",\"description\":\"Design and construction for the pharmaceutical industry\",\"publisher\":{\"@id\":\"https:\/\/enext.es\/#organization\"},\"potentialAction\":[{\"@type\":\"SearchAction\",\"target\":{\"@type\":\"EntryPoint\",\"urlTemplate\":\"https:\/\/enext.es\/?s={search_term_string}\"},\"query-input\":{\"@type\":\"PropertyValueSpecification\",\"valueRequired\":true,\"valueName\":\"search_term_string\"}}],\"inLanguage\":\"es\"},{\"@type\":\"Organization\",\"@id\":\"https:\/\/enext.es\/#organization\",\"name\":\"Enext\",\"url\":\"https:\/\/enext.es\/\",\"logo\":{\"@type\":\"ImageObject\",\"inLanguage\":\"es\",\"@id\":\"https:\/\/enext.es\/#\/schema\/logo\/image\/\",\"url\":\"https:\/\/enext.es\/wp-content\/uploads\/2018\/10\/Enex-we-know-how-logo-retina.png\",\"contentUrl\":\"https:\/\/enext.es\/wp-content\/uploads\/2018\/10\/Enex-we-know-how-logo-retina.png\",\"width\":410,\"height\":117,\"caption\":\"Enext\"},\"image\":{\"@id\":\"https:\/\/enext.es\/#\/schema\/logo\/image\/\"},\"sameAs\":[\"https:\/\/www.linkedin.com\/company\/enext\"]}]}<\/script>\n<!-- \/ Yoast SEO plugin. -->","yoast_head_json":{"title":"Empleo | Enext","robots":{"index":"index","follow":"follow","max-snippet":"max-snippet:-1","max-image-preview":"max-image-preview:large","max-video-preview":"max-video-preview:-1"},"canonical":"https:\/\/enext.es\/es\/empleo\/","og_locale":"es_ES","og_type":"article","og_title":"Empleo | Enext","og_description":"[vc_row equal_height=\u00bbyes\u00bb content_placement=\u00bbmiddle\u00bb lg_spacing=\u00bbmargin_top:60&#8243; gutter=\u00bblg:0&#8243;][vc_column background_image=\u00bb2391&#8243; offset=\u00bbvc_col-lg-6&#8243; background_position=\u00bbcenter center\u00bb md_spacing=\u00bbpadding_top:500&#8243;][\/vc_column][vc_column offset=\u00bbvc_col-lg-6&#8243;][vc_row_inner background_color=\u00bbcustom\u00bb lg_spacing=\u00bbmargin_right:0;margin_left:0;padding_top:80;padding_right:80;padding_bottom:80;padding_left:80&#8243; custom_background_color=\u00bb#ebf5f5&#8243; xs_spacing=\u00bbpadding_right:35;padding_left:35&#8243;][vc_column_inner][tm_heading custom_google_font=\u00bb\u00bb text=\u00bbIngeniero\/a\u00bb font_size=\u00bblg:30&#8243;][tm_heading tag=\u00bbdiv\u00bb custom_google_font=\u00bb\u00bb text=\u00bbIngeniero\/a para la gesti\u00f3n de proyectos e instalaciones para la industria farmac\u00e9utica.\u00bb css=\u00bb.vc_custom_1575460179472{border-bottom-width: 1px !important;padding-top: 25px !important;padding-bottom: 27px !important;border-bottom-color: #d4d2d2 !important;border-bottom-style: dashed !important;}\u00bb][tm_spacer size=\u00bblg:30&#8243;][tm_heading custom_google_font=\u00bb\u00bb text_color=\u00bbprimary\u00bb text=\u00bbDescripci\u00f3n del puesto\u00bb font_size=\u00bblg:18&#8243;][tm_spacer size=\u00bblg:20&#8243;][tm_list list_style=\u00bbcircle-02&#8243; title_color=\u00bbsecondary\u00bb columns=\u00bbxs:1;lg:1&#8243; items=\u00bb%5B%7B%22item_title%22%3A%22Coordinaci%C3%B3n%20trabajos%3A%20seguimiento%20y%20apoyo%20a%20los%20industriales%20y%20proveedores%2C%20gesti%C3%B3n%20de%20entradas%20y%20salidas%20del%20personal%20de%20montaje%20in%20situ%2C%20organizaci%C3%B3n%20de%20la%20log%C3%ADstica%20de%20materiales.%22%2C%22icon_type%22%3A%22fontawesome5%22%7D%2C%7B%22item_title%22%3A%22Coordinaci%C3%B3n%20de%20la%20planificaci%C3%B3n%22%2C%22icon_type%22%3A%22fontawesome5%22%7D%2C%7B%22item_title%22%3A%22Interlocuci%C3%B3n%20con%20clientes%22%2C%22icon_type%22%3A%22fontawesome5%22%7D%2C%7B%22item_title%22%3A%22Control%20de%20presupuestos%22%2C%22icon_type%22%3A%22fontawesome5%22%7D%2C%7B%22item_title%22%3A%22Gesti%C3%B3n%20de%20pedidos%22%2C%22icon_type%22%3A%22fontawesome5%22%7D%2C%7B%22item_title%22%3A%22Coordinaci%C3%B3n%20en%20las%20instalaciones%20de%20la%20puesta%20en%20marcha%22%2C%22icon_type%22%3A%22fontawesome5%22%7D%2C%7B%22item_title%22%3A%22Se%20valorar%C3%A1%20la%20capacidad%20para%20apoyar%20la%20ingenier%C3%ADa%20de%20detalle%3A%20dise%C3%B1o%20de%20instalaciones%2C%20verificaci%C3%B3n%20de%20los%20planos%22%2C%22icon_type%22%3A%22fontawesome5%22%7D%5D\u00bb][tm_spacer size=\u00bblg:40&#8243;][tm_heading custom_google_font=\u00bb\u00bb text_color=\u00bbprimary\u00bb text=\u00bbFormaci\u00f3n requerida\u00bb font_size=\u00bblg:18&#8243;][tm_heading tag=\u00bbdiv\u00bb custom_google_font=\u00bb\u00bb text=\u00bbIngenier\u00eda qu\u00edmica o industrial (t\u00e9cnica o superior)\u00bb css=\u00bb.vc_custom_1575461139031{border-bottom-width: 1px !important;padding-top: 25px !important;padding-bottom: 27px !important;border-bottom-color: #d4d2d2 !important;border-bottom-style: dashed !important;}\u00bb][tm_spacer size=\u00bblg:40&#8243;][tm_button button=\u00bburl:https%3A%2F%2Fenext.es%2Fes%2Fcontacto|title:Inscr%C3%ADbete||\u00bb][\/vc_column_inner][\/vc_row_inner][\/vc_column][\/vc_row]","og_url":"https:\/\/enext.es\/es\/empleo\/","og_site_name":"Enext","article_modified_time":"2020-01-12T17:22:21+00:00","twitter_card":"summary_large_image","twitter_misc":{"Tiempo de lectura":"2 minutos"},"schema":{"@context":"https:\/\/schema.org","@graph":[{"@type":"WebPage","@id":"https:\/\/enext.es\/es\/empleo\/","url":"https:\/\/enext.es\/es\/empleo\/","name":"Empleo | Enext","isPartOf":{"@id":"https:\/\/enext.es\/#website"},"datePublished":"2019-12-04T12:05:54+00:00","dateModified":"2020-01-12T17:22:21+00:00","breadcrumb":{"@id":"https:\/\/enext.es\/es\/empleo\/#breadcrumb"},"inLanguage":"es","potentialAction":[{"@type":"ReadAction","target":["https:\/\/enext.es\/es\/empleo\/"]}]},{"@type":"BreadcrumbList","@id":"https:\/\/enext.es\/es\/empleo\/#breadcrumb","itemListElement":[{"@type":"ListItem","position":1,"name":"Portada","item":"https:\/\/enext.es\/es\/"},{"@type":"ListItem","position":2,"name":"Empleo"}]},{"@type":"WebSite","@id":"https:\/\/enext.es\/#website","url":"https:\/\/enext.es\/","name":"Enext","description":"Design and construction for the pharmaceutical industry","publisher":{"@id":"https:\/\/enext.es\/#organization"},"potentialAction":[{"@type":"SearchAction","target":{"@type":"EntryPoint","urlTemplate":"https:\/\/enext.es\/?s={search_term_string}"},"query-input":{"@type":"PropertyValueSpecification","valueRequired":true,"valueName":"search_term_string"}}],"inLanguage":"es"},{"@type":"Organization","@id":"https:\/\/enext.es\/#organization","name":"Enext","url":"https:\/\/enext.es\/","logo":{"@type":"ImageObject","inLanguage":"es","@id":"https:\/\/enext.es\/#\/schema\/logo\/image\/","url":"https:\/\/enext.es\/wp-content\/uploads\/2018\/10\/Enex-we-know-how-logo-retina.png","contentUrl":"https:\/\/enext.es\/wp-content\/uploads\/2018\/10\/Enex-we-know-how-logo-retina.png","width":410,"height":117,"caption":"Enext"},"image":{"@id":"https:\/\/enext.es\/#\/schema\/logo\/image\/"},"sameAs":["https:\/\/www.linkedin.com\/company\/enext"]}]}},"_links":{"self":[{"href":"https:\/\/enext.es\/es\/wp-json\/wp\/v2\/pages\/3056"}],"collection":[{"href":"https:\/\/enext.es\/es\/wp-json\/wp\/v2\/pages"}],"about":[{"href":"https:\/\/enext.es\/es\/wp-json\/wp\/v2\/types\/page"}],"author":[{"embeddable":true,"href":"https:\/\/enext.es\/es\/wp-json\/wp\/v2\/users\/2"}],"replies":[{"embeddable":true,"href":"https:\/\/enext.es\/es\/wp-json\/wp\/v2\/comments?post=3056"}],"version-history":[{"count":4,"href":"https:\/\/enext.es\/es\/wp-json\/wp\/v2\/pages\/3056\/revisions"}],"predecessor-version":[{"id":3604,"href":"https:\/\/enext.es\/es\/wp-json\/wp\/v2\/pages\/3056\/revisions\/3604"}],"wp:attachment":[{"href":"https:\/\/enext.es\/es\/wp-json\/wp\/v2\/media?parent=3056"}],"curies":[{"name":"wp","href":"https:\/\/api.w.org\/{rel}","templated":true}]}}