{"id":3059,"date":"2019-12-04T13:11:58","date_gmt":"2019-12-04T12:11:58","guid":{"rendered":"https:\/\/enext.es\/?page_id=3059"},"modified":"2024-09-17T17:48:45","modified_gmt":"2024-09-17T15:48:45","slug":"contacto","status":"publish","type":"page","link":"https:\/\/enext.es\/es\/contacto\/","title":{"rendered":"Contacto"},"content":{"rendered":"<div class=\"wpb-content-wrapper\"><p>[vc_row full_width=\u00bbstretch_row_content_no_spaces\u00bb][vc_column][vc_raw_html css=\u00bb\u00bb]JTNDaWZyYW1lJTIwc3JjJTNEJTIyaHR0cHMlM0ElMkYlMkZ3d3cuZ29vZ2xlLmNvbSUyRm1hcHMlMkZlbWJlZCUzRnBiJTNEJTIxMW0xOCUyMTFtMTIlMjExbTMlMjExZDI5OTEuNTE3MDQ2MTE3NjgxJTIxMmQyLjE4MjQ2ODQ3NjgzNDQ2MiUyMTNkNDEuNDI4MDAxMzcxMjk0ODI2JTIxMm0zJTIxMWYwJTIxMmYwJTIxM2YwJTIxM20yJTIxMWkxMDI0JTIxMmk3NjglMjE0ZjEzLjElMjEzbTMlMjExbTIlMjExczB4MTJhNGJkM2VhNWQ1ZTYwMSUyNTNBMHhkNWE3OTlhMmI2MDgyYjAwJTIxMnNFbmV4dCUyNTIwUGhhcm1hJTI1MkMlMjUyMFMuTC4lMjE1ZTAlMjEzbTIlMjExc2VuJTIxMnNlcyUyMTR2MTcyNjU4Nzk4NjA3NSUyMTVtMiUyMTFzZW4lMjEyc2VzJTIyJTIwd2lkdGglM0QlMjIxMDAlMjUlMjIlMjBoZWlnaHQlM0QlMjI0NTAlMjIlMjBzdHlsZSUzRCUyMmJvcmRlciUzQTAlM0IlMjIlMjBhbGxvd2Z1bGxzY3JlZW4lM0QlMjIlMjIlMjBsb2FkaW5nJTNEJTIybGF6eSUyMiUyMHJlZmVycmVycG9saWN5JTNEJTIybm8tcmVmZXJyZXItd2hlbi1kb3duZ3JhZGUlMjIlM0UlM0MlMkZpZnJhbWUlM0U=[\/vc_raw_html][\/vc_column][\/vc_row][vc_row lg_spacing=\u00bbpadding_top:120;padding_bottom:60&#8243;][vc_column][tm_heading custom_google_font=\u00bb\u00bb align=\u00bbcenter\u00bb text=\u00bbContacte con nosotros\u00bb font_size=\u00bblg:36&#8243;][tm_spacer size=\u00bblg:20&#8243;][tm_heading tag=\u00bbdiv\u00bb custom_google_font=\u00bb\u00bb align=\u00bbcenter\u00bb text=\u00bbPuede llamarnos o enviarnos un correo electr\u00f3nico para solicitar m\u00e1s informaci\u00f3n\u00bb font_size=\u00bblg:18&#8243; max_width=\u00bb770px\u00bb][tm_spacer size=\u00bblg:80&#8243;][vc_row_inner][vc_column_inner offset=\u00bbvc_col-lg-4&#8243;][tm_box_icon style=\u00bb3&#8243; custom_border_color=\u00bb#d4d2d2&#8243; border_style=\u00bbdashed\u00bb image=\u00bb1588&#8243; heading=\u00bbEstamos en Barcelona\u00bb text=\u00bbAvda. Meridiana 354, 6 A\/D<br \/>\n08027 Barcelona\u00bb button=\u00bb|||\u00bb lg_spacing=\u00bbmargin_bottom:30;border_bottom:1;padding_bottom:30&#8243;][tm_box_icon style=\u00bb3&#8243; custom_border_color=\u00bb#d4d2d2&#8243; border_style=\u00bbdashed\u00bb image=\u00bb1590&#8243; heading=\u00bbTel\u00e9fono\u00bb text=\u00bbDe 8h a 17h<br \/>\n+34 931 595 971&#8243; button=\u00bb|||\u00bb lg_spacing=\u00bbmargin_bottom:30;border_bottom:1;padding_bottom:30&#8243;][tm_box_icon style=\u00bb3&#8243; custom_border_color=\u00bb#d4d2d2&#8243; border_style=\u00bbdashed\u00bb image=\u00bb1589&#8243; heading=\u00bbE-mail\u00bb text=\u00bbclients@enext.es\u00bb button=\u00bb|||\u00bb][tm_social_networks style=\u00bbsolid-rounded-icon-02&#8243; items=\u00bb%5B%7B%22title%22%3A%22Linkedin%22%2C%22link%22%3A%22https%3A%2F%2Fwww.linkedin.com%2Fcompany%2Fenext%22%2C%22icon_type%22%3A%22fontawesome5%22%2C%22icon_fontawesome5%22%3A%22fab%20fa-linkedin-in%22%7D%5D\u00bb][tm_spacer size=\u00bblg:60&#8243;][\/vc_column_inner][vc_column_inner offset=\u00bbvc_col-lg-8&#8243;][tm_contact_form_7 id=\u00bb3043&#8243;][tm_spacer size=\u00bblg:60&#8243;][\/vc_column_inner][\/vc_row_inner][\/vc_column][\/vc_row]<\/p>\n<\/div>","protected":false},"excerpt":{"rendered":"<p>[vc_row full_width=\u00bbstretch_row_content_no_spaces\u00bb][vc_column][vc_raw_html css=\u00bb\u00bb]JTNDaWZyYW1lJTIwc3JjJTNEJTIyaHR0cHMlM0ElMkYlMkZ3d3cuZ29vZ2xlLmNvbSUyRm1hcHMlMkZlbWJlZCUzRnBiJTNEJTIxMW0xOCUyMTFtMTIlMjExbTMlMjExZDI5OTEuNTE3MDQ2MTE3NjgxJTIxMmQyLjE4MjQ2ODQ3NjgzNDQ2MiUyMTNkNDEuNDI4MDAxMzcxMjk0ODI2JTIxMm0zJTIxMWYwJTIxMmYwJTIxM2YwJTIxM20yJTIxMWkxMDI0JTIxMmk3NjglMjE0ZjEzLjElMjEzbTMlMjExbTIlMjExczB4MTJhNGJkM2VhNWQ1ZTYwMSUyNTNBMHhkNWE3OTlhMmI2MDgyYjAwJTIxMnNFbmV4dCUyNTIwUGhhcm1hJTI1MkMlMjUyMFMuTC4lMjE1ZTAlMjEzbTIlMjExc2VuJTIxMnNlcyUyMTR2MTcyNjU4Nzk4NjA3NSUyMTVtMiUyMTFzZW4lMjEyc2VzJTIyJTIwd2lkdGglM0QlMjIxMDAlMjUlMjIlMjBoZWlnaHQlM0QlMjI0NTAlMjIlMjBzdHlsZSUzRCUyMmJvcmRlciUzQTAlM0IlMjIlMjBhbGxvd2Z1bGxzY3JlZW4lM0QlMjIlMjIlMjBsb2FkaW5nJTNEJTIybGF6eSUyMiUyMHJlZmVycmVycG9saWN5JTNEJTIybm8tcmVmZXJyZXItd2hlbi1kb3duZ3JhZGUlMjIlM0UlM0MlMkZpZnJhbWUlM0U=[\/vc_raw_html][\/vc_column][\/vc_row][vc_row lg_spacing=\u00bbpadding_top:120;padding_bottom:60&#8243;][vc_column][tm_heading custom_google_font=\u00bb\u00bb align=\u00bbcenter\u00bb text=\u00bbContacte con nosotros\u00bb font_size=\u00bblg:36&#8243;][tm_spacer size=\u00bblg:20&#8243;][tm_heading tag=\u00bbdiv\u00bb custom_google_font=\u00bb\u00bb align=\u00bbcenter\u00bb text=\u00bbPuede llamarnos o enviarnos un correo electr\u00f3nico para solicitar m\u00e1s informaci\u00f3n\u00bb font_size=\u00bblg:18&#8243; max_width=\u00bb770px\u00bb][tm_spacer size=\u00bblg:80&#8243;][vc_row_inner][vc_column_inner offset=\u00bbvc_col-lg-4&#8243;][tm_box_icon style=\u00bb3&#8243; custom_border_color=\u00bb#d4d2d2&#8243; border_style=\u00bbdashed\u00bb image=\u00bb1588&#8243; heading=\u00bbEstamos en Barcelona\u00bb text=\u00bbAvda. Meridiana 354, 6 A\/D 08027 Barcelona\u00bb button=\u00bb|||\u00bb lg_spacing=\u00bbmargin_bottom:30;border_bottom:1;padding_bottom:30&#8243;][tm_box_icon style=\u00bb3&#8243; custom_border_color=\u00bb#d4d2d2&#8243; border_style=\u00bbdashed\u00bb image=\u00bb1590&#8243; heading=\u00bbTel\u00e9fono\u00bb text=\u00bbDe 8h a 17h +34 931 595 971&#8243; button=\u00bb|||\u00bb lg_spacing=\u00bbmargin_bottom:30;border_bottom:1;padding_bottom:30&#8243;][tm_box_icon style=\u00bb3&#8243; custom_border_color=\u00bb#d4d2d2&#8243; border_style=\u00bbdashed\u00bb image=\u00bb1589&#8243; heading=\u00bbE-mail\u00bb text=\u00bbclients@enext.es\u00bb button=\u00bb|||\u00bb][tm_social_networks style=\u00bbsolid-rounded-icon-02&#8243; items=\u00bb%5B%7B%22title%22%3A%22Linkedin%22%2C%22link%22%3A%22https%3A%2F%2Fwww.linkedin.com%2Fcompany%2Fenext%22%2C%22icon_type%22%3A%22fontawesome5%22%2C%22icon_fontawesome5%22%3A%22fab%20fa-linkedin-in%22%7D%5D\u00bb][tm_spacer size=\u00bblg:60&#8243;][\/vc_column_inner][vc_column_inner offset=\u00bbvc_col-lg-8&#8243;][tm_contact_form_7 id=\u00bb3043&#8243;][tm_spacer size=\u00bblg:60&#8243;][\/vc_column_inner][\/vc_row_inner][\/vc_column][\/vc_row]<\/p>\n","protected":false},"author":2,"featured_media":0,"parent":0,"menu_order":0,"comment_status":"closed","ping_status":"closed","template":"","meta":{"footnotes":""},"class_list":["post-3059","page","type-page","status-publish","hentry"],"yoast_head":"<!-- This site is optimized with the Yoast SEO plugin v23.4 - https:\/\/yoast.com\/wordpress\/plugins\/seo\/ -->\n<title>Contacto | Enext<\/title>\n<meta name=\"robots\" content=\"index, follow, max-snippet:-1, max-image-preview:large, max-video-preview:-1\" \/>\n<link rel=\"canonical\" href=\"https:\/\/enext.es\/es\/contacto\/\" \/>\n<meta property=\"og:locale\" content=\"es_ES\" \/>\n<meta property=\"og:type\" content=\"article\" \/>\n<meta property=\"og:title\" content=\"Contacto | Enext\" \/>\n<meta property=\"og:description\" content=\"[vc_row full_width=\u00bbstretch_row_content_no_spaces\u00bb][vc_column][vc_raw_html css=\u00bb\u00bb]JTNDaWZyYW1lJTIwc3JjJTNEJTIyaHR0cHMlM0ElMkYlMkZ3d3cuZ29vZ2xlLmNvbSUyRm1hcHMlMkZlbWJlZCUzRnBiJTNEJTIxMW0xOCUyMTFtMTIlMjExbTMlMjExZDI5OTEuNTE3MDQ2MTE3NjgxJTIxMmQyLjE4MjQ2ODQ3NjgzNDQ2MiUyMTNkNDEuNDI4MDAxMzcxMjk0ODI2JTIxMm0zJTIxMWYwJTIxMmYwJTIxM2YwJTIxM20yJTIxMWkxMDI0JTIxMmk3NjglMjE0ZjEzLjElMjEzbTMlMjExbTIlMjExczB4MTJhNGJkM2VhNWQ1ZTYwMSUyNTNBMHhkNWE3OTlhMmI2MDgyYjAwJTIxMnNFbmV4dCUyNTIwUGhhcm1hJTI1MkMlMjUyMFMuTC4lMjE1ZTAlMjEzbTIlMjExc2VuJTIxMnNlcyUyMTR2MTcyNjU4Nzk4NjA3NSUyMTVtMiUyMTFzZW4lMjEyc2VzJTIyJTIwd2lkdGglM0QlMjIxMDAlMjUlMjIlMjBoZWlnaHQlM0QlMjI0NTAlMjIlMjBzdHlsZSUzRCUyMmJvcmRlciUzQTAlM0IlMjIlMjBhbGxvd2Z1bGxzY3JlZW4lM0QlMjIlMjIlMjBsb2FkaW5nJTNEJTIybGF6eSUyMiUyMHJlZmVycmVycG9saWN5JTNEJTIybm8tcmVmZXJyZXItd2hlbi1kb3duZ3JhZGUlMjIlM0UlM0MlMkZpZnJhbWUlM0U=[\/vc_raw_html][\/vc_column][\/vc_row][vc_row lg_spacing=\u00bbpadding_top:120;padding_bottom:60&#8243;][vc_column][tm_heading custom_google_font=\u00bb\u00bb align=\u00bbcenter\u00bb text=\u00bbContacte con nosotros\u00bb font_size=\u00bblg:36&#8243;][tm_spacer size=\u00bblg:20&#8243;][tm_heading tag=\u00bbdiv\u00bb custom_google_font=\u00bb\u00bb align=\u00bbcenter\u00bb text=\u00bbPuede llamarnos o enviarnos un correo electr\u00f3nico para solicitar m\u00e1s informaci\u00f3n\u00bb font_size=\u00bblg:18&#8243; max_width=\u00bb770px\u00bb][tm_spacer size=\u00bblg:80&#8243;][vc_row_inner][vc_column_inner offset=\u00bbvc_col-lg-4&#8243;][tm_box_icon style=\u00bb3&#8243; custom_border_color=\u00bb#d4d2d2&#8243; border_style=\u00bbdashed\u00bb image=\u00bb1588&#8243; heading=\u00bbEstamos en Barcelona\u00bb text=\u00bbAvda. Meridiana 354, 6 A\/D 08027 Barcelona\u00bb button=\u00bb|||\u00bb lg_spacing=\u00bbmargin_bottom:30;border_bottom:1;padding_bottom:30&#8243;][tm_box_icon style=\u00bb3&#8243; custom_border_color=\u00bb#d4d2d2&#8243; border_style=\u00bbdashed\u00bb image=\u00bb1590&#8243; heading=\u00bbTel\u00e9fono\u00bb text=\u00bbDe 8h a 17h +34 931 595 971&#8243; button=\u00bb|||\u00bb lg_spacing=\u00bbmargin_bottom:30;border_bottom:1;padding_bottom:30&#8243;][tm_box_icon style=\u00bb3&#8243; custom_border_color=\u00bb#d4d2d2&#8243; border_style=\u00bbdashed\u00bb image=\u00bb1589&#8243; heading=\u00bbE-mail\u00bb text=\u00bbclients@enext.es\u00bb button=\u00bb|||\u00bb][tm_social_networks style=\u00bbsolid-rounded-icon-02&#8243; items=\u00bb%5B%7B%22title%22%3A%22Linkedin%22%2C%22link%22%3A%22https%3A%2F%2Fwww.linkedin.com%2Fcompany%2Fenext%22%2C%22icon_type%22%3A%22fontawesome5%22%2C%22icon_fontawesome5%22%3A%22fab%20fa-linkedin-in%22%7D%5D\u00bb][tm_spacer size=\u00bblg:60&#8243;][\/vc_column_inner][vc_column_inner offset=\u00bbvc_col-lg-8&#8243;][tm_contact_form_7 id=\u00bb3043&#8243;][tm_spacer size=\u00bblg:60&#8243;][\/vc_column_inner][\/vc_row_inner][\/vc_column][\/vc_row]\" \/>\n<meta property=\"og:url\" content=\"https:\/\/enext.es\/es\/contacto\/\" \/>\n<meta property=\"og:site_name\" content=\"Enext\" \/>\n<meta property=\"article:modified_time\" content=\"2024-09-17T15:48:45+00:00\" \/>\n<meta name=\"twitter:card\" content=\"summary_large_image\" \/>\n<meta name=\"twitter:label1\" content=\"Tiempo de lectura\" \/>\n\t<meta name=\"twitter:data1\" content=\"1 minuto\" \/>\n<script type=\"application\/ld+json\" class=\"yoast-schema-graph\">{\"@context\":\"https:\/\/schema.org\",\"@graph\":[{\"@type\":\"WebPage\",\"@id\":\"https:\/\/enext.es\/es\/contacto\/\",\"url\":\"https:\/\/enext.es\/es\/contacto\/\",\"name\":\"Contacto | Enext\",\"isPartOf\":{\"@id\":\"https:\/\/enext.es\/#website\"},\"datePublished\":\"2019-12-04T12:11:58+00:00\",\"dateModified\":\"2024-09-17T15:48:45+00:00\",\"breadcrumb\":{\"@id\":\"https:\/\/enext.es\/es\/contacto\/#breadcrumb\"},\"inLanguage\":\"es\",\"potentialAction\":[{\"@type\":\"ReadAction\",\"target\":[\"https:\/\/enext.es\/es\/contacto\/\"]}]},{\"@type\":\"BreadcrumbList\",\"@id\":\"https:\/\/enext.es\/es\/contacto\/#breadcrumb\",\"itemListElement\":[{\"@type\":\"ListItem\",\"position\":1,\"name\":\"Portada\",\"item\":\"https:\/\/enext.es\/es\/\"},{\"@type\":\"ListItem\",\"position\":2,\"name\":\"Contacto\"}]},{\"@type\":\"WebSite\",\"@id\":\"https:\/\/enext.es\/#website\",\"url\":\"https:\/\/enext.es\/\",\"name\":\"Enext\",\"description\":\"Design and construction for the pharmaceutical industry\",\"publisher\":{\"@id\":\"https:\/\/enext.es\/#organization\"},\"potentialAction\":[{\"@type\":\"SearchAction\",\"target\":{\"@type\":\"EntryPoint\",\"urlTemplate\":\"https:\/\/enext.es\/?s={search_term_string}\"},\"query-input\":{\"@type\":\"PropertyValueSpecification\",\"valueRequired\":true,\"valueName\":\"search_term_string\"}}],\"inLanguage\":\"es\"},{\"@type\":\"Organization\",\"@id\":\"https:\/\/enext.es\/#organization\",\"name\":\"Enext\",\"url\":\"https:\/\/enext.es\/\",\"logo\":{\"@type\":\"ImageObject\",\"inLanguage\":\"es\",\"@id\":\"https:\/\/enext.es\/#\/schema\/logo\/image\/\",\"url\":\"https:\/\/enext.es\/wp-content\/uploads\/2018\/10\/Enex-we-know-how-logo-retina.png\",\"contentUrl\":\"https:\/\/enext.es\/wp-content\/uploads\/2018\/10\/Enex-we-know-how-logo-retina.png\",\"width\":410,\"height\":117,\"caption\":\"Enext\"},\"image\":{\"@id\":\"https:\/\/enext.es\/#\/schema\/logo\/image\/\"},\"sameAs\":[\"https:\/\/www.linkedin.com\/company\/enext\"]}]}<\/script>\n<!-- \/ Yoast SEO plugin. -->","yoast_head_json":{"title":"Contacto | Enext","robots":{"index":"index","follow":"follow","max-snippet":"max-snippet:-1","max-image-preview":"max-image-preview:large","max-video-preview":"max-video-preview:-1"},"canonical":"https:\/\/enext.es\/es\/contacto\/","og_locale":"es_ES","og_type":"article","og_title":"Contacto | Enext","og_description":"[vc_row full_width=\u00bbstretch_row_content_no_spaces\u00bb][vc_column][vc_raw_html css=\u00bb\u00bb]JTNDaWZyYW1lJTIwc3JjJTNEJTIyaHR0cHMlM0ElMkYlMkZ3d3cuZ29vZ2xlLmNvbSUyRm1hcHMlMkZlbWJlZCUzRnBiJTNEJTIxMW0xOCUyMTFtMTIlMjExbTMlMjExZDI5OTEuNTE3MDQ2MTE3NjgxJTIxMmQyLjE4MjQ2ODQ3NjgzNDQ2MiUyMTNkNDEuNDI4MDAxMzcxMjk0ODI2JTIxMm0zJTIxMWYwJTIxMmYwJTIxM2YwJTIxM20yJTIxMWkxMDI0JTIxMmk3NjglMjE0ZjEzLjElMjEzbTMlMjExbTIlMjExczB4MTJhNGJkM2VhNWQ1ZTYwMSUyNTNBMHhkNWE3OTlhMmI2MDgyYjAwJTIxMnNFbmV4dCUyNTIwUGhhcm1hJTI1MkMlMjUyMFMuTC4lMjE1ZTAlMjEzbTIlMjExc2VuJTIxMnNlcyUyMTR2MTcyNjU4Nzk4NjA3NSUyMTVtMiUyMTFzZW4lMjEyc2VzJTIyJTIwd2lkdGglM0QlMjIxMDAlMjUlMjIlMjBoZWlnaHQlM0QlMjI0NTAlMjIlMjBzdHlsZSUzRCUyMmJvcmRlciUzQTAlM0IlMjIlMjBhbGxvd2Z1bGxzY3JlZW4lM0QlMjIlMjIlMjBsb2FkaW5nJTNEJTIybGF6eSUyMiUyMHJlZmVycmVycG9saWN5JTNEJTIybm8tcmVmZXJyZXItd2hlbi1kb3duZ3JhZGUlMjIlM0UlM0MlMkZpZnJhbWUlM0U=[\/vc_raw_html][\/vc_column][\/vc_row][vc_row lg_spacing=\u00bbpadding_top:120;padding_bottom:60&#8243;][vc_column][tm_heading custom_google_font=\u00bb\u00bb align=\u00bbcenter\u00bb text=\u00bbContacte con nosotros\u00bb font_size=\u00bblg:36&#8243;][tm_spacer size=\u00bblg:20&#8243;][tm_heading tag=\u00bbdiv\u00bb custom_google_font=\u00bb\u00bb align=\u00bbcenter\u00bb text=\u00bbPuede llamarnos o enviarnos un correo electr\u00f3nico para solicitar m\u00e1s informaci\u00f3n\u00bb font_size=\u00bblg:18&#8243; max_width=\u00bb770px\u00bb][tm_spacer size=\u00bblg:80&#8243;][vc_row_inner][vc_column_inner offset=\u00bbvc_col-lg-4&#8243;][tm_box_icon style=\u00bb3&#8243; custom_border_color=\u00bb#d4d2d2&#8243; border_style=\u00bbdashed\u00bb image=\u00bb1588&#8243; heading=\u00bbEstamos en Barcelona\u00bb text=\u00bbAvda. Meridiana 354, 6 A\/D 08027 Barcelona\u00bb button=\u00bb|||\u00bb lg_spacing=\u00bbmargin_bottom:30;border_bottom:1;padding_bottom:30&#8243;][tm_box_icon style=\u00bb3&#8243; custom_border_color=\u00bb#d4d2d2&#8243; border_style=\u00bbdashed\u00bb image=\u00bb1590&#8243; heading=\u00bbTel\u00e9fono\u00bb text=\u00bbDe 8h a 17h +34 931 595 971&#8243; button=\u00bb|||\u00bb lg_spacing=\u00bbmargin_bottom:30;border_bottom:1;padding_bottom:30&#8243;][tm_box_icon style=\u00bb3&#8243; custom_border_color=\u00bb#d4d2d2&#8243; border_style=\u00bbdashed\u00bb image=\u00bb1589&#8243; heading=\u00bbE-mail\u00bb text=\u00bbclients@enext.es\u00bb button=\u00bb|||\u00bb][tm_social_networks style=\u00bbsolid-rounded-icon-02&#8243; items=\u00bb%5B%7B%22title%22%3A%22Linkedin%22%2C%22link%22%3A%22https%3A%2F%2Fwww.linkedin.com%2Fcompany%2Fenext%22%2C%22icon_type%22%3A%22fontawesome5%22%2C%22icon_fontawesome5%22%3A%22fab%20fa-linkedin-in%22%7D%5D\u00bb][tm_spacer size=\u00bblg:60&#8243;][\/vc_column_inner][vc_column_inner offset=\u00bbvc_col-lg-8&#8243;][tm_contact_form_7 id=\u00bb3043&#8243;][tm_spacer size=\u00bblg:60&#8243;][\/vc_column_inner][\/vc_row_inner][\/vc_column][\/vc_row]","og_url":"https:\/\/enext.es\/es\/contacto\/","og_site_name":"Enext","article_modified_time":"2024-09-17T15:48:45+00:00","twitter_card":"summary_large_image","twitter_misc":{"Tiempo de lectura":"1 minuto"},"schema":{"@context":"https:\/\/schema.org","@graph":[{"@type":"WebPage","@id":"https:\/\/enext.es\/es\/contacto\/","url":"https:\/\/enext.es\/es\/contacto\/","name":"Contacto | Enext","isPartOf":{"@id":"https:\/\/enext.es\/#website"},"datePublished":"2019-12-04T12:11:58+00:00","dateModified":"2024-09-17T15:48:45+00:00","breadcrumb":{"@id":"https:\/\/enext.es\/es\/contacto\/#breadcrumb"},"inLanguage":"es","potentialAction":[{"@type":"ReadAction","target":["https:\/\/enext.es\/es\/contacto\/"]}]},{"@type":"BreadcrumbList","@id":"https:\/\/enext.es\/es\/contacto\/#breadcrumb","itemListElement":[{"@type":"ListItem","position":1,"name":"Portada","item":"https:\/\/enext.es\/es\/"},{"@type":"ListItem","position":2,"name":"Contacto"}]},{"@type":"WebSite","@id":"https:\/\/enext.es\/#website","url":"https:\/\/enext.es\/","name":"Enext","description":"Design and construction for the pharmaceutical industry","publisher":{"@id":"https:\/\/enext.es\/#organization"},"potentialAction":[{"@type":"SearchAction","target":{"@type":"EntryPoint","urlTemplate":"https:\/\/enext.es\/?s={search_term_string}"},"query-input":{"@type":"PropertyValueSpecification","valueRequired":true,"valueName":"search_term_string"}}],"inLanguage":"es"},{"@type":"Organization","@id":"https:\/\/enext.es\/#organization","name":"Enext","url":"https:\/\/enext.es\/","logo":{"@type":"ImageObject","inLanguage":"es","@id":"https:\/\/enext.es\/#\/schema\/logo\/image\/","url":"https:\/\/enext.es\/wp-content\/uploads\/2018\/10\/Enex-we-know-how-logo-retina.png","contentUrl":"https:\/\/enext.es\/wp-content\/uploads\/2018\/10\/Enex-we-know-how-logo-retina.png","width":410,"height":117,"caption":"Enext"},"image":{"@id":"https:\/\/enext.es\/#\/schema\/logo\/image\/"},"sameAs":["https:\/\/www.linkedin.com\/company\/enext"]}]}},"_links":{"self":[{"href":"https:\/\/enext.es\/es\/wp-json\/wp\/v2\/pages\/3059"}],"collection":[{"href":"https:\/\/enext.es\/es\/wp-json\/wp\/v2\/pages"}],"about":[{"href":"https:\/\/enext.es\/es\/wp-json\/wp\/v2\/types\/page"}],"author":[{"embeddable":true,"href":"https:\/\/enext.es\/es\/wp-json\/wp\/v2\/users\/2"}],"replies":[{"embeddable":true,"href":"https:\/\/enext.es\/es\/wp-json\/wp\/v2\/comments?post=3059"}],"version-history":[{"count":7,"href":"https:\/\/enext.es\/es\/wp-json\/wp\/v2\/pages\/3059\/revisions"}],"predecessor-version":[{"id":3977,"href":"https:\/\/enext.es\/es\/wp-json\/wp\/v2\/pages\/3059\/revisions\/3977"}],"wp:attachment":[{"href":"https:\/\/enext.es\/es\/wp-json\/wp\/v2\/media?parent=3059"}],"curies":[{"name":"wp","href":"https:\/\/api.w.org\/{rel}","templated":true}]}}