{"id":3062,"date":"2019-12-04T13:13:12","date_gmt":"2019-12-04T12:13:12","guid":{"rendered":"https:\/\/enext.es\/?page_id=3062"},"modified":"2024-06-06T14:58:12","modified_gmt":"2024-06-06T12:58:12","slug":"noticias","status":"publish","type":"page","link":"https:\/\/enext.es\/es\/noticias\/","title":{"rendered":"Noticias"},"content":{"rendered":"<div class=\"wpb-content-wrapper\"><p>[vc_row full_width=\u00bbstretch_row\u00bb background_color=\u00bbcustom\u00bb lg_spacing=\u00bbmargin_top:-100;padding_top:100;padding_bottom:100&#8243; custom_background_color=\u00bb#f7f7f7&#8243;][vc_column][vc_row_inner][vc_column_inner width=\u00bb1\/4&#8243;][tm_box_icon style=\u00bb2&#8243; icon_type=\u00bbfontawesome5&#8243; icon_fontawesome5=\u00bbfar fa-comments\u00bb items=\u00bb%5B%7B%7D%5D\u00bb][\/vc_column_inner][vc_column_inner width=\u00bb3\/4&#8243;][vc_column_text]<\/p>\n<h5>Del 10 al 14 de junio de 2024 nos podr\u00e1 encontrar en Frankfurt am Main, Alemania, en la exposici\u00f3n Achema. \u00a1Estaremos encantados de darle la bienvenida en el pabell\u00f3n 3.1, stand B20!<\/h5>\n<h5>Los d\u00edas 25 y 26 de septiembre de 2024 estaremos en Madrid en la expo Farmaforum. Esperamos conocerle en IFEMA, Pabell\u00f3n 9, stand F48.<\/h5>\n<p>[\/vc_column_text][tm_spacer size=\u00bblg:10&#8243;][vc_column_text]Si quiere asistir y necesita una invitaci\u00f3n, escr\u00edbanos a <a href=\"mailto:clients@enext.es\">clients@enext.es<\/a> y se la haremos llegar. \u00a1Hasta pronto![\/vc_column_text][tm_spacer size=\u00bblg:10&#8243;][\/vc_column_inner][\/vc_row_inner][tm_blog style=\u00bbgrid_classic_03&#8243; gutter=\u00bb30&#8243; row_gutter=\u00bb30&#8243; number=\u00bb9&#8243; pagination=\u00bbpagination\u00bb pagination_align=\u00bbcenter\u00bb columns=\u00bbxs:1;sm:2;lg:2&#8243; taxonomies=\u00bbpost_tag:2024, post_tag:2023-4&#8243;][tm_spacer size=\u00bblg:30&#8243;][vc_separator color=\u00bbcustom\u00bb border_width=\u00bb2&#8243; accent_color=\u00bb#298777&#8243;][tm_spacer size=\u00bblg:30&#8243;][tm_blog style=\u00bbgrid_classic_03&#8243; gutter=\u00bb30&#8243; row_gutter=\u00bb30&#8243; number=\u00bb9&#8243; pagination=\u00bbpagination\u00bb pagination_align=\u00bbcenter\u00bb columns=\u00bbxs:1;sm:2;lg:3&#8243; taxonomies=\u00bbpost_tag:2017, post_tag:2018, post_tag:2019, post_tag:2021, post_tag:2022, post_tag:2023-4&#8243;][tm_spacer size=\u00bblg:30&#8243;][\/vc_column][\/vc_row][vc_row full_width=\u00bbstretch_row\u00bb disable_element=\u00bbyes\u00bb background_color=\u00bbcustom\u00bb lg_spacing=\u00bbpadding_top:100;padding_bottom:100&#8243; custom_background_color=\u00bb#f7f7f7&#8243;][vc_column][vc_row_inner][vc_column_inner width=\u00bb1\/4&#8243;][tm_image image=\u00bb2346&#8243;][\/vc_column_inner][vc_column_inner width=\u00bb3\/4&#8243;][vc_cta h2=\u00bb5th &#8211; 7th November 2019 CPhI Worldwide in Frankfurt, Germany\u00bb h4=\u00bbENEXT will be pleased to meet you at next CPhI in Frankfurt. We look forward to talking with you during this event. Come and meet ENEXT and discover HOW \u201cwe know how\u201c\u00bb h4_font_container=\u00bbcolor:%23999999&#8243; h4_use_theme_fonts=\u00bbyes\u00bb shape=\u00bbsquare\u00bb style=\u00bbflat\u00bb use_custom_fonts_h4=\u00bbtrue\u00bb][\/vc_cta][\/vc_column_inner][\/vc_row_inner][\/vc_column][\/vc_row]<\/p>\n<\/div>","protected":false},"excerpt":{"rendered":"<p>[vc_row full_width=\u00bbstretch_row\u00bb background_color=\u00bbcustom\u00bb lg_spacing=\u00bbmargin_top:-100;padding_top:100;padding_bottom:100&#8243; custom_background_color=\u00bb#f7f7f7&#8243;][vc_column][vc_row_inner][vc_column_inner width=\u00bb1\/4&#8243;][tm_box_icon style=\u00bb2&#8243; icon_type=\u00bbfontawesome5&#8243; icon_fontawesome5=\u00bbfar fa-comments\u00bb items=\u00bb%5B%7B%7D%5D\u00bb][\/vc_column_inner][vc_column_inner width=\u00bb3\/4&#8243;][vc_column_text] Del 10 al 14 de junio de 2024 nos podr\u00e1 encontrar en Frankfurt am Main, Alemania, en la exposici\u00f3n Achema. \u00a1Estaremos encantados de darle la bienvenida en el pabell\u00f3n 3.1, stand B20! Los d\u00edas 25 y 26 de septiembre de 2024 estaremos en Madrid en la expo Farmaforum. Esperamos conocerle en IFEMA, Pabell\u00f3n 9, stand F48. [\/vc_column_text][tm_spacer size=\u00bblg:10&#8243;][vc_column_text]Si quiere asistir y necesita una invitaci\u00f3n, escr\u00edbanos a clients@enext.es y se la haremos llegar. \u00a1Hasta pronto![\/vc_column_text][tm_spacer size=\u00bblg:10&#8243;][\/vc_column_inner][\/vc_row_inner][tm_blog style=\u00bbgrid_classic_03&#8243; gutter=\u00bb30&#8243; row_gutter=\u00bb30&#8243; number=\u00bb9&#8243; pagination=\u00bbpagination\u00bb pagination_align=\u00bbcenter\u00bb columns=\u00bbxs:1;sm:2;lg:2&#8243; taxonomies=\u00bbpost_tag:2024, post_tag:2023-4&#8243;][tm_spacer size=\u00bblg:30&#8243;][vc_separator color=\u00bbcustom\u00bb border_width=\u00bb2&#8243; accent_color=\u00bb#298777&#8243;][tm_spacer size=\u00bblg:30&#8243;][tm_blog style=\u00bbgrid_classic_03&#8243; gutter=\u00bb30&#8243; row_gutter=\u00bb30&#8243; number=\u00bb9&#8243; pagination=\u00bbpagination\u00bb pagination_align=\u00bbcenter\u00bb columns=\u00bbxs:1;sm:2;lg:3&#8243; taxonomies=\u00bbpost_tag:2017, post_tag:2018, post_tag:2019, post_tag:2021, post_tag:2022, post_tag:2023-4&#8243;][tm_spacer size=\u00bblg:30&#8243;][\/vc_column][\/vc_row][vc_row full_width=\u00bbstretch_row\u00bb disable_element=\u00bbyes\u00bb background_color=\u00bbcustom\u00bb lg_spacing=\u00bbpadding_top:100;padding_bottom:100&#8243; custom_background_color=\u00bb#f7f7f7&#8243;][vc_column][vc_row_inner][vc_column_inner width=\u00bb1\/4&#8243;][tm_image image=\u00bb2346&#8243;][\/vc_column_inner][vc_column_inner width=\u00bb3\/4&#8243;][vc_cta h2=\u00bb5th &#8211; 7th November 2019 CPhI Worldwide in Frankfurt, Germany\u00bb h4=\u00bbENEXT will be pleased to meet you at next CPhI in Frankfurt. We look forward to talking with you during this event. Come and meet ENEXT and discover HOW \u201cwe know how\u201c\u00bb h4_font_container=\u00bbcolor:%23999999&#8243; h4_use_theme_fonts=\u00bbyes\u00bb shape=\u00bbsquare\u00bb style=\u00bbflat\u00bb use_custom_fonts_h4=\u00bbtrue\u00bb][\/vc_cta][\/vc_column_inner][\/vc_row_inner][\/vc_column][\/vc_row]<\/p>\n","protected":false},"author":2,"featured_media":0,"parent":0,"menu_order":0,"comment_status":"closed","ping_status":"closed","template":"","meta":{"footnotes":""},"class_list":["post-3062","page","type-page","status-publish","hentry"],"yoast_head":"<!-- This site is optimized with the Yoast SEO plugin v23.4 - https:\/\/yoast.com\/wordpress\/plugins\/seo\/ -->\n<title>Noticias | Enext<\/title>\n<meta name=\"robots\" content=\"index, follow, max-snippet:-1, max-image-preview:large, max-video-preview:-1\" \/>\n<link rel=\"canonical\" href=\"https:\/\/enext.es\/es\/noticias\/\" \/>\n<meta property=\"og:locale\" content=\"es_ES\" \/>\n<meta property=\"og:type\" content=\"article\" \/>\n<meta property=\"og:title\" content=\"Noticias | Enext\" \/>\n<meta property=\"og:description\" content=\"[vc_row full_width=\u00bbstretch_row\u00bb background_color=\u00bbcustom\u00bb lg_spacing=\u00bbmargin_top:-100;padding_top:100;padding_bottom:100&#8243; custom_background_color=\u00bb#f7f7f7&#8243;][vc_column][vc_row_inner][vc_column_inner width=\u00bb1\/4&#8243;][tm_box_icon style=\u00bb2&#8243; icon_type=\u00bbfontawesome5&#8243; icon_fontawesome5=\u00bbfar fa-comments\u00bb items=\u00bb%5B%7B%7D%5D\u00bb][\/vc_column_inner][vc_column_inner width=\u00bb3\/4&#8243;][vc_column_text] Del 10 al 14 de junio de 2024 nos podr\u00e1 encontrar en Frankfurt am Main, Alemania, en la exposici\u00f3n Achema. \u00a1Estaremos encantados de darle la bienvenida en el pabell\u00f3n 3.1, stand B20! Los d\u00edas 25 y 26 de septiembre de 2024 estaremos en Madrid en la expo Farmaforum. Esperamos conocerle en IFEMA, Pabell\u00f3n 9, stand F48. [\/vc_column_text][tm_spacer size=\u00bblg:10&#8243;][vc_column_text]Si quiere asistir y necesita una invitaci\u00f3n, escr\u00edbanos a clients@enext.es y se la haremos llegar. \u00a1Hasta pronto![\/vc_column_text][tm_spacer size=\u00bblg:10&#8243;][\/vc_column_inner][\/vc_row_inner][tm_blog style=\u00bbgrid_classic_03&#8243; gutter=\u00bb30&#8243; row_gutter=\u00bb30&#8243; number=\u00bb9&#8243; pagination=\u00bbpagination\u00bb pagination_align=\u00bbcenter\u00bb columns=\u00bbxs:1;sm:2;lg:2&#8243; taxonomies=\u00bbpost_tag:2024, post_tag:2023-4&#8243;][tm_spacer size=\u00bblg:30&#8243;][vc_separator color=\u00bbcustom\u00bb border_width=\u00bb2&#8243; accent_color=\u00bb#298777&#8243;][tm_spacer size=\u00bblg:30&#8243;][tm_blog style=\u00bbgrid_classic_03&#8243; gutter=\u00bb30&#8243; row_gutter=\u00bb30&#8243; number=\u00bb9&#8243; pagination=\u00bbpagination\u00bb pagination_align=\u00bbcenter\u00bb columns=\u00bbxs:1;sm:2;lg:3&#8243; taxonomies=\u00bbpost_tag:2017, post_tag:2018, post_tag:2019, post_tag:2021, post_tag:2022, post_tag:2023-4&#8243;][tm_spacer size=\u00bblg:30&#8243;][\/vc_column][\/vc_row][vc_row full_width=\u00bbstretch_row\u00bb disable_element=\u00bbyes\u00bb background_color=\u00bbcustom\u00bb lg_spacing=\u00bbpadding_top:100;padding_bottom:100&#8243; custom_background_color=\u00bb#f7f7f7&#8243;][vc_column][vc_row_inner][vc_column_inner width=\u00bb1\/4&#8243;][tm_image image=\u00bb2346&#8243;][\/vc_column_inner][vc_column_inner width=\u00bb3\/4&#8243;][vc_cta h2=\u00bb5th &#8211; 7th November 2019 CPhI Worldwide in Frankfurt, Germany\u00bb h4=\u00bbENEXT will be pleased to meet you at next CPhI in Frankfurt. We look forward to talking with you during this event. Come and meet ENEXT and discover HOW \u201cwe know how\u201c\u00bb h4_font_container=\u00bbcolor:%23999999&#8243; h4_use_theme_fonts=\u00bbyes\u00bb shape=\u00bbsquare\u00bb style=\u00bbflat\u00bb use_custom_fonts_h4=\u00bbtrue\u00bb][\/vc_cta][\/vc_column_inner][\/vc_row_inner][\/vc_column][\/vc_row]\" \/>\n<meta property=\"og:url\" content=\"https:\/\/enext.es\/es\/noticias\/\" \/>\n<meta property=\"og:site_name\" content=\"Enext\" \/>\n<meta property=\"article:modified_time\" content=\"2024-06-06T12:58:12+00:00\" \/>\n<meta name=\"twitter:card\" content=\"summary_large_image\" \/>\n<meta name=\"twitter:label1\" content=\"Tiempo de lectura\" \/>\n\t<meta name=\"twitter:data1\" content=\"1 minuto\" \/>\n<script type=\"application\/ld+json\" class=\"yoast-schema-graph\">{\"@context\":\"https:\/\/schema.org\",\"@graph\":[{\"@type\":\"WebPage\",\"@id\":\"https:\/\/enext.es\/es\/noticias\/\",\"url\":\"https:\/\/enext.es\/es\/noticias\/\",\"name\":\"Noticias | Enext\",\"isPartOf\":{\"@id\":\"https:\/\/enext.es\/#website\"},\"datePublished\":\"2019-12-04T12:13:12+00:00\",\"dateModified\":\"2024-06-06T12:58:12+00:00\",\"breadcrumb\":{\"@id\":\"https:\/\/enext.es\/es\/noticias\/#breadcrumb\"},\"inLanguage\":\"es\",\"potentialAction\":[{\"@type\":\"ReadAction\",\"target\":[\"https:\/\/enext.es\/es\/noticias\/\"]}]},{\"@type\":\"BreadcrumbList\",\"@id\":\"https:\/\/enext.es\/es\/noticias\/#breadcrumb\",\"itemListElement\":[{\"@type\":\"ListItem\",\"position\":1,\"name\":\"Portada\",\"item\":\"https:\/\/enext.es\/es\/\"},{\"@type\":\"ListItem\",\"position\":2,\"name\":\"Noticias\"}]},{\"@type\":\"WebSite\",\"@id\":\"https:\/\/enext.es\/#website\",\"url\":\"https:\/\/enext.es\/\",\"name\":\"Enext\",\"description\":\"Design and construction for the pharmaceutical industry\",\"publisher\":{\"@id\":\"https:\/\/enext.es\/#organization\"},\"potentialAction\":[{\"@type\":\"SearchAction\",\"target\":{\"@type\":\"EntryPoint\",\"urlTemplate\":\"https:\/\/enext.es\/?s={search_term_string}\"},\"query-input\":{\"@type\":\"PropertyValueSpecification\",\"valueRequired\":true,\"valueName\":\"search_term_string\"}}],\"inLanguage\":\"es\"},{\"@type\":\"Organization\",\"@id\":\"https:\/\/enext.es\/#organization\",\"name\":\"Enext\",\"url\":\"https:\/\/enext.es\/\",\"logo\":{\"@type\":\"ImageObject\",\"inLanguage\":\"es\",\"@id\":\"https:\/\/enext.es\/#\/schema\/logo\/image\/\",\"url\":\"https:\/\/enext.es\/wp-content\/uploads\/2018\/10\/Enex-we-know-how-logo-retina.png\",\"contentUrl\":\"https:\/\/enext.es\/wp-content\/uploads\/2018\/10\/Enex-we-know-how-logo-retina.png\",\"width\":410,\"height\":117,\"caption\":\"Enext\"},\"image\":{\"@id\":\"https:\/\/enext.es\/#\/schema\/logo\/image\/\"},\"sameAs\":[\"https:\/\/www.linkedin.com\/company\/enext\"]}]}<\/script>\n<!-- \/ Yoast SEO plugin. -->","yoast_head_json":{"title":"Noticias | Enext","robots":{"index":"index","follow":"follow","max-snippet":"max-snippet:-1","max-image-preview":"max-image-preview:large","max-video-preview":"max-video-preview:-1"},"canonical":"https:\/\/enext.es\/es\/noticias\/","og_locale":"es_ES","og_type":"article","og_title":"Noticias | Enext","og_description":"[vc_row full_width=\u00bbstretch_row\u00bb background_color=\u00bbcustom\u00bb lg_spacing=\u00bbmargin_top:-100;padding_top:100;padding_bottom:100&#8243; custom_background_color=\u00bb#f7f7f7&#8243;][vc_column][vc_row_inner][vc_column_inner width=\u00bb1\/4&#8243;][tm_box_icon style=\u00bb2&#8243; icon_type=\u00bbfontawesome5&#8243; icon_fontawesome5=\u00bbfar fa-comments\u00bb items=\u00bb%5B%7B%7D%5D\u00bb][\/vc_column_inner][vc_column_inner width=\u00bb3\/4&#8243;][vc_column_text] Del 10 al 14 de junio de 2024 nos podr\u00e1 encontrar en Frankfurt am Main, Alemania, en la exposici\u00f3n Achema. \u00a1Estaremos encantados de darle la bienvenida en el pabell\u00f3n 3.1, stand B20! Los d\u00edas 25 y 26 de septiembre de 2024 estaremos en Madrid en la expo Farmaforum. Esperamos conocerle en IFEMA, Pabell\u00f3n 9, stand F48. [\/vc_column_text][tm_spacer size=\u00bblg:10&#8243;][vc_column_text]Si quiere asistir y necesita una invitaci\u00f3n, escr\u00edbanos a clients@enext.es y se la haremos llegar. \u00a1Hasta pronto![\/vc_column_text][tm_spacer size=\u00bblg:10&#8243;][\/vc_column_inner][\/vc_row_inner][tm_blog style=\u00bbgrid_classic_03&#8243; gutter=\u00bb30&#8243; row_gutter=\u00bb30&#8243; number=\u00bb9&#8243; pagination=\u00bbpagination\u00bb pagination_align=\u00bbcenter\u00bb columns=\u00bbxs:1;sm:2;lg:2&#8243; taxonomies=\u00bbpost_tag:2024, post_tag:2023-4&#8243;][tm_spacer size=\u00bblg:30&#8243;][vc_separator color=\u00bbcustom\u00bb border_width=\u00bb2&#8243; accent_color=\u00bb#298777&#8243;][tm_spacer size=\u00bblg:30&#8243;][tm_blog style=\u00bbgrid_classic_03&#8243; gutter=\u00bb30&#8243; row_gutter=\u00bb30&#8243; number=\u00bb9&#8243; pagination=\u00bbpagination\u00bb pagination_align=\u00bbcenter\u00bb columns=\u00bbxs:1;sm:2;lg:3&#8243; taxonomies=\u00bbpost_tag:2017, post_tag:2018, post_tag:2019, post_tag:2021, post_tag:2022, post_tag:2023-4&#8243;][tm_spacer size=\u00bblg:30&#8243;][\/vc_column][\/vc_row][vc_row full_width=\u00bbstretch_row\u00bb disable_element=\u00bbyes\u00bb background_color=\u00bbcustom\u00bb lg_spacing=\u00bbpadding_top:100;padding_bottom:100&#8243; custom_background_color=\u00bb#f7f7f7&#8243;][vc_column][vc_row_inner][vc_column_inner width=\u00bb1\/4&#8243;][tm_image image=\u00bb2346&#8243;][\/vc_column_inner][vc_column_inner width=\u00bb3\/4&#8243;][vc_cta h2=\u00bb5th &#8211; 7th November 2019 CPhI Worldwide in Frankfurt, Germany\u00bb h4=\u00bbENEXT will be pleased to meet you at next CPhI in Frankfurt. We look forward to talking with you during this event. Come and meet ENEXT and discover HOW \u201cwe know how\u201c\u00bb h4_font_container=\u00bbcolor:%23999999&#8243; h4_use_theme_fonts=\u00bbyes\u00bb shape=\u00bbsquare\u00bb style=\u00bbflat\u00bb use_custom_fonts_h4=\u00bbtrue\u00bb][\/vc_cta][\/vc_column_inner][\/vc_row_inner][\/vc_column][\/vc_row]","og_url":"https:\/\/enext.es\/es\/noticias\/","og_site_name":"Enext","article_modified_time":"2024-06-06T12:58:12+00:00","twitter_card":"summary_large_image","twitter_misc":{"Tiempo de lectura":"1 minuto"},"schema":{"@context":"https:\/\/schema.org","@graph":[{"@type":"WebPage","@id":"https:\/\/enext.es\/es\/noticias\/","url":"https:\/\/enext.es\/es\/noticias\/","name":"Noticias | Enext","isPartOf":{"@id":"https:\/\/enext.es\/#website"},"datePublished":"2019-12-04T12:13:12+00:00","dateModified":"2024-06-06T12:58:12+00:00","breadcrumb":{"@id":"https:\/\/enext.es\/es\/noticias\/#breadcrumb"},"inLanguage":"es","potentialAction":[{"@type":"ReadAction","target":["https:\/\/enext.es\/es\/noticias\/"]}]},{"@type":"BreadcrumbList","@id":"https:\/\/enext.es\/es\/noticias\/#breadcrumb","itemListElement":[{"@type":"ListItem","position":1,"name":"Portada","item":"https:\/\/enext.es\/es\/"},{"@type":"ListItem","position":2,"name":"Noticias"}]},{"@type":"WebSite","@id":"https:\/\/enext.es\/#website","url":"https:\/\/enext.es\/","name":"Enext","description":"Design and construction for the pharmaceutical industry","publisher":{"@id":"https:\/\/enext.es\/#organization"},"potentialAction":[{"@type":"SearchAction","target":{"@type":"EntryPoint","urlTemplate":"https:\/\/enext.es\/?s={search_term_string}"},"query-input":{"@type":"PropertyValueSpecification","valueRequired":true,"valueName":"search_term_string"}}],"inLanguage":"es"},{"@type":"Organization","@id":"https:\/\/enext.es\/#organization","name":"Enext","url":"https:\/\/enext.es\/","logo":{"@type":"ImageObject","inLanguage":"es","@id":"https:\/\/enext.es\/#\/schema\/logo\/image\/","url":"https:\/\/enext.es\/wp-content\/uploads\/2018\/10\/Enex-we-know-how-logo-retina.png","contentUrl":"https:\/\/enext.es\/wp-content\/uploads\/2018\/10\/Enex-we-know-how-logo-retina.png","width":410,"height":117,"caption":"Enext"},"image":{"@id":"https:\/\/enext.es\/#\/schema\/logo\/image\/"},"sameAs":["https:\/\/www.linkedin.com\/company\/enext"]}]}},"_links":{"self":[{"href":"https:\/\/enext.es\/es\/wp-json\/wp\/v2\/pages\/3062"}],"collection":[{"href":"https:\/\/enext.es\/es\/wp-json\/wp\/v2\/pages"}],"about":[{"href":"https:\/\/enext.es\/es\/wp-json\/wp\/v2\/types\/page"}],"author":[{"embeddable":true,"href":"https:\/\/enext.es\/es\/wp-json\/wp\/v2\/users\/2"}],"replies":[{"embeddable":true,"href":"https:\/\/enext.es\/es\/wp-json\/wp\/v2\/comments?post=3062"}],"version-history":[{"count":24,"href":"https:\/\/enext.es\/es\/wp-json\/wp\/v2\/pages\/3062\/revisions"}],"predecessor-version":[{"id":3741,"href":"https:\/\/enext.es\/es\/wp-json\/wp\/v2\/pages\/3062\/revisions\/3741"}],"wp:attachment":[{"href":"https:\/\/enext.es\/es\/wp-json\/wp\/v2\/media?parent=3062"}],"curies":[{"name":"wp","href":"https:\/\/api.w.org\/{rel}","templated":true}]}}