{"id":3491,"date":"2019-12-05T14:25:44","date_gmt":"2019-12-05T13:25:44","guid":{"rendered":"https:\/\/enext.es\/?page_id=3491"},"modified":"2020-01-12T20:35:40","modified_gmt":"2020-01-12T19:35:40","slug":"nous","status":"publish","type":"page","link":"https:\/\/enext.es\/fr\/nous\/","title":{"rendered":"Nous"},"content":{"rendered":"<div class=\"wpb-content-wrapper\"><p>[vc_row full_width=\u00a0\u00bbstretch_row\u00a0\u00bb overlay_background=\u00a0\u00bbcustom\u00a0\u00bb overlay_opacity=\u00a0\u00bb40&Prime; lg_spacing=\u00a0\u00bbpadding_top:170;padding_bottom:190&Prime; background_image=\u00a0\u00bb2728&Prime; background_position=\u00a0\u00bbcenter center\u00a0\u00bb sm_spacing=\u00a0\u00bbpadding_top:130;padding_bottom:150&Prime;][vc_column offset=\u00a0\u00bbvc_col-md-offset-2 vc_col-md-8&Prime;][tm_popup_video style=\u00a0\u00bbbutton\u00a0\u00bb video=\u00a0\u00bbhttps:\/\/www.youtube.com\/watch?v=9KC3eVfW8zA\u00a0\u00bb][tm_spacer size=\u00a0\u00bblg:40&Prime;][tm_heading tag=\u00a0\u00bbdiv\u00a0\u00bb custom_google_font=\u00a0\u00bb\u00a0\u00bb font_weight=\u00a0\u00bb600&Prime; align=\u00a0\u00bbcenter\u00a0\u00bb text_color=\u00a0\u00bbcustom\u00a0\u00bb custom_text_color=\u00a0\u00bb#ffffff\u00a0\u00bb text=\u00a0\u00bbNous sommes \u00e0 Barcelone\u00a0\u00bb font_size=\u00a0\u00bblg:18&Prime; max_width=\u00a0\u00bb590px\u00a0\u00bb][tm_spacer size=\u00a0\u00bblg:5&Prime;][tm_heading custom_google_font=\u00a0\u00bb\u00a0\u00bb align=\u00a0\u00bbcenter\u00a0\u00bb text_color=\u00a0\u00bbcustom\u00a0\u00bb custom_text_color=\u00a0\u00bb#ffffff\u00a0\u00bb text=\u00a0\u00bbSoucieux de maintenir nos plus hauts standards de qualit\u00e9\u00a0\u00bb font_size=\u00a0\u00bbsm:40;md:50;lg:60&Prime;][\/vc_column][\/vc_row][vc_row lg_spacing=\u00a0\u00bbpadding_top:110;padding_bottom:30&Prime;][vc_column][vc_row_inner][vc_column_inner offset=\u00a0\u00bbvc_col-md-offset-2 vc_col-md-8&Prime;][tm_heading custom_google_font=\u00a0\u00bb\u00a0\u00bb align=\u00a0\u00bbcenter\u00a0\u00bb text=\u00a0\u00bbNous sommes <mark>sp\u00e9cialistes dans la conception et la construction <\/mark> de tous types d&rsquo;installations pour <mark>l&rsquo;industrie pharmaceutique et biotechnologique<\/mark>.\u00a0\u00bb font_size=\u00a0\u00bblg:36&Prime;][tm_spacer size=\u00a0\u00bblg:20&Prime;][tm_heading tag=\u00a0\u00bbdiv\u00a0\u00bb custom_google_font=\u00a0\u00bb\u00a0\u00bb align=\u00a0\u00bbcenter\u00a0\u00bb text=\u00a0\u00bbEnext est n\u00e9e en 2009 \u00e0 <strong>Barcelone<\/strong>. Depuis sa cr\u00e9ation, Enext dispose d&rsquo;une \u00e9quipe qualifi\u00e9e et exp\u00e9riment\u00e9e dans l&rsquo;industrie pharmaceutique.\u00a0\u00bb font_size=\u00a0\u00bblg:18&Prime;][tm_spacer size=\u00a0\u00bblg:70&Prime;][\/vc_column_inner][\/vc_row_inner][vc_row_inner][vc_column_inner width=\u00a0\u00bb1\/3&Prime;][tm_counter icon_type=\u00a0\u00bbfontawesome5&Prime; icon_fontawesome5=\u00a0\u00bbfal fa-key\u00a0\u00bb number=\u00a0\u00bb60&Prime; number_suffix=\u00a0\u00bb+\u00a0\u00bb text=\u00a0\u00bbProjets \u00ab\u00a0cl\u00e9s en mains\u00ab\u00a0\u00a0\u00bb sub_text=\u00a0\u00bbPlus de 60 projets et installations en marche.\u00a0\u00bb][tm_spacer size=\u00a0\u00bblg:30&Prime;][\/vc_column_inner][vc_column_inner width=\u00a0\u00bb1\/3&Prime;][tm_counter icon_type=\u00a0\u00bbfontawesome5&Prime; icon_fontawesome5=\u00a0\u00bbfa fa-arrow-alt-up\u00a0\u00bb border_color=\u00a0\u00bbprimary\u00a0\u00bb number=\u00a0\u00bb20&Prime; number_suffix=\u00a0\u00bb+\u00a0\u00bb text=\u00a0\u00bbEmploy\u00e9s\u00a0\u00bb sub_text=\u00a0\u00bbNotre \u00e9quipe exp\u00e9riment\u00e9e apporte sa qualit\u00e9 et son engagement.\u00a0\u00bb][tm_spacer size=\u00a0\u00bblg:30&Prime;][\/vc_column_inner][vc_column_inner width=\u00a0\u00bb1\/3&Prime;][tm_counter icon_type=\u00a0\u00bbfontawesome5&Prime; icon_fontawesome5=\u00a0\u00bbfar fa-handshake\u00a0\u00bb number=\u00a0\u00bb40&Prime; number_suffix=\u00a0\u00bb+\u00a0\u00bb text=\u00a0\u00bbClients\u00a0\u00bb sub_text=\u00a0\u00bbCe que nous appr\u00e9cions par-dessus tout, c&rsquo;est l&rsquo;\u00e9tablissement de relations \u00e0 long terme avec nos clients et non seulement la signature d&rsquo;un contrat.\u00a0\u00bb][tm_spacer size=\u00a0\u00bblg:30&Prime;][\/vc_column_inner][\/vc_row_inner][\/vc_column][\/vc_row][vc_row full_width=\u00a0\u00bbstretch_row\u00a0\u00bb overlay_background=\u00a0\u00bbcustom\u00a0\u00bb overlay_opacity=\u00a0\u00bb40&Prime; lg_spacing=\u00a0\u00bbpadding_top:200;padding_bottom:234&Prime; background_image=\u00a0\u00bb2755&Prime; background_position=\u00a0\u00bbcenter center\u00a0\u00bb][vc_column][tm_heading custom_google_font=\u00a0\u00bb\u00a0\u00bb align=\u00a0\u00bbcenter\u00a0\u00bb text_color=\u00a0\u00bbcustom\u00a0\u00bb custom_text_color=\u00a0\u00bb#ffffff\u00a0\u00bb font_size=\u00a0\u00bblg:48&Prime; text=\u00a0\u00bbOffres d&#8217;emploi\u00a0\u00bb][tm_spacer size=\u00a0\u00bblg:40&Prime;][tm_button align=\u00a0\u00bbcenter\u00a0\u00bb button=\u00a0\u00bburl:https%3A%2F%2Fenext.es%2Ffr%2Femploi%2F|title:D%C3%A9couvrez%20les%20offres%20d&#8217;emploi||\u00a0\u00bb][\/vc_column][\/vc_row]<\/p>\n<\/div>","protected":false},"excerpt":{"rendered":"<p>[vc_row full_width=\u00a0\u00bbstretch_row\u00a0\u00bb overlay_background=\u00a0\u00bbcustom\u00a0\u00bb overlay_opacity=\u00a0\u00bb40&Prime; lg_spacing=\u00a0\u00bbpadding_top:170;padding_bottom:190&Prime; background_image=\u00a0\u00bb2728&Prime; background_position=\u00a0\u00bbcenter center\u00a0\u00bb sm_spacing=\u00a0\u00bbpadding_top:130;padding_bottom:150&Prime;][vc_column offset=\u00a0\u00bbvc_col-md-offset-2 vc_col-md-8&Prime;][tm_popup_video style=\u00a0\u00bbbutton\u00a0\u00bb video=\u00a0\u00bbhttps:\/\/www.youtube.com\/watch?v=9KC3eVfW8zA\u00a0\u00bb][tm_spacer size=\u00a0\u00bblg:40&Prime;][tm_heading tag=\u00a0\u00bbdiv\u00a0\u00bb custom_google_font=\u00a0\u00bb\u00a0\u00bb font_weight=\u00a0\u00bb600&Prime; align=\u00a0\u00bbcenter\u00a0\u00bb text_color=\u00a0\u00bbcustom\u00a0\u00bb custom_text_color=\u00a0\u00bb#ffffff\u00a0\u00bb text=\u00a0\u00bbNous sommes \u00e0 Barcelone\u00a0\u00bb font_size=\u00a0\u00bblg:18&Prime; max_width=\u00a0\u00bb590px\u00a0\u00bb][tm_spacer size=\u00a0\u00bblg:5&Prime;][tm_heading custom_google_font=\u00a0\u00bb\u00a0\u00bb align=\u00a0\u00bbcenter\u00a0\u00bb text_color=\u00a0\u00bbcustom\u00a0\u00bb custom_text_color=\u00a0\u00bb#ffffff\u00a0\u00bb text=\u00a0\u00bbSoucieux de maintenir nos plus hauts standards de qualit\u00e9\u00a0\u00bb font_size=\u00a0\u00bbsm:40;md:50;lg:60&Prime;][\/vc_column][\/vc_row][vc_row lg_spacing=\u00a0\u00bbpadding_top:110;padding_bottom:30&Prime;][vc_column][vc_row_inner][vc_column_inner offset=\u00a0\u00bbvc_col-md-offset-2 vc_col-md-8&Prime;][tm_heading custom_google_font=\u00a0\u00bb\u00a0\u00bb align=\u00a0\u00bbcenter\u00a0\u00bb text=\u00a0\u00bbNous sommes sp\u00e9cialistes dans la conception et la construction de tous types d&rsquo;installations pour l&rsquo;industrie pharmaceutique et biotechnologique.\u00a0\u00bb font_size=\u00a0\u00bblg:36&Prime;][tm_spacer size=\u00a0\u00bblg:20&Prime;][tm_heading tag=\u00a0\u00bbdiv\u00a0\u00bb custom_google_font=\u00a0\u00bb\u00a0\u00bb align=\u00a0\u00bbcenter\u00a0\u00bb text=\u00a0\u00bbEnext est n\u00e9e en 2009 \u00e0 Barcelone. Depuis sa cr\u00e9ation, Enext dispose d&rsquo;une \u00e9quipe qualifi\u00e9e et exp\u00e9riment\u00e9e dans l&rsquo;industrie pharmaceutique.\u00a0\u00bb font_size=\u00a0\u00bblg:18&Prime;][tm_spacer size=\u00a0\u00bblg:70&Prime;][\/vc_column_inner][\/vc_row_inner][vc_row_inner][vc_column_inner width=\u00a0\u00bb1\/3&Prime;][tm_counter icon_type=\u00a0\u00bbfontawesome5&Prime; icon_fontawesome5=\u00a0\u00bbfal fa-key\u00a0\u00bb number=\u00a0\u00bb60&Prime; number_suffix=\u00a0\u00bb+\u00a0\u00bb text=\u00a0\u00bbProjets \u00ab\u00a0cl\u00e9s en mains\u00ab\u00a0\u00a0\u00bb sub_text=\u00a0\u00bbPlus de 60 projets et installations en marche.\u00a0\u00bb][tm_spacer size=\u00a0\u00bblg:30&Prime;][\/vc_column_inner][vc_column_inner width=\u00a0\u00bb1\/3&Prime;][tm_counter icon_type=\u00a0\u00bbfontawesome5&Prime; icon_fontawesome5=\u00a0\u00bbfa fa-arrow-alt-up\u00a0\u00bb border_color=\u00a0\u00bbprimary\u00a0\u00bb number=\u00a0\u00bb20&Prime; number_suffix=\u00a0\u00bb+\u00a0\u00bb text=\u00a0\u00bbEmploy\u00e9s\u00a0\u00bb sub_text=\u00a0\u00bbNotre \u00e9quipe exp\u00e9riment\u00e9e apporte sa qualit\u00e9 et son engagement.\u00a0\u00bb][tm_spacer size=\u00a0\u00bblg:30&Prime;][\/vc_column_inner][vc_column_inner width=\u00a0\u00bb1\/3&Prime;][tm_counter icon_type=\u00a0\u00bbfontawesome5&Prime; icon_fontawesome5=\u00a0\u00bbfar fa-handshake\u00a0\u00bb number=\u00a0\u00bb40&Prime; number_suffix=\u00a0\u00bb+\u00a0\u00bb text=\u00a0\u00bbClients\u00a0\u00bb sub_text=\u00a0\u00bbCe que nous appr\u00e9cions par-dessus tout, c&rsquo;est l&rsquo;\u00e9tablissement de relations \u00e0 long terme avec nos clients et non seulement la signature d&rsquo;un contrat.\u00a0\u00bb][tm_spacer size=\u00a0\u00bblg:30&Prime;][\/vc_column_inner][\/vc_row_inner][\/vc_column][\/vc_row][vc_row full_width=\u00a0\u00bbstretch_row\u00a0\u00bb overlay_background=\u00a0\u00bbcustom\u00a0\u00bb overlay_opacity=\u00a0\u00bb40&Prime; lg_spacing=\u00a0\u00bbpadding_top:200;padding_bottom:234&Prime; background_image=\u00a0\u00bb2755&Prime; background_position=\u00a0\u00bbcenter center\u00a0\u00bb][vc_column][tm_heading custom_google_font=\u00a0\u00bb\u00a0\u00bb align=\u00a0\u00bbcenter\u00a0\u00bb text_color=\u00a0\u00bbcustom\u00a0\u00bb custom_text_color=\u00a0\u00bb#ffffff\u00a0\u00bb font_size=\u00a0\u00bblg:48&Prime; text=\u00a0\u00bbOffres d&#8217;emploi\u00a0\u00bb][tm_spacer size=\u00a0\u00bblg:40&Prime;][tm_button align=\u00a0\u00bbcenter\u00a0\u00bb button=\u00a0\u00bburl:https%3A%2F%2Fenext.es%2Ffr%2Femploi%2F|title:D%C3%A9couvrez%20les%20offres%20d&#8217;emploi||\u00a0\u00bb][\/vc_column][\/vc_row]<\/p>\n","protected":false},"author":2,"featured_media":0,"parent":0,"menu_order":0,"comment_status":"closed","ping_status":"closed","template":"","meta":{"footnotes":""},"class_list":["post-3491","page","type-page","status-publish","hentry"],"yoast_head":"<!-- This site is optimized with the Yoast SEO plugin v23.4 - https:\/\/yoast.com\/wordpress\/plugins\/seo\/ -->\n<title>Nous | Enext<\/title>\n<meta name=\"robots\" content=\"index, follow, max-snippet:-1, max-image-preview:large, max-video-preview:-1\" \/>\n<link rel=\"canonical\" href=\"https:\/\/enext.es\/fr\/nous\/\" \/>\n<meta property=\"og:locale\" content=\"fr_FR\" \/>\n<meta property=\"og:type\" content=\"article\" \/>\n<meta property=\"og:title\" content=\"Nous | Enext\" \/>\n<meta property=\"og:description\" content=\"[vc_row full_width=\u00a0\u00bbstretch_row\u00a0\u00bb overlay_background=\u00a0\u00bbcustom\u00a0\u00bb overlay_opacity=\u00a0\u00bb40&Prime; lg_spacing=\u00a0\u00bbpadding_top:170;padding_bottom:190&Prime; background_image=\u00a0\u00bb2728&Prime; background_position=\u00a0\u00bbcenter center\u00a0\u00bb sm_spacing=\u00a0\u00bbpadding_top:130;padding_bottom:150&Prime;][vc_column offset=\u00a0\u00bbvc_col-md-offset-2 vc_col-md-8&Prime;][tm_popup_video style=\u00a0\u00bbbutton\u00a0\u00bb video=\u00a0\u00bbhttps:\/\/www.youtube.com\/watch?v=9KC3eVfW8zA\u00a0\u00bb][tm_spacer size=\u00a0\u00bblg:40&Prime;][tm_heading tag=\u00a0\u00bbdiv\u00a0\u00bb custom_google_font=\u00a0\u00bb\u00a0\u00bb font_weight=\u00a0\u00bb600&Prime; align=\u00a0\u00bbcenter\u00a0\u00bb text_color=\u00a0\u00bbcustom\u00a0\u00bb custom_text_color=\u00a0\u00bb#ffffff\u00a0\u00bb text=\u00a0\u00bbNous sommes \u00e0 Barcelone\u00a0\u00bb font_size=\u00a0\u00bblg:18&Prime; max_width=\u00a0\u00bb590px\u00a0\u00bb][tm_spacer size=\u00a0\u00bblg:5&Prime;][tm_heading custom_google_font=\u00a0\u00bb\u00a0\u00bb align=\u00a0\u00bbcenter\u00a0\u00bb text_color=\u00a0\u00bbcustom\u00a0\u00bb custom_text_color=\u00a0\u00bb#ffffff\u00a0\u00bb text=\u00a0\u00bbSoucieux de maintenir nos plus hauts standards de qualit\u00e9\u00a0\u00bb font_size=\u00a0\u00bbsm:40;md:50;lg:60&Prime;][\/vc_column][\/vc_row][vc_row lg_spacing=\u00a0\u00bbpadding_top:110;padding_bottom:30&Prime;][vc_column][vc_row_inner][vc_column_inner offset=\u00a0\u00bbvc_col-md-offset-2 vc_col-md-8&Prime;][tm_heading custom_google_font=\u00a0\u00bb\u00a0\u00bb align=\u00a0\u00bbcenter\u00a0\u00bb text=\u00a0\u00bbNous sommes sp\u00e9cialistes dans la conception et la construction de tous types d&rsquo;installations pour l&rsquo;industrie pharmaceutique et biotechnologique.\u00a0\u00bb font_size=\u00a0\u00bblg:36&Prime;][tm_spacer size=\u00a0\u00bblg:20&Prime;][tm_heading tag=\u00a0\u00bbdiv\u00a0\u00bb custom_google_font=\u00a0\u00bb\u00a0\u00bb align=\u00a0\u00bbcenter\u00a0\u00bb text=\u00a0\u00bbEnext est n\u00e9e en 2009 \u00e0 Barcelone. Depuis sa cr\u00e9ation, Enext dispose d&rsquo;une \u00e9quipe qualifi\u00e9e et exp\u00e9riment\u00e9e dans l&rsquo;industrie pharmaceutique.\u00a0\u00bb font_size=\u00a0\u00bblg:18&Prime;][tm_spacer size=\u00a0\u00bblg:70&Prime;][\/vc_column_inner][\/vc_row_inner][vc_row_inner][vc_column_inner width=\u00a0\u00bb1\/3&Prime;][tm_counter icon_type=\u00a0\u00bbfontawesome5&Prime; icon_fontawesome5=\u00a0\u00bbfal fa-key\u00a0\u00bb number=\u00a0\u00bb60&Prime; number_suffix=\u00a0\u00bb+\u00a0\u00bb text=\u00a0\u00bbProjets \u00ab\u00a0cl\u00e9s en mains\u00ab\u00a0\u00a0\u00bb sub_text=\u00a0\u00bbPlus de 60 projets et installations en marche.\u00a0\u00bb][tm_spacer size=\u00a0\u00bblg:30&Prime;][\/vc_column_inner][vc_column_inner width=\u00a0\u00bb1\/3&Prime;][tm_counter icon_type=\u00a0\u00bbfontawesome5&Prime; icon_fontawesome5=\u00a0\u00bbfa fa-arrow-alt-up\u00a0\u00bb border_color=\u00a0\u00bbprimary\u00a0\u00bb number=\u00a0\u00bb20&Prime; number_suffix=\u00a0\u00bb+\u00a0\u00bb text=\u00a0\u00bbEmploy\u00e9s\u00a0\u00bb sub_text=\u00a0\u00bbNotre \u00e9quipe exp\u00e9riment\u00e9e apporte sa qualit\u00e9 et son engagement.\u00a0\u00bb][tm_spacer size=\u00a0\u00bblg:30&Prime;][\/vc_column_inner][vc_column_inner width=\u00a0\u00bb1\/3&Prime;][tm_counter icon_type=\u00a0\u00bbfontawesome5&Prime; icon_fontawesome5=\u00a0\u00bbfar fa-handshake\u00a0\u00bb number=\u00a0\u00bb40&Prime; number_suffix=\u00a0\u00bb+\u00a0\u00bb text=\u00a0\u00bbClients\u00a0\u00bb sub_text=\u00a0\u00bbCe que nous appr\u00e9cions par-dessus tout, c&rsquo;est l&rsquo;\u00e9tablissement de relations \u00e0 long terme avec nos clients et non seulement la signature d&rsquo;un contrat.\u00a0\u00bb][tm_spacer size=\u00a0\u00bblg:30&Prime;][\/vc_column_inner][\/vc_row_inner][\/vc_column][\/vc_row][vc_row full_width=\u00a0\u00bbstretch_row\u00a0\u00bb overlay_background=\u00a0\u00bbcustom\u00a0\u00bb overlay_opacity=\u00a0\u00bb40&Prime; lg_spacing=\u00a0\u00bbpadding_top:200;padding_bottom:234&Prime; background_image=\u00a0\u00bb2755&Prime; background_position=\u00a0\u00bbcenter center\u00a0\u00bb][vc_column][tm_heading custom_google_font=\u00a0\u00bb\u00a0\u00bb align=\u00a0\u00bbcenter\u00a0\u00bb text_color=\u00a0\u00bbcustom\u00a0\u00bb custom_text_color=\u00a0\u00bb#ffffff\u00a0\u00bb font_size=\u00a0\u00bblg:48&Prime; text=\u00a0\u00bbOffres d&#8217;emploi\u00a0\u00bb][tm_spacer size=\u00a0\u00bblg:40&Prime;][tm_button align=\u00a0\u00bbcenter\u00a0\u00bb button=\u00a0\u00bburl:https%3A%2F%2Fenext.es%2Ffr%2Femploi%2F|title:D%C3%A9couvrez%20les%20offres%20d&#8217;emploi||\u00a0\u00bb][\/vc_column][\/vc_row]\" \/>\n<meta property=\"og:url\" content=\"https:\/\/enext.es\/fr\/nous\/\" \/>\n<meta property=\"og:site_name\" content=\"Enext\" \/>\n<meta property=\"article:modified_time\" content=\"2020-01-12T19:35:40+00:00\" \/>\n<meta name=\"twitter:card\" content=\"summary_large_image\" \/>\n<meta name=\"twitter:label1\" content=\"Dur\u00e9e de lecture estim\u00e9e\" \/>\n\t<meta name=\"twitter:data1\" content=\"2 minutes\" \/>\n<script type=\"application\/ld+json\" class=\"yoast-schema-graph\">{\"@context\":\"https:\/\/schema.org\",\"@graph\":[{\"@type\":\"WebPage\",\"@id\":\"https:\/\/enext.es\/fr\/nous\/\",\"url\":\"https:\/\/enext.es\/fr\/nous\/\",\"name\":\"Nous | Enext\",\"isPartOf\":{\"@id\":\"https:\/\/enext.es\/#website\"},\"datePublished\":\"2019-12-05T13:25:44+00:00\",\"dateModified\":\"2020-01-12T19:35:40+00:00\",\"breadcrumb\":{\"@id\":\"https:\/\/enext.es\/fr\/nous\/#breadcrumb\"},\"inLanguage\":\"fr-FR\",\"potentialAction\":[{\"@type\":\"ReadAction\",\"target\":[\"https:\/\/enext.es\/fr\/nous\/\"]}]},{\"@type\":\"BreadcrumbList\",\"@id\":\"https:\/\/enext.es\/fr\/nous\/#breadcrumb\",\"itemListElement\":[{\"@type\":\"ListItem\",\"position\":1,\"name\":\"Portada\",\"item\":\"https:\/\/enext.es\/fr\/\"},{\"@type\":\"ListItem\",\"position\":2,\"name\":\"Nous\"}]},{\"@type\":\"WebSite\",\"@id\":\"https:\/\/enext.es\/#website\",\"url\":\"https:\/\/enext.es\/\",\"name\":\"Enext\",\"description\":\"Design and construction for the pharmaceutical industry\",\"publisher\":{\"@id\":\"https:\/\/enext.es\/#organization\"},\"potentialAction\":[{\"@type\":\"SearchAction\",\"target\":{\"@type\":\"EntryPoint\",\"urlTemplate\":\"https:\/\/enext.es\/?s={search_term_string}\"},\"query-input\":{\"@type\":\"PropertyValueSpecification\",\"valueRequired\":true,\"valueName\":\"search_term_string\"}}],\"inLanguage\":\"fr-FR\"},{\"@type\":\"Organization\",\"@id\":\"https:\/\/enext.es\/#organization\",\"name\":\"Enext\",\"url\":\"https:\/\/enext.es\/\",\"logo\":{\"@type\":\"ImageObject\",\"inLanguage\":\"fr-FR\",\"@id\":\"https:\/\/enext.es\/#\/schema\/logo\/image\/\",\"url\":\"https:\/\/enext.es\/wp-content\/uploads\/2018\/10\/Enex-we-know-how-logo-retina.png\",\"contentUrl\":\"https:\/\/enext.es\/wp-content\/uploads\/2018\/10\/Enex-we-know-how-logo-retina.png\",\"width\":410,\"height\":117,\"caption\":\"Enext\"},\"image\":{\"@id\":\"https:\/\/enext.es\/#\/schema\/logo\/image\/\"},\"sameAs\":[\"https:\/\/www.linkedin.com\/company\/enext\"]}]}<\/script>\n<!-- \/ Yoast SEO plugin. -->","yoast_head_json":{"title":"Nous | Enext","robots":{"index":"index","follow":"follow","max-snippet":"max-snippet:-1","max-image-preview":"max-image-preview:large","max-video-preview":"max-video-preview:-1"},"canonical":"https:\/\/enext.es\/fr\/nous\/","og_locale":"fr_FR","og_type":"article","og_title":"Nous | Enext","og_description":"[vc_row full_width=\u00a0\u00bbstretch_row\u00a0\u00bb overlay_background=\u00a0\u00bbcustom\u00a0\u00bb overlay_opacity=\u00a0\u00bb40&Prime; lg_spacing=\u00a0\u00bbpadding_top:170;padding_bottom:190&Prime; background_image=\u00a0\u00bb2728&Prime; background_position=\u00a0\u00bbcenter center\u00a0\u00bb sm_spacing=\u00a0\u00bbpadding_top:130;padding_bottom:150&Prime;][vc_column offset=\u00a0\u00bbvc_col-md-offset-2 vc_col-md-8&Prime;][tm_popup_video style=\u00a0\u00bbbutton\u00a0\u00bb video=\u00a0\u00bbhttps:\/\/www.youtube.com\/watch?v=9KC3eVfW8zA\u00a0\u00bb][tm_spacer size=\u00a0\u00bblg:40&Prime;][tm_heading tag=\u00a0\u00bbdiv\u00a0\u00bb custom_google_font=\u00a0\u00bb\u00a0\u00bb font_weight=\u00a0\u00bb600&Prime; align=\u00a0\u00bbcenter\u00a0\u00bb text_color=\u00a0\u00bbcustom\u00a0\u00bb custom_text_color=\u00a0\u00bb#ffffff\u00a0\u00bb text=\u00a0\u00bbNous sommes \u00e0 Barcelone\u00a0\u00bb font_size=\u00a0\u00bblg:18&Prime; max_width=\u00a0\u00bb590px\u00a0\u00bb][tm_spacer size=\u00a0\u00bblg:5&Prime;][tm_heading custom_google_font=\u00a0\u00bb\u00a0\u00bb align=\u00a0\u00bbcenter\u00a0\u00bb text_color=\u00a0\u00bbcustom\u00a0\u00bb custom_text_color=\u00a0\u00bb#ffffff\u00a0\u00bb text=\u00a0\u00bbSoucieux de maintenir nos plus hauts standards de qualit\u00e9\u00a0\u00bb font_size=\u00a0\u00bbsm:40;md:50;lg:60&Prime;][\/vc_column][\/vc_row][vc_row lg_spacing=\u00a0\u00bbpadding_top:110;padding_bottom:30&Prime;][vc_column][vc_row_inner][vc_column_inner offset=\u00a0\u00bbvc_col-md-offset-2 vc_col-md-8&Prime;][tm_heading custom_google_font=\u00a0\u00bb\u00a0\u00bb align=\u00a0\u00bbcenter\u00a0\u00bb text=\u00a0\u00bbNous sommes sp\u00e9cialistes dans la conception et la construction de tous types d&rsquo;installations pour l&rsquo;industrie pharmaceutique et biotechnologique.\u00a0\u00bb font_size=\u00a0\u00bblg:36&Prime;][tm_spacer size=\u00a0\u00bblg:20&Prime;][tm_heading tag=\u00a0\u00bbdiv\u00a0\u00bb custom_google_font=\u00a0\u00bb\u00a0\u00bb align=\u00a0\u00bbcenter\u00a0\u00bb text=\u00a0\u00bbEnext est n\u00e9e en 2009 \u00e0 Barcelone. Depuis sa cr\u00e9ation, Enext dispose d&rsquo;une \u00e9quipe qualifi\u00e9e et exp\u00e9riment\u00e9e dans l&rsquo;industrie pharmaceutique.\u00a0\u00bb font_size=\u00a0\u00bblg:18&Prime;][tm_spacer size=\u00a0\u00bblg:70&Prime;][\/vc_column_inner][\/vc_row_inner][vc_row_inner][vc_column_inner width=\u00a0\u00bb1\/3&Prime;][tm_counter icon_type=\u00a0\u00bbfontawesome5&Prime; icon_fontawesome5=\u00a0\u00bbfal fa-key\u00a0\u00bb number=\u00a0\u00bb60&Prime; number_suffix=\u00a0\u00bb+\u00a0\u00bb text=\u00a0\u00bbProjets \u00ab\u00a0cl\u00e9s en mains\u00ab\u00a0\u00a0\u00bb sub_text=\u00a0\u00bbPlus de 60 projets et installations en marche.\u00a0\u00bb][tm_spacer size=\u00a0\u00bblg:30&Prime;][\/vc_column_inner][vc_column_inner width=\u00a0\u00bb1\/3&Prime;][tm_counter icon_type=\u00a0\u00bbfontawesome5&Prime; icon_fontawesome5=\u00a0\u00bbfa fa-arrow-alt-up\u00a0\u00bb border_color=\u00a0\u00bbprimary\u00a0\u00bb number=\u00a0\u00bb20&Prime; number_suffix=\u00a0\u00bb+\u00a0\u00bb text=\u00a0\u00bbEmploy\u00e9s\u00a0\u00bb sub_text=\u00a0\u00bbNotre \u00e9quipe exp\u00e9riment\u00e9e apporte sa qualit\u00e9 et son engagement.\u00a0\u00bb][tm_spacer size=\u00a0\u00bblg:30&Prime;][\/vc_column_inner][vc_column_inner width=\u00a0\u00bb1\/3&Prime;][tm_counter icon_type=\u00a0\u00bbfontawesome5&Prime; icon_fontawesome5=\u00a0\u00bbfar fa-handshake\u00a0\u00bb number=\u00a0\u00bb40&Prime; number_suffix=\u00a0\u00bb+\u00a0\u00bb text=\u00a0\u00bbClients\u00a0\u00bb sub_text=\u00a0\u00bbCe que nous appr\u00e9cions par-dessus tout, c&rsquo;est l&rsquo;\u00e9tablissement de relations \u00e0 long terme avec nos clients et non seulement la signature d&rsquo;un contrat.\u00a0\u00bb][tm_spacer size=\u00a0\u00bblg:30&Prime;][\/vc_column_inner][\/vc_row_inner][\/vc_column][\/vc_row][vc_row full_width=\u00a0\u00bbstretch_row\u00a0\u00bb overlay_background=\u00a0\u00bbcustom\u00a0\u00bb overlay_opacity=\u00a0\u00bb40&Prime; lg_spacing=\u00a0\u00bbpadding_top:200;padding_bottom:234&Prime; background_image=\u00a0\u00bb2755&Prime; background_position=\u00a0\u00bbcenter center\u00a0\u00bb][vc_column][tm_heading custom_google_font=\u00a0\u00bb\u00a0\u00bb align=\u00a0\u00bbcenter\u00a0\u00bb text_color=\u00a0\u00bbcustom\u00a0\u00bb custom_text_color=\u00a0\u00bb#ffffff\u00a0\u00bb font_size=\u00a0\u00bblg:48&Prime; text=\u00a0\u00bbOffres d&#8217;emploi\u00a0\u00bb][tm_spacer size=\u00a0\u00bblg:40&Prime;][tm_button align=\u00a0\u00bbcenter\u00a0\u00bb button=\u00a0\u00bburl:https%3A%2F%2Fenext.es%2Ffr%2Femploi%2F|title:D%C3%A9couvrez%20les%20offres%20d&#8217;emploi||\u00a0\u00bb][\/vc_column][\/vc_row]","og_url":"https:\/\/enext.es\/fr\/nous\/","og_site_name":"Enext","article_modified_time":"2020-01-12T19:35:40+00:00","twitter_card":"summary_large_image","twitter_misc":{"Dur\u00e9e de lecture estim\u00e9e":"2 minutes"},"schema":{"@context":"https:\/\/schema.org","@graph":[{"@type":"WebPage","@id":"https:\/\/enext.es\/fr\/nous\/","url":"https:\/\/enext.es\/fr\/nous\/","name":"Nous | Enext","isPartOf":{"@id":"https:\/\/enext.es\/#website"},"datePublished":"2019-12-05T13:25:44+00:00","dateModified":"2020-01-12T19:35:40+00:00","breadcrumb":{"@id":"https:\/\/enext.es\/fr\/nous\/#breadcrumb"},"inLanguage":"fr-FR","potentialAction":[{"@type":"ReadAction","target":["https:\/\/enext.es\/fr\/nous\/"]}]},{"@type":"BreadcrumbList","@id":"https:\/\/enext.es\/fr\/nous\/#breadcrumb","itemListElement":[{"@type":"ListItem","position":1,"name":"Portada","item":"https:\/\/enext.es\/fr\/"},{"@type":"ListItem","position":2,"name":"Nous"}]},{"@type":"WebSite","@id":"https:\/\/enext.es\/#website","url":"https:\/\/enext.es\/","name":"Enext","description":"Design and construction for the pharmaceutical industry","publisher":{"@id":"https:\/\/enext.es\/#organization"},"potentialAction":[{"@type":"SearchAction","target":{"@type":"EntryPoint","urlTemplate":"https:\/\/enext.es\/?s={search_term_string}"},"query-input":{"@type":"PropertyValueSpecification","valueRequired":true,"valueName":"search_term_string"}}],"inLanguage":"fr-FR"},{"@type":"Organization","@id":"https:\/\/enext.es\/#organization","name":"Enext","url":"https:\/\/enext.es\/","logo":{"@type":"ImageObject","inLanguage":"fr-FR","@id":"https:\/\/enext.es\/#\/schema\/logo\/image\/","url":"https:\/\/enext.es\/wp-content\/uploads\/2018\/10\/Enex-we-know-how-logo-retina.png","contentUrl":"https:\/\/enext.es\/wp-content\/uploads\/2018\/10\/Enex-we-know-how-logo-retina.png","width":410,"height":117,"caption":"Enext"},"image":{"@id":"https:\/\/enext.es\/#\/schema\/logo\/image\/"},"sameAs":["https:\/\/www.linkedin.com\/company\/enext"]}]}},"_links":{"self":[{"href":"https:\/\/enext.es\/fr\/wp-json\/wp\/v2\/pages\/3491"}],"collection":[{"href":"https:\/\/enext.es\/fr\/wp-json\/wp\/v2\/pages"}],"about":[{"href":"https:\/\/enext.es\/fr\/wp-json\/wp\/v2\/types\/page"}],"author":[{"embeddable":true,"href":"https:\/\/enext.es\/fr\/wp-json\/wp\/v2\/users\/2"}],"replies":[{"embeddable":true,"href":"https:\/\/enext.es\/fr\/wp-json\/wp\/v2\/comments?post=3491"}],"version-history":[{"count":6,"href":"https:\/\/enext.es\/fr\/wp-json\/wp\/v2\/pages\/3491\/revisions"}],"predecessor-version":[{"id":3614,"href":"https:\/\/enext.es\/fr\/wp-json\/wp\/v2\/pages\/3491\/revisions\/3614"}],"wp:attachment":[{"href":"https:\/\/enext.es\/fr\/wp-json\/wp\/v2\/media?parent=3491"}],"curies":[{"name":"wp","href":"https:\/\/api.w.org\/{rel}","templated":true}]}}