{"id":3506,"date":"2019-12-05T15:48:31","date_gmt":"2019-12-05T14:48:31","guid":{"rendered":"https:\/\/enext.es\/?page_id=3506"},"modified":"2019-12-10T17:29:05","modified_gmt":"2019-12-10T16:29:05","slug":"accueil","status":"publish","type":"page","link":"https:\/\/enext.es\/fr\/","title":{"rendered":"Accueil"},"content":{"rendered":"<div class=\"wpb-content-wrapper\"><p>[vc_row full_width=\u00a0\u00bbstretch_row_content\u00a0\u00bb content_placement=\u00a0\u00bbmiddle\u00a0\u00bb][vc_column width=\u00a0\u00bb1\/2&Prime;][tm_spacer size=\u00a0\u00bblg:90&Prime;][tm_image align=\u00a0\u00bbright\u00a0\u00bb xs_align=\u00a0\u00bbcenter\u00a0\u00bb image=\u00a0\u00bb2313&Prime;][tm_spacer size=\u00a0\u00bblg:20&Prime;][\/vc_column][vc_column width=\u00a0\u00bb1\/2&Prime;][vc_row_inner lg_spacing=\u00a0\u00bbpadding_left:100&Prime; md_spacing=\u00a0\u00bbpadding_left:80&Prime; sm_spacing=\u00a0\u00bbpadding_left:15&Prime; max_width=\u00a0\u00bb600px\u00a0\u00bb][vc_column_inner][tm_spacer size=\u00a0\u00bblg:90&Prime;][tm_heading custom_google_font=\u00a0\u00bb\u00a0\u00bb text_transform=\u00a0\u00bbuppercase\u00a0\u00bb text_color=\u00a0\u00bbcustom\u00a0\u00bb custom_text_color=\u00a0\u00bb#7a8a9e\u00a0\u00bb text=\u00a0\u00bbNous\u00a0\u00bb font_size=\u00a0\u00bblg:14&Prime; letter_spacing=\u00a0\u00bb3px\u00a0\u00bb][tm_spacer size=\u00a0\u00bblg:20&Prime;][tm_heading custom_google_font=\u00a0\u00bb\u00a0\u00bb text=\u00a0\u00bbProfessionnels en dessin et construction d&rsquo;installations pour l&rsquo;industrie pharmaceutique\u00a0\u00bb font_size=\u00a0\u00bblg:36&Prime;][tm_spacer size=\u00a0\u00bblg:40&Prime;][tm_heading tag=\u00a0\u00bbdiv\u00a0\u00bb custom_google_font=\u00a0\u00bb\u00a0\u00bb text=\u00a0\u00bbDepuis sa cr\u00e9ation en 2009 \u00e0 Barcelone, et gr\u00e2ce \u00e0 une \u00e9quipe avec une grande exp\u00e9rience dans le secteur pharmaceutique et biotechnologique, Enext a men\u00e9 \u00e0 bout plus de 60 projets \u00ab\u00a0cl\u00e9s en mains\u00ab\u00a0 et plusieurs usines compl\u00e8tes de nouvelle construction.\u00a0\u00bb font_size=\u00a0\u00bblg:16&Prime;][tm_spacer size=\u00a0\u00bblg:45&Prime;][tm_button style=\u00a0\u00bbborder-text\u00a0\u00bb button=\u00a0\u00bburl:https%3A%2F%2Fenext.es%2Ffr%2Fnous%2F|title:Plus%20d&rsquo;information%20sur%20nous||\u00a0\u00bb][tm_spacer size=\u00a0\u00bblg:90&Prime;][\/vc_column_inner][\/vc_row_inner][\/vc_column][\/vc_row][vc_row full_width=\u00a0\u00bbstretch_row\u00a0\u00bb background_color=\u00a0\u00bbprimary\u00a0\u00bb lg_spacing=\u00a0\u00bbpadding_top:30;padding_bottom:30&Prime;][vc_column][vc_column_text]<\/p>\n<p class=\"p1\" style=\"text-align: center; color: #fff;\"><span class=\"s1\"><b style=\"color: #fff;\">N&rsquo;h\u00e9sitez pas \u00e0 nous contacter<\/b> au t\u00e9l\u00e9phone +34 931 595 971 ou par e-mail <\/span><a style=\"color: #fff; text-decoration: underline;\" href=\"clients@enext.es\"><span class=\"s2\">clients@enext.es<\/span><\/a><\/p>\n<p>[\/vc_column_text][\/vc_column][\/vc_row][vc_row full_width=\u00a0\u00bbstretch_row\u00a0\u00bb lg_spacing=\u00a0\u00bbpadding_top:110;padding_bottom:70&Prime;][vc_column][tm_heading custom_google_font=\u00a0\u00bb\u00a0\u00bb text_transform=\u00a0\u00bbuppercase\u00a0\u00bb align=\u00a0\u00bbcenter\u00a0\u00bb text_color=\u00a0\u00bbcustom\u00a0\u00bb custom_text_color=\u00a0\u00bb#7a8a9e\u00a0\u00bb text=\u00a0\u00bbValeurs\u00a0\u00bb font_size=\u00a0\u00bblg:14&Prime; letter_spacing=\u00a0\u00bb3px\u00a0\u00bb][tm_spacer size=\u00a0\u00bblg:20&Prime;][tm_heading custom_google_font=\u00a0\u00bb\u00a0\u00bb align=\u00a0\u00bbcenter\u00a0\u00bb text=\u00a0\u00bbPourquoi nous sommes diff\u00e9rents?\u00a0\u00bb font_size=\u00a0\u00bblg:36&Prime;][tm_spacer size=\u00a0\u00bblg:27&Prime;][tm_heading tag=\u00a0\u00bbdiv\u00a0\u00bb custom_google_font=\u00a0\u00bb\u00a0\u00bb align=\u00a0\u00bbcenter\u00a0\u00bb text=\u00a0\u00bbChez Enext on travaille de mani\u00e8re efficace et rigoureuse, nous sommes flexibles et consacr\u00e9s \u00e0 nos clients.\u00a0\u00bb font_size=\u00a0\u00bblg:18&Prime; max_width=\u00a0\u00bb770px\u00a0\u00bb][\/vc_column][\/vc_row][vc_row full_width=\u00a0\u00bbstretch_row\u00a0\u00bb background_size=\u00a0\u00bbauto\u00a0\u00bb background_image=\u00a0\u00bb2729&Prime; background_position=\u00a0\u00bbcenter top\u00a0\u00bb lg_spacing=\u00a0\u00bbpadding_bottom:120&Prime;][vc_column][tm_gradation list_style=\u00a0\u00bbwith_image\u00a0\u00bb items=\u00a0\u00bb%5B%7B%22image%22%3A%222613%22%2C%22title%22%3A%22Qualit%C3%A9%22%2C%22text%22%3A%22Nous%20r%C3%A9alisons%20les%20projets%20avec%20un%20haut%20niveau%20de%20qualit%C3%A9%20en%20respectant%20toujours%20les%20d%C3%A9lais%20et%20les%20budgets%20%C3%A9tablis%2C%20en%20nous%20adaptant%20aux%20besoins%20r%C3%A9els%20de%20notre%20client.%22%7D%2C%7B%22image%22%3A%222718%22%2C%22title%22%3A%22Fiabilit%C3%A9%22%2C%22text%22%3A%22Notre%20exp%C3%A9rience%20permet%20%C3%A0%20nos%20clients%20d&rsquo;%C3%A9viter%20les%20retards%20et%20de%20r%C3%A9duire%20les%20risques.%22%7D%2C%7B%22image%22%3A%222359%22%2C%22title%22%3A%22Flexibilit%C3%A9%22%2C%22text%22%3A%22La%20taille%20de%20notre%20entreprise%20et%20notre%20fa%C3%A7on%20de%20travailler%20nous%20donne%20une%20plus%20grande%20capacit%C3%A9%20d&rsquo;adaptation%20aux%20besoins%20de%20nos%20clients%20face%20%C3%A0%20la%20concurrence.%22%7D%2C%7B%22image%22%3A%222361%22%2C%22title%22%3A%22Engagement%22%2C%22text%22%3A%22Nous%20respectons%20les%20d%C3%A9lais%20et%20les%20budgets%20convenus%2C%20en%20menant%20%C3%A0%20terme%20les%20projets%20avec%20la%20qualit%C3%A9%20requise.%22%7D%5D\u00a0\u00bb][\/vc_column][\/vc_row]<\/p>\n<\/div>","protected":false},"excerpt":{"rendered":"<p>[vc_row full_width=\u00a0\u00bbstretch_row_content\u00a0\u00bb content_placement=\u00a0\u00bbmiddle\u00a0\u00bb][vc_column width=\u00a0\u00bb1\/2&Prime;][tm_spacer size=\u00a0\u00bblg:90&Prime;][tm_image align=\u00a0\u00bbright\u00a0\u00bb xs_align=\u00a0\u00bbcenter\u00a0\u00bb image=\u00a0\u00bb2313&Prime;][tm_spacer size=\u00a0\u00bblg:20&Prime;][\/vc_column][vc_column width=\u00a0\u00bb1\/2&Prime;][vc_row_inner lg_spacing=\u00a0\u00bbpadding_left:100&Prime; md_spacing=\u00a0\u00bbpadding_left:80&Prime; sm_spacing=\u00a0\u00bbpadding_left:15&Prime; max_width=\u00a0\u00bb600px\u00a0\u00bb][vc_column_inner][tm_spacer size=\u00a0\u00bblg:90&Prime;][tm_heading custom_google_font=\u00a0\u00bb\u00a0\u00bb text_transform=\u00a0\u00bbuppercase\u00a0\u00bb text_color=\u00a0\u00bbcustom\u00a0\u00bb custom_text_color=\u00a0\u00bb#7a8a9e\u00a0\u00bb text=\u00a0\u00bbNous\u00a0\u00bb font_size=\u00a0\u00bblg:14&Prime; letter_spacing=\u00a0\u00bb3px\u00a0\u00bb][tm_spacer size=\u00a0\u00bblg:20&Prime;][tm_heading custom_google_font=\u00a0\u00bb\u00a0\u00bb text=\u00a0\u00bbProfessionnels en dessin et construction d&rsquo;installations pour l&rsquo;industrie pharmaceutique\u00a0\u00bb font_size=\u00a0\u00bblg:36&Prime;][tm_spacer size=\u00a0\u00bblg:40&Prime;][tm_heading tag=\u00a0\u00bbdiv\u00a0\u00bb custom_google_font=\u00a0\u00bb\u00a0\u00bb text=\u00a0\u00bbDepuis sa cr\u00e9ation en 2009 \u00e0 Barcelone, et gr\u00e2ce \u00e0 une \u00e9quipe avec une grande exp\u00e9rience dans le secteur pharmaceutique et biotechnologique, Enext a men\u00e9 \u00e0 bout plus de 60 projets \u00ab\u00a0cl\u00e9s en mains\u00ab\u00a0 et plusieurs usines compl\u00e8tes de nouvelle construction.\u00a0\u00bb font_size=\u00a0\u00bblg:16&Prime;][tm_spacer size=\u00a0\u00bblg:45&Prime;][tm_button style=\u00a0\u00bbborder-text\u00a0\u00bb button=\u00a0\u00bburl:https%3A%2F%2Fenext.es%2Ffr%2Fnous%2F|title:Plus%20d&rsquo;information%20sur%20nous||\u00a0\u00bb][tm_spacer size=\u00a0\u00bblg:90&Prime;][\/vc_column_inner][\/vc_row_inner][\/vc_column][\/vc_row][vc_row full_width=\u00a0\u00bbstretch_row\u00a0\u00bb background_color=\u00a0\u00bbprimary\u00a0\u00bb lg_spacing=\u00a0\u00bbpadding_top:30;padding_bottom:30&Prime;][vc_column][vc_column_text] N&rsquo;h\u00e9sitez pas \u00e0 nous contacter au t\u00e9l\u00e9phone +34 931 595 971 ou par e-mail clients@enext.es [\/vc_column_text][\/vc_column][\/vc_row][vc_row full_width=\u00a0\u00bbstretch_row\u00a0\u00bb lg_spacing=\u00a0\u00bbpadding_top:110;padding_bottom:70&Prime;][vc_column][tm_heading custom_google_font=\u00a0\u00bb\u00a0\u00bb text_transform=\u00a0\u00bbuppercase\u00a0\u00bb align=\u00a0\u00bbcenter\u00a0\u00bb text_color=\u00a0\u00bbcustom\u00a0\u00bb custom_text_color=\u00a0\u00bb#7a8a9e\u00a0\u00bb text=\u00a0\u00bbValeurs\u00a0\u00bb font_size=\u00a0\u00bblg:14&Prime; letter_spacing=\u00a0\u00bb3px\u00a0\u00bb][tm_spacer size=\u00a0\u00bblg:20&Prime;][tm_heading custom_google_font=\u00a0\u00bb\u00a0\u00bb align=\u00a0\u00bbcenter\u00a0\u00bb text=\u00a0\u00bbPourquoi nous sommes diff\u00e9rents?\u00a0\u00bb font_size=\u00a0\u00bblg:36&Prime;][tm_spacer size=\u00a0\u00bblg:27&Prime;][tm_heading tag=\u00a0\u00bbdiv\u00a0\u00bb custom_google_font=\u00a0\u00bb\u00a0\u00bb align=\u00a0\u00bbcenter\u00a0\u00bb text=\u00a0\u00bbChez Enext on travaille de mani\u00e8re efficace et rigoureuse, nous sommes flexibles et consacr\u00e9s \u00e0 nos clients.\u00a0\u00bb font_size=\u00a0\u00bblg:18&Prime; max_width=\u00a0\u00bb770px\u00a0\u00bb][\/vc_column][\/vc_row][vc_row full_width=\u00a0\u00bbstretch_row\u00a0\u00bb background_size=\u00a0\u00bbauto\u00a0\u00bb background_image=\u00a0\u00bb2729&Prime; background_position=\u00a0\u00bbcenter top\u00a0\u00bb lg_spacing=\u00a0\u00bbpadding_bottom:120&Prime;][vc_column][tm_gradation list_style=\u00a0\u00bbwith_image\u00a0\u00bb items=\u00a0\u00bb%5B%7B%22image%22%3A%222613%22%2C%22title%22%3A%22Qualit%C3%A9%22%2C%22text%22%3A%22Nous%20r%C3%A9alisons%20les%20projets%20avec%20un%20haut%20niveau%20de%20qualit%C3%A9%20en%20respectant%20toujours%20les%20d%C3%A9lais%20et%20les%20budgets%20%C3%A9tablis%2C%20en%20nous%20adaptant%20aux%20besoins%20r%C3%A9els%20de%20notre%20client.%22%7D%2C%7B%22image%22%3A%222718%22%2C%22title%22%3A%22Fiabilit%C3%A9%22%2C%22text%22%3A%22Notre%20exp%C3%A9rience%20permet%20%C3%A0%20nos%20clients%20d&rsquo;%C3%A9viter%20les%20retards%20et%20de%20r%C3%A9duire%20les%20risques.%22%7D%2C%7B%22image%22%3A%222359%22%2C%22title%22%3A%22Flexibilit%C3%A9%22%2C%22text%22%3A%22La%20taille%20de%20notre%20entreprise%20et%20notre%20fa%C3%A7on%20de%20travailler%20nous%20donne%20une%20plus%20grande%20capacit%C3%A9%20d&rsquo;adaptation%20aux%20besoins%20de%20nos%20clients%20face%20%C3%A0%20la%20concurrence.%22%7D%2C%7B%22image%22%3A%222361%22%2C%22title%22%3A%22Engagement%22%2C%22text%22%3A%22Nous%20respectons%20les%20d%C3%A9lais%20et%20les%20budgets%20convenus%2C%20en%20menant%20%C3%A0%20terme%20les%20projets%20avec%20la%20qualit%C3%A9%20requise.%22%7D%5D\u00a0\u00bb][\/vc_column][\/vc_row]<\/p>\n","protected":false},"author":2,"featured_media":0,"parent":0,"menu_order":0,"comment_status":"closed","ping_status":"closed","template":"","meta":{"footnotes":""},"class_list":["post-3506","page","type-page","status-publish","hentry"],"yoast_head":"<!-- This site is optimized with the Yoast SEO plugin v23.4 - https:\/\/yoast.com\/wordpress\/plugins\/seo\/ -->\n<title>Accueil | Enext<\/title>\n<meta name=\"robots\" content=\"index, follow, max-snippet:-1, max-image-preview:large, max-video-preview:-1\" \/>\n<link rel=\"canonical\" href=\"https:\/\/enext.es\/fr\/\" \/>\n<meta property=\"og:locale\" content=\"fr_FR\" \/>\n<meta property=\"og:type\" content=\"article\" \/>\n<meta property=\"og:title\" content=\"Accueil | Enext\" \/>\n<meta property=\"og:description\" content=\"[vc_row full_width=\u00a0\u00bbstretch_row_content\u00a0\u00bb content_placement=\u00a0\u00bbmiddle\u00a0\u00bb][vc_column width=\u00a0\u00bb1\/2&Prime;][tm_spacer size=\u00a0\u00bblg:90&Prime;][tm_image align=\u00a0\u00bbright\u00a0\u00bb xs_align=\u00a0\u00bbcenter\u00a0\u00bb image=\u00a0\u00bb2313&Prime;][tm_spacer size=\u00a0\u00bblg:20&Prime;][\/vc_column][vc_column width=\u00a0\u00bb1\/2&Prime;][vc_row_inner lg_spacing=\u00a0\u00bbpadding_left:100&Prime; md_spacing=\u00a0\u00bbpadding_left:80&Prime; sm_spacing=\u00a0\u00bbpadding_left:15&Prime; max_width=\u00a0\u00bb600px\u00a0\u00bb][vc_column_inner][tm_spacer size=\u00a0\u00bblg:90&Prime;][tm_heading custom_google_font=\u00a0\u00bb\u00a0\u00bb text_transform=\u00a0\u00bbuppercase\u00a0\u00bb text_color=\u00a0\u00bbcustom\u00a0\u00bb custom_text_color=\u00a0\u00bb#7a8a9e\u00a0\u00bb text=\u00a0\u00bbNous\u00a0\u00bb font_size=\u00a0\u00bblg:14&Prime; letter_spacing=\u00a0\u00bb3px\u00a0\u00bb][tm_spacer size=\u00a0\u00bblg:20&Prime;][tm_heading custom_google_font=\u00a0\u00bb\u00a0\u00bb text=\u00a0\u00bbProfessionnels en dessin et construction d&rsquo;installations pour l&rsquo;industrie pharmaceutique\u00a0\u00bb font_size=\u00a0\u00bblg:36&Prime;][tm_spacer size=\u00a0\u00bblg:40&Prime;][tm_heading tag=\u00a0\u00bbdiv\u00a0\u00bb custom_google_font=\u00a0\u00bb\u00a0\u00bb text=\u00a0\u00bbDepuis sa cr\u00e9ation en 2009 \u00e0 Barcelone, et gr\u00e2ce \u00e0 une \u00e9quipe avec une grande exp\u00e9rience dans le secteur pharmaceutique et biotechnologique, Enext a men\u00e9 \u00e0 bout plus de 60 projets \u00ab\u00a0cl\u00e9s en mains\u00ab\u00a0 et plusieurs usines compl\u00e8tes de nouvelle construction.\u00a0\u00bb font_size=\u00a0\u00bblg:16&Prime;][tm_spacer size=\u00a0\u00bblg:45&Prime;][tm_button style=\u00a0\u00bbborder-text\u00a0\u00bb button=\u00a0\u00bburl:https%3A%2F%2Fenext.es%2Ffr%2Fnous%2F|title:Plus%20d&rsquo;information%20sur%20nous||\u00a0\u00bb][tm_spacer size=\u00a0\u00bblg:90&Prime;][\/vc_column_inner][\/vc_row_inner][\/vc_column][\/vc_row][vc_row full_width=\u00a0\u00bbstretch_row\u00a0\u00bb background_color=\u00a0\u00bbprimary\u00a0\u00bb lg_spacing=\u00a0\u00bbpadding_top:30;padding_bottom:30&Prime;][vc_column][vc_column_text] N&rsquo;h\u00e9sitez pas \u00e0 nous contacter au t\u00e9l\u00e9phone +34 931 595 971 ou par e-mail clients@enext.es [\/vc_column_text][\/vc_column][\/vc_row][vc_row full_width=\u00a0\u00bbstretch_row\u00a0\u00bb lg_spacing=\u00a0\u00bbpadding_top:110;padding_bottom:70&Prime;][vc_column][tm_heading custom_google_font=\u00a0\u00bb\u00a0\u00bb text_transform=\u00a0\u00bbuppercase\u00a0\u00bb align=\u00a0\u00bbcenter\u00a0\u00bb text_color=\u00a0\u00bbcustom\u00a0\u00bb custom_text_color=\u00a0\u00bb#7a8a9e\u00a0\u00bb text=\u00a0\u00bbValeurs\u00a0\u00bb font_size=\u00a0\u00bblg:14&Prime; letter_spacing=\u00a0\u00bb3px\u00a0\u00bb][tm_spacer size=\u00a0\u00bblg:20&Prime;][tm_heading custom_google_font=\u00a0\u00bb\u00a0\u00bb align=\u00a0\u00bbcenter\u00a0\u00bb text=\u00a0\u00bbPourquoi nous sommes diff\u00e9rents?\u00a0\u00bb font_size=\u00a0\u00bblg:36&Prime;][tm_spacer size=\u00a0\u00bblg:27&Prime;][tm_heading tag=\u00a0\u00bbdiv\u00a0\u00bb custom_google_font=\u00a0\u00bb\u00a0\u00bb align=\u00a0\u00bbcenter\u00a0\u00bb text=\u00a0\u00bbChez Enext on travaille de mani\u00e8re efficace et rigoureuse, nous sommes flexibles et consacr\u00e9s \u00e0 nos clients.\u00a0\u00bb font_size=\u00a0\u00bblg:18&Prime; max_width=\u00a0\u00bb770px\u00a0\u00bb][\/vc_column][\/vc_row][vc_row full_width=\u00a0\u00bbstretch_row\u00a0\u00bb background_size=\u00a0\u00bbauto\u00a0\u00bb background_image=\u00a0\u00bb2729&Prime; background_position=\u00a0\u00bbcenter top\u00a0\u00bb lg_spacing=\u00a0\u00bbpadding_bottom:120&Prime;][vc_column][tm_gradation list_style=\u00a0\u00bbwith_image\u00a0\u00bb items=\u00a0\u00bb%5B%7B%22image%22%3A%222613%22%2C%22title%22%3A%22Qualit%C3%A9%22%2C%22text%22%3A%22Nous%20r%C3%A9alisons%20les%20projets%20avec%20un%20haut%20niveau%20de%20qualit%C3%A9%20en%20respectant%20toujours%20les%20d%C3%A9lais%20et%20les%20budgets%20%C3%A9tablis%2C%20en%20nous%20adaptant%20aux%20besoins%20r%C3%A9els%20de%20notre%20client.%22%7D%2C%7B%22image%22%3A%222718%22%2C%22title%22%3A%22Fiabilit%C3%A9%22%2C%22text%22%3A%22Notre%20exp%C3%A9rience%20permet%20%C3%A0%20nos%20clients%20d&rsquo;%C3%A9viter%20les%20retards%20et%20de%20r%C3%A9duire%20les%20risques.%22%7D%2C%7B%22image%22%3A%222359%22%2C%22title%22%3A%22Flexibilit%C3%A9%22%2C%22text%22%3A%22La%20taille%20de%20notre%20entreprise%20et%20notre%20fa%C3%A7on%20de%20travailler%20nous%20donne%20une%20plus%20grande%20capacit%C3%A9%20d&rsquo;adaptation%20aux%20besoins%20de%20nos%20clients%20face%20%C3%A0%20la%20concurrence.%22%7D%2C%7B%22image%22%3A%222361%22%2C%22title%22%3A%22Engagement%22%2C%22text%22%3A%22Nous%20respectons%20les%20d%C3%A9lais%20et%20les%20budgets%20convenus%2C%20en%20menant%20%C3%A0%20terme%20les%20projets%20avec%20la%20qualit%C3%A9%20requise.%22%7D%5D\u00a0\u00bb][\/vc_column][\/vc_row]\" \/>\n<meta property=\"og:url\" content=\"https:\/\/enext.es\/fr\/\" \/>\n<meta property=\"og:site_name\" content=\"Enext\" \/>\n<meta property=\"article:modified_time\" content=\"2019-12-10T16:29:05+00:00\" \/>\n<meta name=\"twitter:card\" content=\"summary_large_image\" \/>\n<meta name=\"twitter:label1\" content=\"Dur\u00e9e de lecture estim\u00e9e\" \/>\n\t<meta name=\"twitter:data1\" content=\"3 minutes\" \/>\n<script type=\"application\/ld+json\" class=\"yoast-schema-graph\">{\"@context\":\"https:\/\/schema.org\",\"@graph\":[{\"@type\":\"WebPage\",\"@id\":\"https:\/\/enext.es\/fr\/\",\"url\":\"https:\/\/enext.es\/fr\/\",\"name\":\"Accueil | Enext\",\"isPartOf\":{\"@id\":\"https:\/\/enext.es\/#website\"},\"datePublished\":\"2019-12-05T14:48:31+00:00\",\"dateModified\":\"2019-12-10T16:29:05+00:00\",\"breadcrumb\":{\"@id\":\"https:\/\/enext.es\/fr\/#breadcrumb\"},\"inLanguage\":\"fr-FR\",\"potentialAction\":[{\"@type\":\"ReadAction\",\"target\":[\"https:\/\/enext.es\/fr\/\"]}]},{\"@type\":\"BreadcrumbList\",\"@id\":\"https:\/\/enext.es\/fr\/#breadcrumb\",\"itemListElement\":[{\"@type\":\"ListItem\",\"position\":1,\"name\":\"Portada\",\"item\":\"https:\/\/enext.es\/fr\/\"},{\"@type\":\"ListItem\",\"position\":2,\"name\":\"Accueil\"}]},{\"@type\":\"WebSite\",\"@id\":\"https:\/\/enext.es\/#website\",\"url\":\"https:\/\/enext.es\/\",\"name\":\"Enext\",\"description\":\"Design and construction for the pharmaceutical industry\",\"publisher\":{\"@id\":\"https:\/\/enext.es\/#organization\"},\"potentialAction\":[{\"@type\":\"SearchAction\",\"target\":{\"@type\":\"EntryPoint\",\"urlTemplate\":\"https:\/\/enext.es\/?s={search_term_string}\"},\"query-input\":{\"@type\":\"PropertyValueSpecification\",\"valueRequired\":true,\"valueName\":\"search_term_string\"}}],\"inLanguage\":\"fr-FR\"},{\"@type\":\"Organization\",\"@id\":\"https:\/\/enext.es\/#organization\",\"name\":\"Enext\",\"url\":\"https:\/\/enext.es\/\",\"logo\":{\"@type\":\"ImageObject\",\"inLanguage\":\"fr-FR\",\"@id\":\"https:\/\/enext.es\/#\/schema\/logo\/image\/\",\"url\":\"https:\/\/enext.es\/wp-content\/uploads\/2018\/10\/Enex-we-know-how-logo-retina.png\",\"contentUrl\":\"https:\/\/enext.es\/wp-content\/uploads\/2018\/10\/Enex-we-know-how-logo-retina.png\",\"width\":410,\"height\":117,\"caption\":\"Enext\"},\"image\":{\"@id\":\"https:\/\/enext.es\/#\/schema\/logo\/image\/\"},\"sameAs\":[\"https:\/\/www.linkedin.com\/company\/enext\"]}]}<\/script>\n<!-- \/ Yoast SEO plugin. -->","yoast_head_json":{"title":"Accueil | Enext","robots":{"index":"index","follow":"follow","max-snippet":"max-snippet:-1","max-image-preview":"max-image-preview:large","max-video-preview":"max-video-preview:-1"},"canonical":"https:\/\/enext.es\/fr\/","og_locale":"fr_FR","og_type":"article","og_title":"Accueil | Enext","og_description":"[vc_row full_width=\u00a0\u00bbstretch_row_content\u00a0\u00bb content_placement=\u00a0\u00bbmiddle\u00a0\u00bb][vc_column width=\u00a0\u00bb1\/2&Prime;][tm_spacer size=\u00a0\u00bblg:90&Prime;][tm_image align=\u00a0\u00bbright\u00a0\u00bb xs_align=\u00a0\u00bbcenter\u00a0\u00bb image=\u00a0\u00bb2313&Prime;][tm_spacer size=\u00a0\u00bblg:20&Prime;][\/vc_column][vc_column width=\u00a0\u00bb1\/2&Prime;][vc_row_inner lg_spacing=\u00a0\u00bbpadding_left:100&Prime; md_spacing=\u00a0\u00bbpadding_left:80&Prime; sm_spacing=\u00a0\u00bbpadding_left:15&Prime; max_width=\u00a0\u00bb600px\u00a0\u00bb][vc_column_inner][tm_spacer size=\u00a0\u00bblg:90&Prime;][tm_heading custom_google_font=\u00a0\u00bb\u00a0\u00bb text_transform=\u00a0\u00bbuppercase\u00a0\u00bb text_color=\u00a0\u00bbcustom\u00a0\u00bb custom_text_color=\u00a0\u00bb#7a8a9e\u00a0\u00bb text=\u00a0\u00bbNous\u00a0\u00bb font_size=\u00a0\u00bblg:14&Prime; letter_spacing=\u00a0\u00bb3px\u00a0\u00bb][tm_spacer size=\u00a0\u00bblg:20&Prime;][tm_heading custom_google_font=\u00a0\u00bb\u00a0\u00bb text=\u00a0\u00bbProfessionnels en dessin et construction d&rsquo;installations pour l&rsquo;industrie pharmaceutique\u00a0\u00bb font_size=\u00a0\u00bblg:36&Prime;][tm_spacer size=\u00a0\u00bblg:40&Prime;][tm_heading tag=\u00a0\u00bbdiv\u00a0\u00bb custom_google_font=\u00a0\u00bb\u00a0\u00bb text=\u00a0\u00bbDepuis sa cr\u00e9ation en 2009 \u00e0 Barcelone, et gr\u00e2ce \u00e0 une \u00e9quipe avec une grande exp\u00e9rience dans le secteur pharmaceutique et biotechnologique, Enext a men\u00e9 \u00e0 bout plus de 60 projets \u00ab\u00a0cl\u00e9s en mains\u00ab\u00a0 et plusieurs usines compl\u00e8tes de nouvelle construction.\u00a0\u00bb font_size=\u00a0\u00bblg:16&Prime;][tm_spacer size=\u00a0\u00bblg:45&Prime;][tm_button style=\u00a0\u00bbborder-text\u00a0\u00bb button=\u00a0\u00bburl:https%3A%2F%2Fenext.es%2Ffr%2Fnous%2F|title:Plus%20d&rsquo;information%20sur%20nous||\u00a0\u00bb][tm_spacer size=\u00a0\u00bblg:90&Prime;][\/vc_column_inner][\/vc_row_inner][\/vc_column][\/vc_row][vc_row full_width=\u00a0\u00bbstretch_row\u00a0\u00bb background_color=\u00a0\u00bbprimary\u00a0\u00bb lg_spacing=\u00a0\u00bbpadding_top:30;padding_bottom:30&Prime;][vc_column][vc_column_text] N&rsquo;h\u00e9sitez pas \u00e0 nous contacter au t\u00e9l\u00e9phone +34 931 595 971 ou par e-mail clients@enext.es [\/vc_column_text][\/vc_column][\/vc_row][vc_row full_width=\u00a0\u00bbstretch_row\u00a0\u00bb lg_spacing=\u00a0\u00bbpadding_top:110;padding_bottom:70&Prime;][vc_column][tm_heading custom_google_font=\u00a0\u00bb\u00a0\u00bb text_transform=\u00a0\u00bbuppercase\u00a0\u00bb align=\u00a0\u00bbcenter\u00a0\u00bb text_color=\u00a0\u00bbcustom\u00a0\u00bb custom_text_color=\u00a0\u00bb#7a8a9e\u00a0\u00bb text=\u00a0\u00bbValeurs\u00a0\u00bb font_size=\u00a0\u00bblg:14&Prime; letter_spacing=\u00a0\u00bb3px\u00a0\u00bb][tm_spacer size=\u00a0\u00bblg:20&Prime;][tm_heading custom_google_font=\u00a0\u00bb\u00a0\u00bb align=\u00a0\u00bbcenter\u00a0\u00bb text=\u00a0\u00bbPourquoi nous sommes diff\u00e9rents?\u00a0\u00bb font_size=\u00a0\u00bblg:36&Prime;][tm_spacer size=\u00a0\u00bblg:27&Prime;][tm_heading tag=\u00a0\u00bbdiv\u00a0\u00bb custom_google_font=\u00a0\u00bb\u00a0\u00bb align=\u00a0\u00bbcenter\u00a0\u00bb text=\u00a0\u00bbChez Enext on travaille de mani\u00e8re efficace et rigoureuse, nous sommes flexibles et consacr\u00e9s \u00e0 nos clients.\u00a0\u00bb font_size=\u00a0\u00bblg:18&Prime; max_width=\u00a0\u00bb770px\u00a0\u00bb][\/vc_column][\/vc_row][vc_row full_width=\u00a0\u00bbstretch_row\u00a0\u00bb background_size=\u00a0\u00bbauto\u00a0\u00bb background_image=\u00a0\u00bb2729&Prime; background_position=\u00a0\u00bbcenter top\u00a0\u00bb lg_spacing=\u00a0\u00bbpadding_bottom:120&Prime;][vc_column][tm_gradation list_style=\u00a0\u00bbwith_image\u00a0\u00bb items=\u00a0\u00bb%5B%7B%22image%22%3A%222613%22%2C%22title%22%3A%22Qualit%C3%A9%22%2C%22text%22%3A%22Nous%20r%C3%A9alisons%20les%20projets%20avec%20un%20haut%20niveau%20de%20qualit%C3%A9%20en%20respectant%20toujours%20les%20d%C3%A9lais%20et%20les%20budgets%20%C3%A9tablis%2C%20en%20nous%20adaptant%20aux%20besoins%20r%C3%A9els%20de%20notre%20client.%22%7D%2C%7B%22image%22%3A%222718%22%2C%22title%22%3A%22Fiabilit%C3%A9%22%2C%22text%22%3A%22Notre%20exp%C3%A9rience%20permet%20%C3%A0%20nos%20clients%20d&rsquo;%C3%A9viter%20les%20retards%20et%20de%20r%C3%A9duire%20les%20risques.%22%7D%2C%7B%22image%22%3A%222359%22%2C%22title%22%3A%22Flexibilit%C3%A9%22%2C%22text%22%3A%22La%20taille%20de%20notre%20entreprise%20et%20notre%20fa%C3%A7on%20de%20travailler%20nous%20donne%20une%20plus%20grande%20capacit%C3%A9%20d&rsquo;adaptation%20aux%20besoins%20de%20nos%20clients%20face%20%C3%A0%20la%20concurrence.%22%7D%2C%7B%22image%22%3A%222361%22%2C%22title%22%3A%22Engagement%22%2C%22text%22%3A%22Nous%20respectons%20les%20d%C3%A9lais%20et%20les%20budgets%20convenus%2C%20en%20menant%20%C3%A0%20terme%20les%20projets%20avec%20la%20qualit%C3%A9%20requise.%22%7D%5D\u00a0\u00bb][\/vc_column][\/vc_row]","og_url":"https:\/\/enext.es\/fr\/","og_site_name":"Enext","article_modified_time":"2019-12-10T16:29:05+00:00","twitter_card":"summary_large_image","twitter_misc":{"Dur\u00e9e de lecture estim\u00e9e":"3 minutes"},"schema":{"@context":"https:\/\/schema.org","@graph":[{"@type":"WebPage","@id":"https:\/\/enext.es\/fr\/","url":"https:\/\/enext.es\/fr\/","name":"Accueil | Enext","isPartOf":{"@id":"https:\/\/enext.es\/#website"},"datePublished":"2019-12-05T14:48:31+00:00","dateModified":"2019-12-10T16:29:05+00:00","breadcrumb":{"@id":"https:\/\/enext.es\/fr\/#breadcrumb"},"inLanguage":"fr-FR","potentialAction":[{"@type":"ReadAction","target":["https:\/\/enext.es\/fr\/"]}]},{"@type":"BreadcrumbList","@id":"https:\/\/enext.es\/fr\/#breadcrumb","itemListElement":[{"@type":"ListItem","position":1,"name":"Portada","item":"https:\/\/enext.es\/fr\/"},{"@type":"ListItem","position":2,"name":"Accueil"}]},{"@type":"WebSite","@id":"https:\/\/enext.es\/#website","url":"https:\/\/enext.es\/","name":"Enext","description":"Design and construction for the pharmaceutical industry","publisher":{"@id":"https:\/\/enext.es\/#organization"},"potentialAction":[{"@type":"SearchAction","target":{"@type":"EntryPoint","urlTemplate":"https:\/\/enext.es\/?s={search_term_string}"},"query-input":{"@type":"PropertyValueSpecification","valueRequired":true,"valueName":"search_term_string"}}],"inLanguage":"fr-FR"},{"@type":"Organization","@id":"https:\/\/enext.es\/#organization","name":"Enext","url":"https:\/\/enext.es\/","logo":{"@type":"ImageObject","inLanguage":"fr-FR","@id":"https:\/\/enext.es\/#\/schema\/logo\/image\/","url":"https:\/\/enext.es\/wp-content\/uploads\/2018\/10\/Enex-we-know-how-logo-retina.png","contentUrl":"https:\/\/enext.es\/wp-content\/uploads\/2018\/10\/Enex-we-know-how-logo-retina.png","width":410,"height":117,"caption":"Enext"},"image":{"@id":"https:\/\/enext.es\/#\/schema\/logo\/image\/"},"sameAs":["https:\/\/www.linkedin.com\/company\/enext"]}]}},"_links":{"self":[{"href":"https:\/\/enext.es\/fr\/wp-json\/wp\/v2\/pages\/3506"}],"collection":[{"href":"https:\/\/enext.es\/fr\/wp-json\/wp\/v2\/pages"}],"about":[{"href":"https:\/\/enext.es\/fr\/wp-json\/wp\/v2\/types\/page"}],"author":[{"embeddable":true,"href":"https:\/\/enext.es\/fr\/wp-json\/wp\/v2\/users\/2"}],"replies":[{"embeddable":true,"href":"https:\/\/enext.es\/fr\/wp-json\/wp\/v2\/comments?post=3506"}],"version-history":[{"count":4,"href":"https:\/\/enext.es\/fr\/wp-json\/wp\/v2\/pages\/3506\/revisions"}],"predecessor-version":[{"id":3569,"href":"https:\/\/enext.es\/fr\/wp-json\/wp\/v2\/pages\/3506\/revisions\/3569"}],"wp:attachment":[{"href":"https:\/\/enext.es\/fr\/wp-json\/wp\/v2\/media?parent=3506"}],"curies":[{"name":"wp","href":"https:\/\/api.w.org\/{rel}","templated":true}]}}