{"id":3515,"date":"2019-12-05T15:51:44","date_gmt":"2019-12-05T14:51:44","guid":{"rendered":"https:\/\/enext.es\/?page_id=3515"},"modified":"2024-06-06T14:27:15","modified_gmt":"2024-06-06T12:27:15","slug":"nouvelles","status":"publish","type":"page","link":"https:\/\/enext.es\/fr\/nouvelles\/","title":{"rendered":"Nouvelles"},"content":{"rendered":"<div class=\"wpb-content-wrapper\"><p>[vc_row full_width=\u00a0\u00bbstretch_row\u00a0\u00bb background_color=\u00a0\u00bbcustom\u00a0\u00bb lg_spacing=\u00a0\u00bbmargin_top:-100;padding_top:100;padding_bottom:100&Prime; custom_background_color=\u00a0\u00bb#f7f7f7&Prime;][vc_column][vc_row_inner][vc_column_inner width=\u00a0\u00bb1\/4&Prime;][tm_box_icon style=\u00a0\u00bb2&Prime; icon_type=\u00a0\u00bbfontawesome5&Prime; icon_fontawesome5=\u00a0\u00bbfar fa-comments\u00a0\u00bb items=\u00a0\u00bb%5B%7B%7D%5D\u00a0\u00bb][\/vc_column_inner][vc_column_inner width=\u00a0\u00bb3\/4&Prime;][vc_column_text]<\/p>\n<h5>Du 10 au 14 juin 2024, vous pouvez nous retrouver \u00e0 Francfort-sur-le-Main, en Allemagne, au salon Achema. Nous serons ravis de vous accueillir au hall 3.1, stand B20 !<\/h5>\n<h5>Les 25 et 26 septembre 2024, nous serons \u00e0 Madrid au salon Farmaforum. Au plaisir de vous rencontrer \u00e0 IFEMA, Pavillon 9, stand F48.<br \/>\nSi vous souhaitez y assister et avez besoin d&rsquo;une invitation, veuillez envoyer un e-mail \u00e0 clients@enext.es<\/h5>\n<p>[\/vc_column_text][tm_spacer size=\u00a0\u00bblg:10&Prime;][vc_column_text]<\/p>\n<p style=\"font-weight: 400;\">Si vous souhaitez y assister et avez besoin d&rsquo;une invitation, n\u2019h\u00e9sitez pas \u00e0 nous \u00e9crire \u00e0\u00a0<a href=\"mailto:clients@enext.es\">clients@enext.es<\/a>\u00a0\u00a0et nous vous l&rsquo;enverrons.<\/p>\n<p style=\"font-weight: 400;\">\u00c0 tr\u00e8s bient\u00f4t !<\/p>\n<p>[\/vc_column_text][tm_spacer size=\u00a0\u00bblg:10&Prime;][\/vc_column_inner][\/vc_row_inner][tm_blog style=\u00a0\u00bbgrid_classic_03&Prime; gutter=\u00a0\u00bb30&Prime; row_gutter=\u00a0\u00bb30&Prime; number=\u00a0\u00bb9&Prime; pagination=\u00a0\u00bbpagination\u00a0\u00bb pagination_align=\u00a0\u00bbcenter\u00a0\u00bb columns=\u00a0\u00bbxs:1;sm:2;lg:2&Prime; taxonomies=\u00a0\u00bbpost_tag:2024&Prime;][tm_spacer size=\u00a0\u00bblg:30&Prime;][vc_separator color=\u00a0\u00bbcustom\u00a0\u00bb border_width=\u00a0\u00bb2&Prime; accent_color=\u00a0\u00bb#298777&Prime;][tm_spacer size=\u00a0\u00bblg:30&Prime;][tm_blog style=\u00a0\u00bbgrid_classic_03&Prime; gutter=\u00a0\u00bb30&Prime; row_gutter=\u00a0\u00bb30&Prime; number=\u00a0\u00bb9&Prime; pagination=\u00a0\u00bbpagination\u00a0\u00bb pagination_align=\u00a0\u00bbcenter\u00a0\u00bb columns=\u00a0\u00bbxs:1;sm:2;lg:3&Prime; taxonomies=\u00a0\u00bbpost_tag:2017-fr, post_tag:2018-fr, post_tag:2019-fr, post_tag:2021-fr, post_tag:2022-2, post_tag:2023, post_tag:2024&Prime;][tm_spacer size=\u00a0\u00bblg:30&Prime;][\/vc_column][\/vc_row]<\/p>\n<\/div>","protected":false},"excerpt":{"rendered":"<p>[vc_row full_width=\u00a0\u00bbstretch_row\u00a0\u00bb background_color=\u00a0\u00bbcustom\u00a0\u00bb lg_spacing=\u00a0\u00bbmargin_top:-100;padding_top:100;padding_bottom:100&Prime; custom_background_color=\u00a0\u00bb#f7f7f7&Prime;][vc_column][vc_row_inner][vc_column_inner width=\u00a0\u00bb1\/4&Prime;][tm_box_icon style=\u00a0\u00bb2&Prime; icon_type=\u00a0\u00bbfontawesome5&Prime; icon_fontawesome5=\u00a0\u00bbfar fa-comments\u00a0\u00bb items=\u00a0\u00bb%5B%7B%7D%5D\u00a0\u00bb][\/vc_column_inner][vc_column_inner width=\u00a0\u00bb3\/4&Prime;][vc_column_text] Du 10 au 14 juin 2024, vous pouvez nous retrouver \u00e0 Francfort-sur-le-Main, en Allemagne, au salon Achema. Nous serons ravis de vous accueillir au hall 3.1, stand B20 ! Les 25 et 26 septembre 2024, nous serons \u00e0 Madrid au salon Farmaforum. Au plaisir de vous rencontrer \u00e0 IFEMA, Pavillon 9, stand F48. Si vous souhaitez y assister et avez besoin d&rsquo;une invitation, veuillez envoyer un e-mail \u00e0 clients@enext.es [\/vc_column_text][tm_spacer size=\u00a0\u00bblg:10&Prime;][vc_column_text] Si vous souhaitez y assister et avez besoin d&rsquo;une invitation, n\u2019h\u00e9sitez pas \u00e0 nous \u00e9crire \u00e0\u00a0clients@enext.es\u00a0\u00a0et nous vous l&rsquo;enverrons. \u00c0 tr\u00e8s bient\u00f4t ! [\/vc_column_text][tm_spacer size=\u00a0\u00bblg:10&Prime;][\/vc_column_inner][\/vc_row_inner][tm_blog style=\u00a0\u00bbgrid_classic_03&Prime; gutter=\u00a0\u00bb30&Prime; row_gutter=\u00a0\u00bb30&Prime; number=\u00a0\u00bb9&Prime; pagination=\u00a0\u00bbpagination\u00a0\u00bb pagination_align=\u00a0\u00bbcenter\u00a0\u00bb columns=\u00a0\u00bbxs:1;sm:2;lg:2&Prime; taxonomies=\u00a0\u00bbpost_tag:2024&Prime;][tm_spacer size=\u00a0\u00bblg:30&Prime;][vc_separator color=\u00a0\u00bbcustom\u00a0\u00bb border_width=\u00a0\u00bb2&Prime; accent_color=\u00a0\u00bb#298777&Prime;][tm_spacer size=\u00a0\u00bblg:30&Prime;][tm_blog style=\u00a0\u00bbgrid_classic_03&Prime; gutter=\u00a0\u00bb30&Prime; row_gutter=\u00a0\u00bb30&Prime; number=\u00a0\u00bb9&Prime; pagination=\u00a0\u00bbpagination\u00a0\u00bb pagination_align=\u00a0\u00bbcenter\u00a0\u00bb columns=\u00a0\u00bbxs:1;sm:2;lg:3&Prime; taxonomies=\u00a0\u00bbpost_tag:2017-fr, post_tag:2018-fr, post_tag:2019-fr, post_tag:2021-fr, post_tag:2022-2, post_tag:2023, post_tag:2024&Prime;][tm_spacer size=\u00a0\u00bblg:30&Prime;][\/vc_column][\/vc_row]<\/p>\n","protected":false},"author":2,"featured_media":0,"parent":0,"menu_order":0,"comment_status":"closed","ping_status":"closed","template":"","meta":{"footnotes":""},"class_list":["post-3515","page","type-page","status-publish","hentry"],"yoast_head":"<!-- This site is optimized with the Yoast SEO plugin v23.4 - https:\/\/yoast.com\/wordpress\/plugins\/seo\/ -->\n<title>Nouvelles | Enext<\/title>\n<meta name=\"robots\" content=\"index, follow, max-snippet:-1, max-image-preview:large, max-video-preview:-1\" \/>\n<link rel=\"canonical\" href=\"https:\/\/enext.es\/fr\/nouvelles\/\" \/>\n<meta property=\"og:locale\" content=\"fr_FR\" \/>\n<meta property=\"og:type\" content=\"article\" \/>\n<meta property=\"og:title\" content=\"Nouvelles | Enext\" \/>\n<meta property=\"og:description\" content=\"[vc_row full_width=\u00a0\u00bbstretch_row\u00a0\u00bb background_color=\u00a0\u00bbcustom\u00a0\u00bb lg_spacing=\u00a0\u00bbmargin_top:-100;padding_top:100;padding_bottom:100&Prime; custom_background_color=\u00a0\u00bb#f7f7f7&Prime;][vc_column][vc_row_inner][vc_column_inner width=\u00a0\u00bb1\/4&Prime;][tm_box_icon style=\u00a0\u00bb2&Prime; icon_type=\u00a0\u00bbfontawesome5&Prime; icon_fontawesome5=\u00a0\u00bbfar fa-comments\u00a0\u00bb items=\u00a0\u00bb%5B%7B%7D%5D\u00a0\u00bb][\/vc_column_inner][vc_column_inner width=\u00a0\u00bb3\/4&Prime;][vc_column_text] Du 10 au 14 juin 2024, vous pouvez nous retrouver \u00e0 Francfort-sur-le-Main, en Allemagne, au salon Achema. Nous serons ravis de vous accueillir au hall 3.1, stand B20 ! Les 25 et 26 septembre 2024, nous serons \u00e0 Madrid au salon Farmaforum. Au plaisir de vous rencontrer \u00e0 IFEMA, Pavillon 9, stand F48. Si vous souhaitez y assister et avez besoin d&rsquo;une invitation, veuillez envoyer un e-mail \u00e0 clients@enext.es [\/vc_column_text][tm_spacer size=\u00a0\u00bblg:10&Prime;][vc_column_text] Si vous souhaitez y assister et avez besoin d&rsquo;une invitation, n\u2019h\u00e9sitez pas \u00e0 nous \u00e9crire \u00e0\u00a0clients@enext.es\u00a0\u00a0et nous vous l&rsquo;enverrons. \u00c0 tr\u00e8s bient\u00f4t ! [\/vc_column_text][tm_spacer size=\u00a0\u00bblg:10&Prime;][\/vc_column_inner][\/vc_row_inner][tm_blog style=\u00a0\u00bbgrid_classic_03&Prime; gutter=\u00a0\u00bb30&Prime; row_gutter=\u00a0\u00bb30&Prime; number=\u00a0\u00bb9&Prime; pagination=\u00a0\u00bbpagination\u00a0\u00bb pagination_align=\u00a0\u00bbcenter\u00a0\u00bb columns=\u00a0\u00bbxs:1;sm:2;lg:2&Prime; taxonomies=\u00a0\u00bbpost_tag:2024&Prime;][tm_spacer size=\u00a0\u00bblg:30&Prime;][vc_separator color=\u00a0\u00bbcustom\u00a0\u00bb border_width=\u00a0\u00bb2&Prime; accent_color=\u00a0\u00bb#298777&Prime;][tm_spacer size=\u00a0\u00bblg:30&Prime;][tm_blog style=\u00a0\u00bbgrid_classic_03&Prime; gutter=\u00a0\u00bb30&Prime; row_gutter=\u00a0\u00bb30&Prime; number=\u00a0\u00bb9&Prime; pagination=\u00a0\u00bbpagination\u00a0\u00bb pagination_align=\u00a0\u00bbcenter\u00a0\u00bb columns=\u00a0\u00bbxs:1;sm:2;lg:3&Prime; taxonomies=\u00a0\u00bbpost_tag:2017-fr, post_tag:2018-fr, post_tag:2019-fr, post_tag:2021-fr, post_tag:2022-2, post_tag:2023, post_tag:2024&Prime;][tm_spacer size=\u00a0\u00bblg:30&Prime;][\/vc_column][\/vc_row]\" \/>\n<meta property=\"og:url\" content=\"https:\/\/enext.es\/fr\/nouvelles\/\" \/>\n<meta property=\"og:site_name\" content=\"Enext\" \/>\n<meta property=\"article:modified_time\" content=\"2024-06-06T12:27:15+00:00\" \/>\n<meta name=\"twitter:card\" content=\"summary_large_image\" \/>\n<meta name=\"twitter:label1\" content=\"Dur\u00e9e de lecture estim\u00e9e\" \/>\n\t<meta name=\"twitter:data1\" content=\"1 minute\" \/>\n<script type=\"application\/ld+json\" class=\"yoast-schema-graph\">{\"@context\":\"https:\/\/schema.org\",\"@graph\":[{\"@type\":\"WebPage\",\"@id\":\"https:\/\/enext.es\/fr\/nouvelles\/\",\"url\":\"https:\/\/enext.es\/fr\/nouvelles\/\",\"name\":\"Nouvelles | Enext\",\"isPartOf\":{\"@id\":\"https:\/\/enext.es\/#website\"},\"datePublished\":\"2019-12-05T14:51:44+00:00\",\"dateModified\":\"2024-06-06T12:27:15+00:00\",\"breadcrumb\":{\"@id\":\"https:\/\/enext.es\/fr\/nouvelles\/#breadcrumb\"},\"inLanguage\":\"fr-FR\",\"potentialAction\":[{\"@type\":\"ReadAction\",\"target\":[\"https:\/\/enext.es\/fr\/nouvelles\/\"]}]},{\"@type\":\"BreadcrumbList\",\"@id\":\"https:\/\/enext.es\/fr\/nouvelles\/#breadcrumb\",\"itemListElement\":[{\"@type\":\"ListItem\",\"position\":1,\"name\":\"Portada\",\"item\":\"https:\/\/enext.es\/fr\/\"},{\"@type\":\"ListItem\",\"position\":2,\"name\":\"Nouvelles\"}]},{\"@type\":\"WebSite\",\"@id\":\"https:\/\/enext.es\/#website\",\"url\":\"https:\/\/enext.es\/\",\"name\":\"Enext\",\"description\":\"Design and construction for the pharmaceutical industry\",\"publisher\":{\"@id\":\"https:\/\/enext.es\/#organization\"},\"potentialAction\":[{\"@type\":\"SearchAction\",\"target\":{\"@type\":\"EntryPoint\",\"urlTemplate\":\"https:\/\/enext.es\/?s={search_term_string}\"},\"query-input\":{\"@type\":\"PropertyValueSpecification\",\"valueRequired\":true,\"valueName\":\"search_term_string\"}}],\"inLanguage\":\"fr-FR\"},{\"@type\":\"Organization\",\"@id\":\"https:\/\/enext.es\/#organization\",\"name\":\"Enext\",\"url\":\"https:\/\/enext.es\/\",\"logo\":{\"@type\":\"ImageObject\",\"inLanguage\":\"fr-FR\",\"@id\":\"https:\/\/enext.es\/#\/schema\/logo\/image\/\",\"url\":\"https:\/\/enext.es\/wp-content\/uploads\/2018\/10\/Enex-we-know-how-logo-retina.png\",\"contentUrl\":\"https:\/\/enext.es\/wp-content\/uploads\/2018\/10\/Enex-we-know-how-logo-retina.png\",\"width\":410,\"height\":117,\"caption\":\"Enext\"},\"image\":{\"@id\":\"https:\/\/enext.es\/#\/schema\/logo\/image\/\"},\"sameAs\":[\"https:\/\/www.linkedin.com\/company\/enext\"]}]}<\/script>\n<!-- \/ Yoast SEO plugin. -->","yoast_head_json":{"title":"Nouvelles | Enext","robots":{"index":"index","follow":"follow","max-snippet":"max-snippet:-1","max-image-preview":"max-image-preview:large","max-video-preview":"max-video-preview:-1"},"canonical":"https:\/\/enext.es\/fr\/nouvelles\/","og_locale":"fr_FR","og_type":"article","og_title":"Nouvelles | Enext","og_description":"[vc_row full_width=\u00a0\u00bbstretch_row\u00a0\u00bb background_color=\u00a0\u00bbcustom\u00a0\u00bb lg_spacing=\u00a0\u00bbmargin_top:-100;padding_top:100;padding_bottom:100&Prime; custom_background_color=\u00a0\u00bb#f7f7f7&Prime;][vc_column][vc_row_inner][vc_column_inner width=\u00a0\u00bb1\/4&Prime;][tm_box_icon style=\u00a0\u00bb2&Prime; icon_type=\u00a0\u00bbfontawesome5&Prime; icon_fontawesome5=\u00a0\u00bbfar fa-comments\u00a0\u00bb items=\u00a0\u00bb%5B%7B%7D%5D\u00a0\u00bb][\/vc_column_inner][vc_column_inner width=\u00a0\u00bb3\/4&Prime;][vc_column_text] Du 10 au 14 juin 2024, vous pouvez nous retrouver \u00e0 Francfort-sur-le-Main, en Allemagne, au salon Achema. Nous serons ravis de vous accueillir au hall 3.1, stand B20 ! Les 25 et 26 septembre 2024, nous serons \u00e0 Madrid au salon Farmaforum. Au plaisir de vous rencontrer \u00e0 IFEMA, Pavillon 9, stand F48. Si vous souhaitez y assister et avez besoin d&rsquo;une invitation, veuillez envoyer un e-mail \u00e0 clients@enext.es [\/vc_column_text][tm_spacer size=\u00a0\u00bblg:10&Prime;][vc_column_text] Si vous souhaitez y assister et avez besoin d&rsquo;une invitation, n\u2019h\u00e9sitez pas \u00e0 nous \u00e9crire \u00e0\u00a0clients@enext.es\u00a0\u00a0et nous vous l&rsquo;enverrons. \u00c0 tr\u00e8s bient\u00f4t ! [\/vc_column_text][tm_spacer size=\u00a0\u00bblg:10&Prime;][\/vc_column_inner][\/vc_row_inner][tm_blog style=\u00a0\u00bbgrid_classic_03&Prime; gutter=\u00a0\u00bb30&Prime; row_gutter=\u00a0\u00bb30&Prime; number=\u00a0\u00bb9&Prime; pagination=\u00a0\u00bbpagination\u00a0\u00bb pagination_align=\u00a0\u00bbcenter\u00a0\u00bb columns=\u00a0\u00bbxs:1;sm:2;lg:2&Prime; taxonomies=\u00a0\u00bbpost_tag:2024&Prime;][tm_spacer size=\u00a0\u00bblg:30&Prime;][vc_separator color=\u00a0\u00bbcustom\u00a0\u00bb border_width=\u00a0\u00bb2&Prime; accent_color=\u00a0\u00bb#298777&Prime;][tm_spacer size=\u00a0\u00bblg:30&Prime;][tm_blog style=\u00a0\u00bbgrid_classic_03&Prime; gutter=\u00a0\u00bb30&Prime; row_gutter=\u00a0\u00bb30&Prime; number=\u00a0\u00bb9&Prime; pagination=\u00a0\u00bbpagination\u00a0\u00bb pagination_align=\u00a0\u00bbcenter\u00a0\u00bb columns=\u00a0\u00bbxs:1;sm:2;lg:3&Prime; taxonomies=\u00a0\u00bbpost_tag:2017-fr, post_tag:2018-fr, post_tag:2019-fr, post_tag:2021-fr, post_tag:2022-2, post_tag:2023, post_tag:2024&Prime;][tm_spacer size=\u00a0\u00bblg:30&Prime;][\/vc_column][\/vc_row]","og_url":"https:\/\/enext.es\/fr\/nouvelles\/","og_site_name":"Enext","article_modified_time":"2024-06-06T12:27:15+00:00","twitter_card":"summary_large_image","twitter_misc":{"Dur\u00e9e de lecture estim\u00e9e":"1 minute"},"schema":{"@context":"https:\/\/schema.org","@graph":[{"@type":"WebPage","@id":"https:\/\/enext.es\/fr\/nouvelles\/","url":"https:\/\/enext.es\/fr\/nouvelles\/","name":"Nouvelles | Enext","isPartOf":{"@id":"https:\/\/enext.es\/#website"},"datePublished":"2019-12-05T14:51:44+00:00","dateModified":"2024-06-06T12:27:15+00:00","breadcrumb":{"@id":"https:\/\/enext.es\/fr\/nouvelles\/#breadcrumb"},"inLanguage":"fr-FR","potentialAction":[{"@type":"ReadAction","target":["https:\/\/enext.es\/fr\/nouvelles\/"]}]},{"@type":"BreadcrumbList","@id":"https:\/\/enext.es\/fr\/nouvelles\/#breadcrumb","itemListElement":[{"@type":"ListItem","position":1,"name":"Portada","item":"https:\/\/enext.es\/fr\/"},{"@type":"ListItem","position":2,"name":"Nouvelles"}]},{"@type":"WebSite","@id":"https:\/\/enext.es\/#website","url":"https:\/\/enext.es\/","name":"Enext","description":"Design and construction for the pharmaceutical industry","publisher":{"@id":"https:\/\/enext.es\/#organization"},"potentialAction":[{"@type":"SearchAction","target":{"@type":"EntryPoint","urlTemplate":"https:\/\/enext.es\/?s={search_term_string}"},"query-input":{"@type":"PropertyValueSpecification","valueRequired":true,"valueName":"search_term_string"}}],"inLanguage":"fr-FR"},{"@type":"Organization","@id":"https:\/\/enext.es\/#organization","name":"Enext","url":"https:\/\/enext.es\/","logo":{"@type":"ImageObject","inLanguage":"fr-FR","@id":"https:\/\/enext.es\/#\/schema\/logo\/image\/","url":"https:\/\/enext.es\/wp-content\/uploads\/2018\/10\/Enex-we-know-how-logo-retina.png","contentUrl":"https:\/\/enext.es\/wp-content\/uploads\/2018\/10\/Enex-we-know-how-logo-retina.png","width":410,"height":117,"caption":"Enext"},"image":{"@id":"https:\/\/enext.es\/#\/schema\/logo\/image\/"},"sameAs":["https:\/\/www.linkedin.com\/company\/enext"]}]}},"_links":{"self":[{"href":"https:\/\/enext.es\/fr\/wp-json\/wp\/v2\/pages\/3515"}],"collection":[{"href":"https:\/\/enext.es\/fr\/wp-json\/wp\/v2\/pages"}],"about":[{"href":"https:\/\/enext.es\/fr\/wp-json\/wp\/v2\/types\/page"}],"author":[{"embeddable":true,"href":"https:\/\/enext.es\/fr\/wp-json\/wp\/v2\/users\/2"}],"replies":[{"embeddable":true,"href":"https:\/\/enext.es\/fr\/wp-json\/wp\/v2\/comments?post=3515"}],"version-history":[{"count":16,"href":"https:\/\/enext.es\/fr\/wp-json\/wp\/v2\/pages\/3515\/revisions"}],"predecessor-version":[{"id":3958,"href":"https:\/\/enext.es\/fr\/wp-json\/wp\/v2\/pages\/3515\/revisions\/3958"}],"wp:attachment":[{"href":"https:\/\/enext.es\/fr\/wp-json\/wp\/v2\/media?parent=3515"}],"curies":[{"name":"wp","href":"https:\/\/api.w.org\/{rel}","templated":true}]}}