{"id":3521,"date":"2019-12-05T15:55:09","date_gmt":"2019-12-05T14:55:09","guid":{"rendered":"https:\/\/enext.es\/?page_id=3521"},"modified":"2019-12-08T16:58:47","modified_gmt":"2019-12-08T15:58:47","slug":"services","status":"publish","type":"page","link":"https:\/\/enext.es\/fr\/services\/","title":{"rendered":"Services"},"content":{"rendered":"<div class=\"wpb-content-wrapper\"><p>[vc_row full_width=\u00a0\u00bbstretch_row\u00a0\u00bb lg_spacing=\u00a0\u00bbpadding_top:140&Prime;][vc_column][vc_row_inner gutter=\u00a0\u00bbxs:30;sm:50;md:80;lg:100&Prime;][vc_column_inner width=\u00a0\u00bb1\/2&Prime;][tm_heading custom_google_font=\u00a0\u00bb\u00a0\u00bb text=\u00a0\u00bbNotre exp\u00e9rience se focalise sur une grande vari\u00e9t\u00e9 de services pour  <mark>l&rsquo;industrie pharmaceutique et biotechnologique<\/mark>\u00a0\u00bb font_size=\u00a0\u00bblg:36&Prime; line_height=\u00a0\u00bb46px\u00a0\u00bb][tm_spacer size=\u00a0\u00bblg:30&Prime;][\/vc_column_inner][vc_column_inner width=\u00a0\u00bb1\/2&Prime;][tm_spacer size=\u00a0\u00bblg:30&Prime;][\/vc_column_inner][\/vc_row_inner][tm_spacer size=\u00a0\u00bblg:40&Prime;][tm_service gutter=\u00a0\u00bb30&Prime; row_gutter=\u00a0\u00bb30&Prime; image_size=\u00a0\u00bb370&#215;277&Prime; number=\u00a0\u00bb6&Prime; order=\u00a0\u00bbASC\u00a0\u00bb columns=\u00a0\u00bbxs:1;sm:2;lg:3&Prime;][tm_spacer size=\u00a0\u00bblg:110&Prime;][\/vc_column][\/vc_row]<\/p>\n<\/div>","protected":false},"excerpt":{"rendered":"<p>[vc_row full_width=\u00a0\u00bbstretch_row\u00a0\u00bb lg_spacing=\u00a0\u00bbpadding_top:140&Prime;][vc_column][vc_row_inner gutter=\u00a0\u00bbxs:30;sm:50;md:80;lg:100&Prime;][vc_column_inner width=\u00a0\u00bb1\/2&Prime;][tm_heading custom_google_font=\u00a0\u00bb\u00a0\u00bb text=\u00a0\u00bbNotre exp\u00e9rience se focalise sur une grande vari\u00e9t\u00e9 de services pour l&rsquo;industrie pharmaceutique et biotechnologique\u00a0\u00bb font_size=\u00a0\u00bblg:36&Prime; line_height=\u00a0\u00bb46px\u00a0\u00bb][tm_spacer size=\u00a0\u00bblg:30&Prime;][\/vc_column_inner][vc_column_inner width=\u00a0\u00bb1\/2&Prime;][tm_spacer size=\u00a0\u00bblg:30&Prime;][\/vc_column_inner][\/vc_row_inner][tm_spacer size=\u00a0\u00bblg:40&Prime;][tm_service gutter=\u00a0\u00bb30&Prime; row_gutter=\u00a0\u00bb30&Prime; image_size=\u00a0\u00bb370&#215;277&Prime; number=\u00a0\u00bb6&Prime; order=\u00a0\u00bbASC\u00a0\u00bb columns=\u00a0\u00bbxs:1;sm:2;lg:3&Prime;][tm_spacer size=\u00a0\u00bblg:110&Prime;][\/vc_column][\/vc_row]<\/p>\n","protected":false},"author":2,"featured_media":0,"parent":0,"menu_order":0,"comment_status":"closed","ping_status":"closed","template":"","meta":{"footnotes":""},"class_list":["post-3521","page","type-page","status-publish","hentry"],"yoast_head":"<!-- This site is optimized with the Yoast SEO plugin v23.4 - https:\/\/yoast.com\/wordpress\/plugins\/seo\/ -->\n<title>Services | Enext<\/title>\n<meta name=\"robots\" content=\"index, follow, max-snippet:-1, max-image-preview:large, max-video-preview:-1\" \/>\n<link rel=\"canonical\" href=\"https:\/\/enext.es\/fr\/services\/\" \/>\n<meta property=\"og:locale\" content=\"fr_FR\" \/>\n<meta property=\"og:type\" content=\"article\" \/>\n<meta property=\"og:title\" content=\"Services | Enext\" \/>\n<meta property=\"og:description\" content=\"[vc_row full_width=\u00a0\u00bbstretch_row\u00a0\u00bb lg_spacing=\u00a0\u00bbpadding_top:140&Prime;][vc_column][vc_row_inner gutter=\u00a0\u00bbxs:30;sm:50;md:80;lg:100&Prime;][vc_column_inner width=\u00a0\u00bb1\/2&Prime;][tm_heading custom_google_font=\u00a0\u00bb\u00a0\u00bb text=\u00a0\u00bbNotre exp\u00e9rience se focalise sur une grande vari\u00e9t\u00e9 de services pour l&rsquo;industrie pharmaceutique et biotechnologique\u00a0\u00bb font_size=\u00a0\u00bblg:36&Prime; line_height=\u00a0\u00bb46px\u00a0\u00bb][tm_spacer size=\u00a0\u00bblg:30&Prime;][\/vc_column_inner][vc_column_inner width=\u00a0\u00bb1\/2&Prime;][tm_spacer size=\u00a0\u00bblg:30&Prime;][\/vc_column_inner][\/vc_row_inner][tm_spacer size=\u00a0\u00bblg:40&Prime;][tm_service gutter=\u00a0\u00bb30&Prime; row_gutter=\u00a0\u00bb30&Prime; image_size=\u00a0\u00bb370&#215;277&Prime; number=\u00a0\u00bb6&Prime; order=\u00a0\u00bbASC\u00a0\u00bb columns=\u00a0\u00bbxs:1;sm:2;lg:3&Prime;][tm_spacer size=\u00a0\u00bblg:110&Prime;][\/vc_column][\/vc_row]\" \/>\n<meta property=\"og:url\" content=\"https:\/\/enext.es\/fr\/services\/\" \/>\n<meta property=\"og:site_name\" content=\"Enext\" \/>\n<meta property=\"article:modified_time\" content=\"2019-12-08T15:58:47+00:00\" \/>\n<meta name=\"twitter:card\" content=\"summary_large_image\" \/>\n<meta name=\"twitter:label1\" content=\"Dur\u00e9e de lecture estim\u00e9e\" \/>\n\t<meta name=\"twitter:data1\" content=\"1 minute\" \/>\n<script type=\"application\/ld+json\" class=\"yoast-schema-graph\">{\"@context\":\"https:\/\/schema.org\",\"@graph\":[{\"@type\":\"WebPage\",\"@id\":\"https:\/\/enext.es\/fr\/services\/\",\"url\":\"https:\/\/enext.es\/fr\/services\/\",\"name\":\"Services | Enext\",\"isPartOf\":{\"@id\":\"https:\/\/enext.es\/#website\"},\"datePublished\":\"2019-12-05T14:55:09+00:00\",\"dateModified\":\"2019-12-08T15:58:47+00:00\",\"breadcrumb\":{\"@id\":\"https:\/\/enext.es\/fr\/services\/#breadcrumb\"},\"inLanguage\":\"fr-FR\",\"potentialAction\":[{\"@type\":\"ReadAction\",\"target\":[\"https:\/\/enext.es\/fr\/services\/\"]}]},{\"@type\":\"BreadcrumbList\",\"@id\":\"https:\/\/enext.es\/fr\/services\/#breadcrumb\",\"itemListElement\":[{\"@type\":\"ListItem\",\"position\":1,\"name\":\"Portada\",\"item\":\"https:\/\/enext.es\/fr\/\"},{\"@type\":\"ListItem\",\"position\":2,\"name\":\"Services\"}]},{\"@type\":\"WebSite\",\"@id\":\"https:\/\/enext.es\/#website\",\"url\":\"https:\/\/enext.es\/\",\"name\":\"Enext\",\"description\":\"Design and construction for the pharmaceutical industry\",\"publisher\":{\"@id\":\"https:\/\/enext.es\/#organization\"},\"potentialAction\":[{\"@type\":\"SearchAction\",\"target\":{\"@type\":\"EntryPoint\",\"urlTemplate\":\"https:\/\/enext.es\/?s={search_term_string}\"},\"query-input\":{\"@type\":\"PropertyValueSpecification\",\"valueRequired\":true,\"valueName\":\"search_term_string\"}}],\"inLanguage\":\"fr-FR\"},{\"@type\":\"Organization\",\"@id\":\"https:\/\/enext.es\/#organization\",\"name\":\"Enext\",\"url\":\"https:\/\/enext.es\/\",\"logo\":{\"@type\":\"ImageObject\",\"inLanguage\":\"fr-FR\",\"@id\":\"https:\/\/enext.es\/#\/schema\/logo\/image\/\",\"url\":\"https:\/\/enext.es\/wp-content\/uploads\/2018\/10\/Enex-we-know-how-logo-retina.png\",\"contentUrl\":\"https:\/\/enext.es\/wp-content\/uploads\/2018\/10\/Enex-we-know-how-logo-retina.png\",\"width\":410,\"height\":117,\"caption\":\"Enext\"},\"image\":{\"@id\":\"https:\/\/enext.es\/#\/schema\/logo\/image\/\"},\"sameAs\":[\"https:\/\/www.linkedin.com\/company\/enext\"]}]}<\/script>\n<!-- \/ Yoast SEO plugin. -->","yoast_head_json":{"title":"Services | Enext","robots":{"index":"index","follow":"follow","max-snippet":"max-snippet:-1","max-image-preview":"max-image-preview:large","max-video-preview":"max-video-preview:-1"},"canonical":"https:\/\/enext.es\/fr\/services\/","og_locale":"fr_FR","og_type":"article","og_title":"Services | Enext","og_description":"[vc_row full_width=\u00a0\u00bbstretch_row\u00a0\u00bb lg_spacing=\u00a0\u00bbpadding_top:140&Prime;][vc_column][vc_row_inner gutter=\u00a0\u00bbxs:30;sm:50;md:80;lg:100&Prime;][vc_column_inner width=\u00a0\u00bb1\/2&Prime;][tm_heading custom_google_font=\u00a0\u00bb\u00a0\u00bb text=\u00a0\u00bbNotre exp\u00e9rience se focalise sur une grande vari\u00e9t\u00e9 de services pour l&rsquo;industrie pharmaceutique et biotechnologique\u00a0\u00bb font_size=\u00a0\u00bblg:36&Prime; line_height=\u00a0\u00bb46px\u00a0\u00bb][tm_spacer size=\u00a0\u00bblg:30&Prime;][\/vc_column_inner][vc_column_inner width=\u00a0\u00bb1\/2&Prime;][tm_spacer size=\u00a0\u00bblg:30&Prime;][\/vc_column_inner][\/vc_row_inner][tm_spacer size=\u00a0\u00bblg:40&Prime;][tm_service gutter=\u00a0\u00bb30&Prime; row_gutter=\u00a0\u00bb30&Prime; image_size=\u00a0\u00bb370&#215;277&Prime; number=\u00a0\u00bb6&Prime; order=\u00a0\u00bbASC\u00a0\u00bb columns=\u00a0\u00bbxs:1;sm:2;lg:3&Prime;][tm_spacer size=\u00a0\u00bblg:110&Prime;][\/vc_column][\/vc_row]","og_url":"https:\/\/enext.es\/fr\/services\/","og_site_name":"Enext","article_modified_time":"2019-12-08T15:58:47+00:00","twitter_card":"summary_large_image","twitter_misc":{"Dur\u00e9e de lecture estim\u00e9e":"1 minute"},"schema":{"@context":"https:\/\/schema.org","@graph":[{"@type":"WebPage","@id":"https:\/\/enext.es\/fr\/services\/","url":"https:\/\/enext.es\/fr\/services\/","name":"Services | Enext","isPartOf":{"@id":"https:\/\/enext.es\/#website"},"datePublished":"2019-12-05T14:55:09+00:00","dateModified":"2019-12-08T15:58:47+00:00","breadcrumb":{"@id":"https:\/\/enext.es\/fr\/services\/#breadcrumb"},"inLanguage":"fr-FR","potentialAction":[{"@type":"ReadAction","target":["https:\/\/enext.es\/fr\/services\/"]}]},{"@type":"BreadcrumbList","@id":"https:\/\/enext.es\/fr\/services\/#breadcrumb","itemListElement":[{"@type":"ListItem","position":1,"name":"Portada","item":"https:\/\/enext.es\/fr\/"},{"@type":"ListItem","position":2,"name":"Services"}]},{"@type":"WebSite","@id":"https:\/\/enext.es\/#website","url":"https:\/\/enext.es\/","name":"Enext","description":"Design and construction for the pharmaceutical industry","publisher":{"@id":"https:\/\/enext.es\/#organization"},"potentialAction":[{"@type":"SearchAction","target":{"@type":"EntryPoint","urlTemplate":"https:\/\/enext.es\/?s={search_term_string}"},"query-input":{"@type":"PropertyValueSpecification","valueRequired":true,"valueName":"search_term_string"}}],"inLanguage":"fr-FR"},{"@type":"Organization","@id":"https:\/\/enext.es\/#organization","name":"Enext","url":"https:\/\/enext.es\/","logo":{"@type":"ImageObject","inLanguage":"fr-FR","@id":"https:\/\/enext.es\/#\/schema\/logo\/image\/","url":"https:\/\/enext.es\/wp-content\/uploads\/2018\/10\/Enex-we-know-how-logo-retina.png","contentUrl":"https:\/\/enext.es\/wp-content\/uploads\/2018\/10\/Enex-we-know-how-logo-retina.png","width":410,"height":117,"caption":"Enext"},"image":{"@id":"https:\/\/enext.es\/#\/schema\/logo\/image\/"},"sameAs":["https:\/\/www.linkedin.com\/company\/enext"]}]}},"_links":{"self":[{"href":"https:\/\/enext.es\/fr\/wp-json\/wp\/v2\/pages\/3521"}],"collection":[{"href":"https:\/\/enext.es\/fr\/wp-json\/wp\/v2\/pages"}],"about":[{"href":"https:\/\/enext.es\/fr\/wp-json\/wp\/v2\/types\/page"}],"author":[{"embeddable":true,"href":"https:\/\/enext.es\/fr\/wp-json\/wp\/v2\/users\/2"}],"replies":[{"embeddable":true,"href":"https:\/\/enext.es\/fr\/wp-json\/wp\/v2\/comments?post=3521"}],"version-history":[{"count":2,"href":"https:\/\/enext.es\/fr\/wp-json\/wp\/v2\/pages\/3521\/revisions"}],"predecessor-version":[{"id":3523,"href":"https:\/\/enext.es\/fr\/wp-json\/wp\/v2\/pages\/3521\/revisions\/3523"}],"wp:attachment":[{"href":"https:\/\/enext.es\/fr\/wp-json\/wp\/v2\/media?parent=3521"}],"curies":[{"name":"wp","href":"https:\/\/api.w.org\/{rel}","templated":true}]}}